{"id":1695,"date":"2014-03-06T15:38:04","date_gmt":"2014-03-06T13:38:04","guid":{"rendered":"http:\/\/www.cemyri.es\/?page_id=1695"},"modified":"2023-07-25T18:22:17","modified_gmt":"2023-07-25T18:22:17","slug":"andres-sanchez-picon","status":"publish","type":"page","link":"https:\/\/cemyri.es\/es\/investigadores-adscritos-titulares\/andres-sanchez-picon\/","title":{"rendered":"Andr\u00e9s S\u00e1nchez Pic\u00f3n"},"content":{"rendered":"<p><strong>Departamento:<\/strong>\u00a0Econom\u00eda y Empresa<\/p>\n<p><strong>\u00c1rea:<\/strong>\u00a0\u00a0Historia e Instituciones Econ\u00f3micas<\/p>\n<p><strong>Universidad:<\/strong>\u00a0Almer\u00eda<\/p>\n<p><strong>L\u00edneas de Investigaci\u00f3n:<\/strong>\u00a0Econom\u00eda Aplicada<\/p>\n<p><strong>Grupo de Investigaci\u00f3n:<\/strong>\u00a0<a href=\"http:\/\/cvirtual.ual.es\/webual\/jsp\/investigacion\/nuevo\/pInicio.jsp?id_grupo=SEJ529\">SEJ-529<\/a><\/p>\n<p><strong>Status:<\/strong>\u00a0Doctor Colaborador<\/p>\n<p><strong>Correo Electr\u00f3nico:<\/strong>\u00a0aspicon@ual.es<\/p>\n<p><strong>Direcci\u00f3n de contacto:<\/strong>\u00a0Edificio Departamental de Ciencias Econ\u00f3micas y Empresariales (Edif. B),\u00a0Planta\u00a01, Despacho\u00a0271<\/p>\n<p><a href=\"http:\/\/issuu.com\/cemyri\/docs\/cv_andres_sanchez_picon\">Curr\u00edlculum<\/a><\/p>\n","protected":false},"excerpt":{"rendered":"<p>Departamento:\u00a0Econom\u00eda y Empresa \u00c1rea:\u00a0\u00a0Historia e Instituciones Econ\u00f3micas Universidad:\u00a0Almer\u00eda L\u00edneas de Investigaci\u00f3n:\u00a0Econom\u00eda Aplicada Grupo de Investigaci\u00f3n:\u00a0SEJ-529 Status:\u00a0Doctor Colaborador Correo Electr\u00f3nico:\u00a0aspicon@ual.es Direcci\u00f3n de contacto:\u00a0Edificio Departamental de Ciencias Econ\u00f3micas y Empresariales (Edif. B),\u00a0Planta\u00a01, Despacho\u00a0271 Curr\u00edlculum<\/p>\n","protected":false},"author":2,"featured_media":25385,"parent":33,"menu_order":0,"comment_status":"closed","ping_status":"closed","template":"","meta":{"footnotes":""},"class_list":["post-1695","page","type-page","status-publish","has-post-thumbnail","hentry"],"_links":{"self":[{"href":"https:\/\/cemyri.es\/es\/wp-json\/wp\/v2\/pages\/1695","targetHints":{"allow":["GET"]}}],"collection":[{"href":"https:\/\/cemyri.es\/es\/wp-json\/wp\/v2\/pages"}],"about":[{"href":"https:\/\/cemyri.es\/es\/wp-json\/wp\/v2\/types\/page"}],"author":[{"embeddable":true,"href":"https:\/\/cemyri.es\/es\/wp-json\/wp\/v2\/users\/2"}],"replies":[{"embeddable":true,"href":"https:\/\/cemyri.es\/es\/wp-json\/wp\/v2\/comments?post=1695"}],"version-history":[{"count":4,"href":"https:\/\/cemyri.es\/es\/wp-json\/wp\/v2\/pages\/1695\/revisions"}],"predecessor-version":[{"id":27802,"href":"https:\/\/cemyri.es\/es\/wp-json\/wp\/v2\/pages\/1695\/revisions\/27802"}],"up":[{"embeddable":true,"href":"https:\/\/cemyri.es\/es\/wp-json\/wp\/v2\/pages\/33"}],"wp:featuredmedia":[{"embeddable":true,"href":"https:\/\/cemyri.es\/es\/wp-json\/wp\/v2\/media\/25385"}],"wp:attachment":[{"href":"https:\/\/cemyri.es\/es\/wp-json\/wp\/v2\/media?parent=1695"}],"curies":[{"name":"wp","href":"https:\/\/api.w.org\/{rel}","templated":true}]}}