{"id":1702,"date":"2014-03-14T10:08:48","date_gmt":"2014-03-14T08:08:48","guid":{"rendered":"http:\/\/www.cemyri.es\/?page_id=1702"},"modified":"2023-07-25T18:10:56","modified_gmt":"2023-07-25T18:10:56","slug":"1702-2","status":"publish","type":"page","link":"https:\/\/cemyri.es\/es\/colaboradores\/1702-2\/","title":{"rendered":"Inmaculada del Pino \u00c1lvarez"},"content":{"rendered":"<p><strong>Grado:<\/strong>\u00a0Filolog\u00eda Inglesa (Universidad de Almer\u00eda).<\/p>\n<p><strong>M\u00e1ster:<\/strong>\u00a0Estudios Migratorios, Desarrollo e Intervenci\u00f3n Social (Universidad de Almer\u00eda) y M\u00e1ster en Cooperaci\u00f3n Internacional y Desarrollo (Postgraduate School of Economics and International Relations -ASERI- Milano).<\/p>\n<p><strong>L\u00edneas de Investigaci\u00f3n:<\/strong>\u00a0Desarrollo Rural, Cooperaci\u00f3n Internacional y Seguridad Alimentaria.<\/p>\n<p><strong>Grupo de Investigaci\u00f3n:<\/strong>\u00a0<a href=\"http:\/\/www.cemyri.es\/\">CEMyRI<\/a><a href=\"http:\/\/www.lasc.es\/\" target=\"_blank\" rel=\"noopener\"><br \/>\n<\/a><\/p>\n<p><strong>Status:<\/strong>\u00a0Personal colaborador<\/p>\n<p><strong>\u00a0Correo Electr\u00f3nico:<\/strong>\u00a0inmaculatepino@gmail.com<a href=\"mailto: eacien@ual.es\"><br \/>\n<\/a><\/p>\n<p><strong>Tel\u00e9fono:<\/strong>\u00a0665 634 632<\/p>\n<p><strong>Direcci\u00f3n de contacto:<\/strong>\u00a0CEMyRI, Edificio de Servicios T\u00e9cnicos, Seg. Planta, Desp. 02.12.0, Universidad de Almer\u00eda<\/p>\n<p><a href=\"http:\/\/issuu.com\/cemyri\/docs\/cv_inmaculada_del_pino\">Curr\u00edculum<\/a><\/p>\n","protected":false},"excerpt":{"rendered":"<p>Grado:\u00a0Filolog\u00eda Inglesa (Universidad de Almer\u00eda). M\u00e1ster:\u00a0Estudios Migratorios, Desarrollo e Intervenci\u00f3n Social (Universidad de Almer\u00eda) y M\u00e1ster en Cooperaci\u00f3n Internacional y Desarrollo (Postgraduate School of Economics and International Relations -ASERI- Milano). L\u00edneas de Investigaci\u00f3n:\u00a0Desarrollo Rural, Cooperaci\u00f3n Internacional y Seguridad Alimentaria. Grupo de Investigaci\u00f3n:\u00a0CEMyRI Status:\u00a0Personal colaborador \u00a0Correo Electr\u00f3nico:\u00a0inmaculatepino@gmail.com Tel\u00e9fono:\u00a0665 634 632 Direcci\u00f3n de contacto:\u00a0CEMyRI, Edificio de Servicios&#8230;<\/p>\n","protected":false},"author":2,"featured_media":25386,"parent":35,"menu_order":0,"comment_status":"closed","ping_status":"closed","template":"","meta":{"footnotes":""},"class_list":["post-1702","page","type-page","status-publish","has-post-thumbnail","hentry"],"_links":{"self":[{"href":"https:\/\/cemyri.es\/es\/wp-json\/wp\/v2\/pages\/1702","targetHints":{"allow":["GET"]}}],"collection":[{"href":"https:\/\/cemyri.es\/es\/wp-json\/wp\/v2\/pages"}],"about":[{"href":"https:\/\/cemyri.es\/es\/wp-json\/wp\/v2\/types\/page"}],"author":[{"embeddable":true,"href":"https:\/\/cemyri.es\/es\/wp-json\/wp\/v2\/users\/2"}],"replies":[{"embeddable":true,"href":"https:\/\/cemyri.es\/es\/wp-json\/wp\/v2\/comments?post=1702"}],"version-history":[{"count":3,"href":"https:\/\/cemyri.es\/es\/wp-json\/wp\/v2\/pages\/1702\/revisions"}],"predecessor-version":[{"id":27771,"href":"https:\/\/cemyri.es\/es\/wp-json\/wp\/v2\/pages\/1702\/revisions\/27771"}],"up":[{"embeddable":true,"href":"https:\/\/cemyri.es\/es\/wp-json\/wp\/v2\/pages\/35"}],"wp:featuredmedia":[{"embeddable":true,"href":"https:\/\/cemyri.es\/es\/wp-json\/wp\/v2\/media\/25386"}],"wp:attachment":[{"href":"https:\/\/cemyri.es\/es\/wp-json\/wp\/v2\/media?parent=1702"}],"curies":[{"name":"wp","href":"https:\/\/api.w.org\/{rel}","templated":true}]}}