{"id":1712,"date":"2014-03-19T15:36:01","date_gmt":"2014-03-19T13:36:01","guid":{"rendered":"http:\/\/www.cemyri.es\/?page_id=1712"},"modified":"2023-07-25T18:09:46","modified_gmt":"2023-07-25T18:09:46","slug":"teresa-granados-serrano","status":"publish","type":"page","link":"https:\/\/cemyri.es\/es\/colaboradores\/teresa-granados-serrano\/","title":{"rendered":"Teresa Granados Serrano"},"content":{"rendered":"<p style=\"text-align: justify;\"><strong>Grado:<\/strong>\u00a0Antropolog\u00eda Social y Cultural (Universidad Cat\u00f3lica San Antonio de Murcia) y Diplomada Universitaria en Enfermer\u00eda (Escuela Universitaria de Enfermer\u00eda, Universidad Laboral de C\u00e1ceres)<\/p>\n<p style=\"text-align: justify;\"><strong>Estudios de Posgrado:<\/strong>\u00a0Experto Universitario en Enfermer\u00eda Comunitaria (Universidad Complutense de Madrid) y\u00a0M\u00e1ster Oficial en Investigaci\u00f3n en Ciencias Sociosanitarias (Universidad Cat\u00f3lica San Antonio de Murcia).<\/p>\n<p style=\"text-align: justify;\"><strong>L\u00edneas de Investigaci\u00f3n:<\/strong>\u00a0Salud, g\u00e9nero e inmigraci\u00f3n, bio\u00e9tica.<\/p>\n<p style=\"text-align: justify;\"><strong>Grupo de Investigaci\u00f3n:<\/strong>\u00a0<a href=\"http:\/\/www.cemyri.es\/\">CEMyRI<\/a><a href=\"http:\/\/www.lasc.es\/\" target=\"_blank\" rel=\"noopener\"><br \/>\n<\/a><\/p>\n<p style=\"text-align: justify;\"><strong>Status:<\/strong>\u00a0Personal colaborador<\/p>\n<p style=\"text-align: justify;\"><strong>\u00a0Correo Electr\u00f3nico:<\/strong>\u00a0teresagranados@gmail.com<\/p>\n<p style=\"text-align: justify;\"><strong>Tel\u00e9fono:<\/strong>\u00a0670 941 420<\/p>\n<p style=\"text-align: justify;\"><strong>Direcci\u00f3n de contacto:<\/strong>\u00a0CEMyRI, Edificio de Servicios T\u00e9cnicos, Seg. Planta, Desp. 02.12.0, Universidad de Almer\u00eda<\/p>\n<p style=\"text-align: justify;\"><a href=\"http:\/\/issuu.com\/cemyri\/docs\/cv_teresa_granados\">Curr\u00edculum<\/a><\/p>\n","protected":false},"excerpt":{"rendered":"<p>Grado:\u00a0Antropolog\u00eda Social y Cultural (Universidad Cat\u00f3lica San Antonio de Murcia) y Diplomada Universitaria en Enfermer\u00eda (Escuela Universitaria de Enfermer\u00eda, Universidad Laboral de C\u00e1ceres) Estudios de Posgrado:\u00a0Experto Universitario en Enfermer\u00eda Comunitaria (Universidad Complutense de Madrid) y\u00a0M\u00e1ster Oficial en Investigaci\u00f3n en Ciencias Sociosanitarias (Universidad Cat\u00f3lica San Antonio de Murcia). L\u00edneas de Investigaci\u00f3n:\u00a0Salud, g\u00e9nero e inmigraci\u00f3n, bio\u00e9tica. Grupo&#8230;<\/p>\n","protected":false},"author":2,"featured_media":25388,"parent":35,"menu_order":0,"comment_status":"closed","ping_status":"closed","template":"","meta":{"footnotes":""},"class_list":["post-1712","page","type-page","status-publish","has-post-thumbnail","hentry"],"_links":{"self":[{"href":"https:\/\/cemyri.es\/es\/wp-json\/wp\/v2\/pages\/1712","targetHints":{"allow":["GET"]}}],"collection":[{"href":"https:\/\/cemyri.es\/es\/wp-json\/wp\/v2\/pages"}],"about":[{"href":"https:\/\/cemyri.es\/es\/wp-json\/wp\/v2\/types\/page"}],"author":[{"embeddable":true,"href":"https:\/\/cemyri.es\/es\/wp-json\/wp\/v2\/users\/2"}],"replies":[{"embeddable":true,"href":"https:\/\/cemyri.es\/es\/wp-json\/wp\/v2\/comments?post=1712"}],"version-history":[{"count":2,"href":"https:\/\/cemyri.es\/es\/wp-json\/wp\/v2\/pages\/1712\/revisions"}],"predecessor-version":[{"id":27768,"href":"https:\/\/cemyri.es\/es\/wp-json\/wp\/v2\/pages\/1712\/revisions\/27768"}],"up":[{"embeddable":true,"href":"https:\/\/cemyri.es\/es\/wp-json\/wp\/v2\/pages\/35"}],"wp:featuredmedia":[{"embeddable":true,"href":"https:\/\/cemyri.es\/es\/wp-json\/wp\/v2\/media\/25388"}],"wp:attachment":[{"href":"https:\/\/cemyri.es\/es\/wp-json\/wp\/v2\/media?parent=1712"}],"curies":[{"name":"wp","href":"https:\/\/api.w.org\/{rel}","templated":true}]}}