{"id":1718,"date":"2014-03-21T10:41:10","date_gmt":"2014-03-21T10:41:10","guid":{"rendered":"http:\/\/www.cemyri.es\/?page_id=1718"},"modified":"2023-07-25T18:15:08","modified_gmt":"2023-07-25T18:15:08","slug":"noelia-navarro-gomez","status":"publish","type":"page","link":"https:\/\/cemyri.es\/es\/colaboradores\/noelia-navarro-gomez\/","title":{"rendered":"Noelia Navarro G\u00f3mez"},"content":{"rendered":"<p><strong>Grado:<\/strong>\u00a0Psicolog\u00eda (Universidad de Almer\u00eda)<\/p>\n<p><strong>Universidad:<\/strong>\u00a0Almer\u00eda<\/p>\n<p><strong>L\u00edneas de Investigaci\u00f3n:<\/strong>\u00a0Estigma en los trastornos del espectro esquizofr\u00e9nico, esquizofrenia y RFT, toma de perspectiva en esquizofrenia.<\/p>\n<p><strong>Grupo de Investigaci\u00f3n:<\/strong>\u00a0<a href=\"http:\/\/cvirtual.ual.es\/webual\/jsp\/investigacion\/nuevo\/pInicio.jsp?id_grupo=HUM760&amp;idioma=es\">HUM-760<\/a><\/p>\n<p><strong>Status:<\/strong>\u00a0Personal colaborador<\/p>\n<p><strong>Correo Electr\u00f3nico:<\/strong>\u00a0<a href=\"mailto:nng777@ual.es\">nng777@ual.es<\/a><\/p>\n<p><strong>Direcci\u00f3n de contacto:<\/strong>\u00a0CEMyRI, Edificio de Servicios T\u00e9cnicos, Seg. Planta, Desp. 02.12.0, Universidad de Almer\u00eda<\/p>\n<p><a href=\"http:\/\/issuu.com\/cemyri\/docs\/cv_noelia_navarro\">Curr\u00edculum<\/a><\/p>\n","protected":false},"excerpt":{"rendered":"<p>Grado:\u00a0Psicolog\u00eda (Universidad de Almer\u00eda) Universidad:\u00a0Almer\u00eda L\u00edneas de Investigaci\u00f3n:\u00a0Estigma en los trastornos del espectro esquizofr\u00e9nico, esquizofrenia y RFT, toma de perspectiva en esquizofrenia. Grupo de Investigaci\u00f3n:\u00a0HUM-760 Status:\u00a0Personal colaborador Correo Electr\u00f3nico:\u00a0nng777@ual.es Direcci\u00f3n de contacto:\u00a0CEMyRI, Edificio de Servicios T\u00e9cnicos, Seg. Planta, Desp. 02.12.0, Universidad de Almer\u00eda Curr\u00edculum<\/p>\n","protected":false},"author":2,"featured_media":25389,"parent":35,"menu_order":0,"comment_status":"closed","ping_status":"closed","template":"","meta":{"footnotes":""},"class_list":["post-1718","page","type-page","status-publish","has-post-thumbnail","hentry"],"_links":{"self":[{"href":"https:\/\/cemyri.es\/es\/wp-json\/wp\/v2\/pages\/1718","targetHints":{"allow":["GET"]}}],"collection":[{"href":"https:\/\/cemyri.es\/es\/wp-json\/wp\/v2\/pages"}],"about":[{"href":"https:\/\/cemyri.es\/es\/wp-json\/wp\/v2\/types\/page"}],"author":[{"embeddable":true,"href":"https:\/\/cemyri.es\/es\/wp-json\/wp\/v2\/users\/2"}],"replies":[{"embeddable":true,"href":"https:\/\/cemyri.es\/es\/wp-json\/wp\/v2\/comments?post=1718"}],"version-history":[{"count":4,"href":"https:\/\/cemyri.es\/es\/wp-json\/wp\/v2\/pages\/1718\/revisions"}],"predecessor-version":[{"id":27782,"href":"https:\/\/cemyri.es\/es\/wp-json\/wp\/v2\/pages\/1718\/revisions\/27782"}],"up":[{"embeddable":true,"href":"https:\/\/cemyri.es\/es\/wp-json\/wp\/v2\/pages\/35"}],"wp:featuredmedia":[{"embeddable":true,"href":"https:\/\/cemyri.es\/es\/wp-json\/wp\/v2\/media\/25389"}],"wp:attachment":[{"href":"https:\/\/cemyri.es\/es\/wp-json\/wp\/v2\/media?parent=1718"}],"curies":[{"name":"wp","href":"https:\/\/api.w.org\/{rel}","templated":true}]}}