{"id":191,"date":"2013-07-18T13:25:30","date_gmt":"2013-07-18T11:25:30","guid":{"rendered":"http:\/\/www.cemyri.es\/?page_id=191"},"modified":"2024-10-07T08:22:43","modified_gmt":"2024-10-07T08:22:43","slug":"contacto","status":"publish","type":"page","link":"https:\/\/cemyri.es\/es\/contacto\/","title":{"rendered":"Contacto"},"content":{"rendered":"\n<figure class=\"wp-block-image size-medium is-resized\"><img loading=\"lazy\" decoding=\"async\" width=\"300\" height=\"300\" src=\"https:\/\/cemyri.es\/es\/wp-content\/uploads\/2023\/10\/LOGO-300x300.jpg\" alt=\"\" class=\"wp-image-27935\" style=\"aspect-ratio:1;width:169px;height:auto\" srcset=\"https:\/\/cemyri.es\/es\/wp-content\/uploads\/2023\/10\/LOGO-300x300.jpg 300w, https:\/\/cemyri.es\/es\/wp-content\/uploads\/2023\/10\/LOGO-150x150.jpg 150w, https:\/\/cemyri.es\/es\/wp-content\/uploads\/2023\/10\/LOGO.jpg 400w\" sizes=\"auto, (max-width: 300px) 100vw, 300px\" \/><\/figure>\n\n\n\n<h2 class=\"wp-block-heading\"><strong>CEMyRI<\/strong><br><em>Centro de Estudio de las Migraciones y las Relaciones Interculturales&nbsp;<\/em><\/h2>\n\n\n\n<h4 class=\"wp-block-heading\">Universidad de Almer\u00eda<\/h4>\n\n\n\n<p><strong><i class=\"fa fa-map-marker\" aria-hidden=\"true\"><\/i> <\/strong>Edf. Cient\u00edfico T\u00e9cnico V, 1\u00ba planta, Despacho 1-14.<\/p>\n\n\n\n<p>Carretera Sacramento s\/n &#8211; 04120 La Ca\u00f1ada de San Urbano (Almer\u00eda)<\/p>\n\n\n\n<p><a href=\"mailto:cemyri@ual.es\">cemyri@ual.es<\/a><\/p>\n\n\n\n<p><a href=\"mailto:admicemyri@gmail.com\">admicemyri@gmail.com<\/a><\/p>\n\n\n\n<p>Telfs.:  950 214 757 &#8211; 950 015 414 <\/p>\n\n\n\n<p><iframe loading=\"lazy\" style=\"border: 0;\" src=\"https:\/\/www.google.com\/maps\/embed?pb=!1m14!1m8!1m3!1d1596.714118189406!2d-2.4002304!3d36.8322188!3m2!1i1024!2i768!4f13.1!3m3!1m2!1s0x0%3A0x969ce0a66ffacc19!2sEdificio%20Cient%C3%ADfico%20T%C3%A9cnico%20V%20de%20la%20Universidad%20de%20Almer%C3%ADa!5e0!3m2!1ses!2ses!4v1568011974641!5m2!1ses!2ses\" allowfullscreen=\"allowfullscreen\" width=\"600\" height=\"450\" frameborder=\"0\"><\/iframe><\/p>\n","protected":false},"excerpt":{"rendered":"<p>CEMyRICentro de Estudio de las Migraciones y las Relaciones Interculturales&nbsp; Universidad de Almer\u00eda Edf. Cient\u00edfico T\u00e9cnico V, 1\u00ba planta, Despacho 1-14. Carretera Sacramento s\/n &#8211; 04120 La Ca\u00f1ada de San Urbano (Almer\u00eda) cemyri@ual.es admicemyri@gmail.com Telfs.: 950 214 757 &#8211; 950 015 414<\/p>\n","protected":false},"author":1,"featured_media":0,"parent":0,"menu_order":0,"comment_status":"closed","ping_status":"closed","template":"","meta":{"footnotes":""},"class_list":["post-191","page","type-page","status-publish","hentry"],"_links":{"self":[{"href":"https:\/\/cemyri.es\/es\/wp-json\/wp\/v2\/pages\/191","targetHints":{"allow":["GET"]}}],"collection":[{"href":"https:\/\/cemyri.es\/es\/wp-json\/wp\/v2\/pages"}],"about":[{"href":"https:\/\/cemyri.es\/es\/wp-json\/wp\/v2\/types\/page"}],"author":[{"embeddable":true,"href":"https:\/\/cemyri.es\/es\/wp-json\/wp\/v2\/users\/1"}],"replies":[{"embeddable":true,"href":"https:\/\/cemyri.es\/es\/wp-json\/wp\/v2\/comments?post=191"}],"version-history":[{"count":15,"href":"https:\/\/cemyri.es\/es\/wp-json\/wp\/v2\/pages\/191\/revisions"}],"predecessor-version":[{"id":28092,"href":"https:\/\/cemyri.es\/es\/wp-json\/wp\/v2\/pages\/191\/revisions\/28092"}],"wp:attachment":[{"href":"https:\/\/cemyri.es\/es\/wp-json\/wp\/v2\/media?parent=191"}],"curies":[{"name":"wp","href":"https:\/\/api.w.org\/{rel}","templated":true}]}}