{"id":2038,"date":"2014-10-15T14:21:00","date_gmt":"2014-10-15T12:21:00","guid":{"rendered":"http:\/\/www.cemyri.es\/?page_id=2038"},"modified":"2023-07-25T18:19:06","modified_gmt":"2023-07-25T18:19:06","slug":"francesco-saverio-caruso-2","status":"publish","type":"page","link":"https:\/\/cemyri.es\/es\/doctores-colaboradores\/francesco-saverio-caruso-2\/","title":{"rendered":"Francesco Saverio Caruso"},"content":{"rendered":"<p><strong>Departamento:<\/strong>\u00a0Ciencias\u00a0Pol\u00edticas<\/p>\n<p><strong>Facultad:<\/strong> Humanidades<\/p>\n<p><strong>Universidad:<\/strong>\u00a0Universidad Orientale de N\u00e1poles<\/p>\n<p><strong>L\u00edneas de Investigaci\u00f3n:<\/strong>\u00a0Migraci\u00f3n, Movimientos Sociales, Desarrollo Rural.<\/p>\n<p><strong>Grupo de Investigaci\u00f3n:<\/strong>\u00a0CEMyRI<\/p>\n<p><strong>Status:<\/strong> Personal colaborador<\/p>\n<p><strong>\u00a0Correo Electr\u00f3nico:<\/strong> <a href=\"mailto:fracaruso@unical.it\" target=\"_blank\" rel=\"noopener\">fracaruso@unical.<wbr \/>it<\/a><a href=\"mailto: eacien@ual.es\"><br \/>\n<\/a><\/p>\n<p><strong>Tel\u00e9fono:<\/strong>\u00a0633 963 294<\/p>\n<p><strong>Direcci\u00f3n de contacto:<\/strong> CEMyRI, Edificio de Servicios T\u00e9cnicos, Seg. Planta, Desp. 02.12.0, Universidad de Almer\u00eda<\/p>\n<p><strong><a title=\"Francesco Saverio Caruso\" href=\"https:\/\/unicz.academia.edu\/FrancescoCaruso\" target=\"_blank\" rel=\"noopener\">Curr\u00edculum<\/a><\/strong><\/p>\n","protected":false},"excerpt":{"rendered":"<p>Departamento:\u00a0Ciencias\u00a0Pol\u00edticas Facultad: Humanidades Universidad:\u00a0Universidad Orientale de N\u00e1poles L\u00edneas de Investigaci\u00f3n:\u00a0Migraci\u00f3n, Movimientos Sociales, Desarrollo Rural. Grupo de Investigaci\u00f3n:\u00a0CEMyRI Status: Personal colaborador \u00a0Correo Electr\u00f3nico: fracaruso@unical.it Tel\u00e9fono:\u00a0633 963 294 Direcci\u00f3n de contacto: CEMyRI, Edificio de Servicios T\u00e9cnicos, Seg. Planta, Desp. 02.12.0, Universidad de Almer\u00eda Curr\u00edculum<\/p>\n","protected":false},"author":2,"featured_media":25390,"parent":34,"menu_order":0,"comment_status":"closed","ping_status":"closed","template":"","meta":{"footnotes":""},"class_list":["post-2038","page","type-page","status-publish","has-post-thumbnail","hentry"],"_links":{"self":[{"href":"https:\/\/cemyri.es\/es\/wp-json\/wp\/v2\/pages\/2038","targetHints":{"allow":["GET"]}}],"collection":[{"href":"https:\/\/cemyri.es\/es\/wp-json\/wp\/v2\/pages"}],"about":[{"href":"https:\/\/cemyri.es\/es\/wp-json\/wp\/v2\/types\/page"}],"author":[{"embeddable":true,"href":"https:\/\/cemyri.es\/es\/wp-json\/wp\/v2\/users\/2"}],"replies":[{"embeddable":true,"href":"https:\/\/cemyri.es\/es\/wp-json\/wp\/v2\/comments?post=2038"}],"version-history":[{"count":4,"href":"https:\/\/cemyri.es\/es\/wp-json\/wp\/v2\/pages\/2038\/revisions"}],"predecessor-version":[{"id":27788,"href":"https:\/\/cemyri.es\/es\/wp-json\/wp\/v2\/pages\/2038\/revisions\/27788"}],"up":[{"embeddable":true,"href":"https:\/\/cemyri.es\/es\/wp-json\/wp\/v2\/pages\/34"}],"wp:featuredmedia":[{"embeddable":true,"href":"https:\/\/cemyri.es\/es\/wp-json\/wp\/v2\/media\/25390"}],"wp:attachment":[{"href":"https:\/\/cemyri.es\/es\/wp-json\/wp\/v2\/media?parent=2038"}],"curies":[{"name":"wp","href":"https:\/\/api.w.org\/{rel}","templated":true}]}}