{"id":24369,"date":"2015-12-21T14:45:45","date_gmt":"2015-12-21T12:45:45","guid":{"rendered":"http:\/\/www.cemyri.es\/?page_id=24369"},"modified":"2023-07-25T18:30:04","modified_gmt":"2023-07-25T18:30:04","slug":"dr-francisco-manuel-llorente-marin","status":"publish","type":"page","link":"https:\/\/cemyri.es\/es\/investigadores-visitantes\/dr-francisco-manuel-llorente-marin\/","title":{"rendered":"Dr. Francisco Manuel Llorente Mar\u00edn"},"content":{"rendered":"<p><strong>Departamento:<\/strong>\u00a0Antropolog\u00eda Social<\/p>\n<p><strong>Universidad:<\/strong>\u00a0Universidad de M\u00e1laga<\/p>\n<p><strong>L\u00edneas de Investigaci\u00f3n:<\/strong>\u00a0La construcci\u00f3n social de la violencia de etnia en Andaluc\u00eda. El caso de Almer\u00eda<\/p>\n<p><strong>Grupo de Investigaci\u00f3n:<\/strong><\/p>\n<p><strong>Status:<\/strong>\u00a0Profesor Asociado<\/p>\n<p><strong>Per\u00edodo\u00a0de estancia en el CEMyRI:<\/strong> Del 01\/06\/2015 al 1\/09\/2015<\/p>\n<p><strong>Correo Electr\u00f3nico:<\/strong>\u00a0llorente@uma.es<\/p>\n<p><a href=\"http:\/\/www.cemyri.es\/wp-content\/uploads\/CURRICULUM-ABREVIADO_LLORENTE.pdf\">CURRICULUM ABREVIADO_LLORENTE<\/a><\/p>\n","protected":false},"excerpt":{"rendered":"<p>Departamento:\u00a0Antropolog\u00eda Social Universidad:\u00a0Universidad de M\u00e1laga L\u00edneas de Investigaci\u00f3n:\u00a0La construcci\u00f3n social de la violencia de etnia en Andaluc\u00eda. El caso de Almer\u00eda Grupo de Investigaci\u00f3n: Status:\u00a0Profesor Asociado Per\u00edodo\u00a0de estancia en el CEMyRI: Del 01\/06\/2015 al 1\/09\/2015 Correo Electr\u00f3nico:\u00a0llorente@uma.es CURRICULUM ABREVIADO_LLORENTE<\/p>\n","protected":false},"author":2,"featured_media":25392,"parent":24423,"menu_order":0,"comment_status":"closed","ping_status":"closed","template":"","meta":{"footnotes":""},"class_list":["post-24369","page","type-page","status-publish","has-post-thumbnail","hentry"],"_links":{"self":[{"href":"https:\/\/cemyri.es\/es\/wp-json\/wp\/v2\/pages\/24369","targetHints":{"allow":["GET"]}}],"collection":[{"href":"https:\/\/cemyri.es\/es\/wp-json\/wp\/v2\/pages"}],"about":[{"href":"https:\/\/cemyri.es\/es\/wp-json\/wp\/v2\/types\/page"}],"author":[{"embeddable":true,"href":"https:\/\/cemyri.es\/es\/wp-json\/wp\/v2\/users\/2"}],"replies":[{"embeddable":true,"href":"https:\/\/cemyri.es\/es\/wp-json\/wp\/v2\/comments?post=24369"}],"version-history":[{"count":2,"href":"https:\/\/cemyri.es\/es\/wp-json\/wp\/v2\/pages\/24369\/revisions"}],"predecessor-version":[{"id":27825,"href":"https:\/\/cemyri.es\/es\/wp-json\/wp\/v2\/pages\/24369\/revisions\/27825"}],"up":[{"embeddable":true,"href":"https:\/\/cemyri.es\/es\/wp-json\/wp\/v2\/pages\/24423"}],"wp:featuredmedia":[{"embeddable":true,"href":"https:\/\/cemyri.es\/es\/wp-json\/wp\/v2\/media\/25392"}],"wp:attachment":[{"href":"https:\/\/cemyri.es\/es\/wp-json\/wp\/v2\/media?parent=24369"}],"curies":[{"name":"wp","href":"https:\/\/api.w.org\/{rel}","templated":true}]}}