{"id":24374,"date":"2015-12-21T15:02:05","date_gmt":"2015-12-21T13:02:05","guid":{"rendered":"http:\/\/www.cemyri.es\/?page_id=24374"},"modified":"2016-07-06T07:48:58","modified_gmt":"2016-07-06T07:48:58","slug":"francisco-majuelos-martinez","status":"publish","type":"page","link":"https:\/\/cemyri.es\/es\/tesis-doctorales\/francisco-majuelos-martinez\/","title":{"rendered":"Francisco Majuelos Mart\u00ednez"},"content":{"rendered":"<p><strong>Nombre de la tesis: <\/strong>Prostituci\u00f3n y sociabilidad. El cliente en perspectiva \u00c9mic.<br \/>\n<img decoding=\"async\" class=\"alignright\" src=\"http:\/\/www.cemyri.es\/wp-content\/uploads\/cv_francisco_majuelos.jpg\" \/><br \/>\n<strong>Grupo de Investigaci\u00f3n:<\/strong> <a href=\"http:\/\/www.lasc.es\/\" target=\"_blank\">HUM-472<\/a><\/p>\n<p><strong>Fecha de lectura:<\/strong>\u00a001\/12\/2014<\/p>\n<p><strong>N\u00ba de referencia: <\/strong>965<\/p>\n<p><strong>Director\/a:\u00a0<\/strong>\u00c1ngeles Arjona Garrido<\/p>\n<p><strong>Calificaci\u00f3n:<\/strong>\u00a0Sobresaliente \u00abCum Laude\u00bb<\/p>\n<p><strong>Departamento:<\/strong>\u00a0Antropolog\u00eda Social<\/p>\n<p><strong>Facultad:<\/strong> Humanidades<\/p>\n<p><strong>Universidad:<\/strong> Almer\u00eda<\/p>\n<p><strong>Correo Electr\u00f3nico:\u00a0<\/strong>pacomajuelos@telefonica.net<\/p>\n<p><a href=\"http:\/\/cms.ual.es\/UAL\/es\/estudios\/doctorado\/tesis\/tesisdoctoral\/DOCTORADO8713?plan=8713&amp;anyo=2014-15&amp;exp_numord=53&amp;tes_codnum=1\"><strong>Enlace a web<\/strong><\/a><\/p>\n","protected":false},"excerpt":{"rendered":"<p>Nombre de la tesis: Prostituci\u00f3n y sociabilidad. El cliente en perspectiva \u00c9mic. Grupo de Investigaci\u00f3n: HUM-472 Fecha de lectura:\u00a001\/12\/2014 N\u00ba de referencia: 965 Director\/a:\u00a0\u00c1ngeles Arjona Garrido Calificaci\u00f3n:\u00a0Sobresaliente \u00abCum Laude\u00bb Departamento:\u00a0Antropolog\u00eda Social Facultad: Humanidades Universidad: Almer\u00eda Correo Electr\u00f3nico:\u00a0pacomajuelos@telefonica.net Enlace a web<\/p>\n","protected":false},"author":2,"featured_media":25393,"parent":24425,"menu_order":0,"comment_status":"closed","ping_status":"closed","template":"","meta":{"footnotes":""},"class_list":["post-24374","page","type-page","status-publish","has-post-thumbnail","hentry"],"_links":{"self":[{"href":"https:\/\/cemyri.es\/es\/wp-json\/wp\/v2\/pages\/24374","targetHints":{"allow":["GET"]}}],"collection":[{"href":"https:\/\/cemyri.es\/es\/wp-json\/wp\/v2\/pages"}],"about":[{"href":"https:\/\/cemyri.es\/es\/wp-json\/wp\/v2\/types\/page"}],"author":[{"embeddable":true,"href":"https:\/\/cemyri.es\/es\/wp-json\/wp\/v2\/users\/2"}],"replies":[{"embeddable":true,"href":"https:\/\/cemyri.es\/es\/wp-json\/wp\/v2\/comments?post=24374"}],"version-history":[{"count":1,"href":"https:\/\/cemyri.es\/es\/wp-json\/wp\/v2\/pages\/24374\/revisions"}],"predecessor-version":[{"id":25265,"href":"https:\/\/cemyri.es\/es\/wp-json\/wp\/v2\/pages\/24374\/revisions\/25265"}],"up":[{"embeddable":true,"href":"https:\/\/cemyri.es\/es\/wp-json\/wp\/v2\/pages\/24425"}],"wp:featuredmedia":[{"embeddable":true,"href":"https:\/\/cemyri.es\/es\/wp-json\/wp\/v2\/media\/25393"}],"wp:attachment":[{"href":"https:\/\/cemyri.es\/es\/wp-json\/wp\/v2\/media?parent=24374"}],"curies":[{"name":"wp","href":"https:\/\/api.w.org\/{rel}","templated":true}]}}