{"id":24381,"date":"2015-12-21T15:01:55","date_gmt":"2015-12-21T13:01:55","guid":{"rendered":"http:\/\/www.cemyri.es\/?page_id=24381"},"modified":"2023-07-25T18:32:56","modified_gmt":"2023-07-25T18:32:56","slug":"estefania-acien-gonzalez","status":"publish","type":"page","link":"https:\/\/cemyri.es\/es\/tesis-doctorales\/estefania-acien-gonzalez\/","title":{"rendered":"Estefan\u00eda Aci\u00e9n Gonz\u00e1lez"},"content":{"rendered":"<p><strong>Nombre de la tesis: <\/strong>Trabajadoras sexuales nigerianas en el Poniente almeriense.<\/p>\n<p><strong>Grupo de Investigaci\u00f3n:<\/strong> <a href=\"http:\/\/www.lasc.es\/\" target=\"_blank\" rel=\"noopener\">HUM-472<\/a><\/p>\n<p><strong>Fecha de lectura:<\/strong>\u00a014\/10\/2015<\/p>\n<p><strong>N\u00ba de referencia:<\/strong> 1034<\/p>\n<p><strong>Director\/a:\u00a0<\/strong>\u00c1ngeles Arjona Garrido y Francisco Checa Olmos<\/p>\n<p><strong>Calificaci\u00f3n:<\/strong>\u00a0Sobresaliente \u00abCum Laude\u00bb<\/p>\n<p><strong>Departamento:<\/strong>\u00a0Antropolog\u00eda Social<\/p>\n<p><strong>Facultad:<\/strong> Humanidades<\/p>\n<p><strong>Universidad:<\/strong> Almer\u00eda<\/p>\n<p><strong>Correo Electr\u00f3nico: <\/strong>fania100@gmail.com<\/p>\n<p><a href=\"http:\/\/cms.ual.es\/UAL\/es\/estudios\/doctorado\/tesis\/tesisdoctoral\/DOCTORADO8713?plan=8713&amp;anyo=2014-15&amp;exp_numord=53&amp;tes_codnum=1\"><strong>Enlace a web<\/strong><\/a><\/p>\n","protected":false},"excerpt":{"rendered":"<p>Nombre de la tesis: Trabajadoras sexuales nigerianas en el Poniente almeriense. Grupo de Investigaci\u00f3n: HUM-472 Fecha de lectura:\u00a014\/10\/2015 N\u00ba de referencia: 1034 Director\/a:\u00a0\u00c1ngeles Arjona Garrido y Francisco Checa Olmos Calificaci\u00f3n:\u00a0Sobresaliente \u00abCum Laude\u00bb Departamento:\u00a0Antropolog\u00eda Social Facultad: Humanidades Universidad: Almer\u00eda Correo Electr\u00f3nico: fania100@gmail.com Enlace a web<\/p>\n","protected":false},"author":2,"featured_media":25394,"parent":24425,"menu_order":0,"comment_status":"closed","ping_status":"closed","template":"","meta":{"footnotes":""},"class_list":["post-24381","page","type-page","status-publish","has-post-thumbnail","hentry"],"_links":{"self":[{"href":"https:\/\/cemyri.es\/es\/wp-json\/wp\/v2\/pages\/24381","targetHints":{"allow":["GET"]}}],"collection":[{"href":"https:\/\/cemyri.es\/es\/wp-json\/wp\/v2\/pages"}],"about":[{"href":"https:\/\/cemyri.es\/es\/wp-json\/wp\/v2\/types\/page"}],"author":[{"embeddable":true,"href":"https:\/\/cemyri.es\/es\/wp-json\/wp\/v2\/users\/2"}],"replies":[{"embeddable":true,"href":"https:\/\/cemyri.es\/es\/wp-json\/wp\/v2\/comments?post=24381"}],"version-history":[{"count":3,"href":"https:\/\/cemyri.es\/es\/wp-json\/wp\/v2\/pages\/24381\/revisions"}],"predecessor-version":[{"id":27830,"href":"https:\/\/cemyri.es\/es\/wp-json\/wp\/v2\/pages\/24381\/revisions\/27830"}],"up":[{"embeddable":true,"href":"https:\/\/cemyri.es\/es\/wp-json\/wp\/v2\/pages\/24425"}],"wp:featuredmedia":[{"embeddable":true,"href":"https:\/\/cemyri.es\/es\/wp-json\/wp\/v2\/media\/25394"}],"wp:attachment":[{"href":"https:\/\/cemyri.es\/es\/wp-json\/wp\/v2\/media?parent=24381"}],"curies":[{"name":"wp","href":"https:\/\/api.w.org\/{rel}","templated":true}]}}