{"id":24383,"date":"2015-12-21T15:01:05","date_gmt":"2015-12-21T13:01:05","guid":{"rendered":"http:\/\/www.cemyri.es\/?page_id=24383"},"modified":"2016-10-21T08:18:23","modified_gmt":"2016-10-21T08:18:23","slug":"beatriz-gonzalez-martin","status":"publish","type":"page","link":"https:\/\/cemyri.es\/es\/tesis-doctorales\/beatriz-gonzalez-martin\/","title":{"rendered":"Beatriz Gonz\u00e1lez Mart\u00edn"},"content":{"rendered":"<p><strong>Nombre de la tesis: <\/strong>Auge y colapso del sector de la construcci\u00f3n: El impacto sociolaboral sobre los trabajadores inmigrantes y aut\u00f3ctonos<br \/>\n<img decoding=\"async\" class=\"alignright\" src=\"http:\/\/www.cemyri.es\/wp-content\/uploads\/Beatriz-Gonz\u00e1lez-Mart\u00edn-228x300.jpg\" \/><br \/>\n<strong>Grupo de Investigaci\u00f3n: <\/strong><a href=\"http:\/\/www.lasc.es\/\" target=\"_blank\">HUM-<\/a>635<\/p>\n<p><strong>Fecha de lectura:<\/strong>\u00a012\/09\/2013<\/p>\n<p><strong>N\u00ba de referencia: <\/strong>875<\/p>\n<p><strong>Director\/a:\u00a0<\/strong>Pablo Pumares Fern\u00e1ndez y Antonio Rojas Tejada<\/p>\n<p><strong>Calificaci\u00f3n:<\/strong>\u00a0Sobresaliente \u00abCum Laude\u00bb con <strong>Menci\u00f3n Internacional:<\/strong> Institute for migration research<\/p>\n<p><strong>Departamento:<\/strong>\u00a0Geograf\u00eda, Historia y humanidades<\/p>\n<p><strong>Facultad:<\/strong> Humanidades<\/p>\n<p><strong>Universidad:<\/strong> Almer\u00eda<\/p>\n<p><strong>Correo Electr\u00f3nico:\u00a0<\/strong>bgonzalez.martin@gmail.com<\/p>\n<p><a href=\"https:\/\/www.educacion.gob.es\/teseo\/mostrarRef.do?ref=1052808\"><strong>Enlace a web<\/strong><\/a><\/p>\n","protected":false},"excerpt":{"rendered":"<p>Nombre de la tesis: Auge y colapso del sector de la construcci\u00f3n: El impacto sociolaboral sobre los trabajadores inmigrantes y aut\u00f3ctonos Grupo de Investigaci\u00f3n: HUM-635 Fecha de lectura:\u00a012\/09\/2013 N\u00ba de referencia: 875 Director\/a:\u00a0Pablo Pumares Fern\u00e1ndez y Antonio Rojas Tejada Calificaci\u00f3n:\u00a0Sobresaliente \u00abCum Laude\u00bb con Menci\u00f3n Internacional: Institute for migration research Departamento:\u00a0Geograf\u00eda, Historia y humanidades Facultad: Humanidades&#8230;<\/p>\n","protected":false},"author":2,"featured_media":25395,"parent":24425,"menu_order":0,"comment_status":"closed","ping_status":"closed","template":"","meta":{"footnotes":""},"class_list":["post-24383","page","type-page","status-publish","has-post-thumbnail","hentry"],"_links":{"self":[{"href":"https:\/\/cemyri.es\/es\/wp-json\/wp\/v2\/pages\/24383","targetHints":{"allow":["GET"]}}],"collection":[{"href":"https:\/\/cemyri.es\/es\/wp-json\/wp\/v2\/pages"}],"about":[{"href":"https:\/\/cemyri.es\/es\/wp-json\/wp\/v2\/types\/page"}],"author":[{"embeddable":true,"href":"https:\/\/cemyri.es\/es\/wp-json\/wp\/v2\/users\/2"}],"replies":[{"embeddable":true,"href":"https:\/\/cemyri.es\/es\/wp-json\/wp\/v2\/comments?post=24383"}],"version-history":[{"count":2,"href":"https:\/\/cemyri.es\/es\/wp-json\/wp\/v2\/pages\/24383\/revisions"}],"predecessor-version":[{"id":25792,"href":"https:\/\/cemyri.es\/es\/wp-json\/wp\/v2\/pages\/24383\/revisions\/25792"}],"up":[{"embeddable":true,"href":"https:\/\/cemyri.es\/es\/wp-json\/wp\/v2\/pages\/24425"}],"wp:featuredmedia":[{"embeddable":true,"href":"https:\/\/cemyri.es\/es\/wp-json\/wp\/v2\/media\/25395"}],"wp:attachment":[{"href":"https:\/\/cemyri.es\/es\/wp-json\/wp\/v2\/media?parent=24383"}],"curies":[{"name":"wp","href":"https:\/\/api.w.org\/{rel}","templated":true}]}}