{"id":24387,"date":"2015-12-21T15:02:59","date_gmt":"2015-12-21T13:02:59","guid":{"rendered":"http:\/\/www.cemyri.es\/?page_id=24387"},"modified":"2016-10-10T11:07:18","modified_gmt":"2016-10-10T11:07:18","slug":"rachida-dalough","status":"publish","type":"page","link":"https:\/\/cemyri.es\/es\/tesis-doctorales\/rachida-dalough\/","title":{"rendered":"Rachida Dalouh"},"content":{"rendered":"<p><strong>Nombre de la tesis: <\/strong>Inmigraci\u00f3n Femenina marroqu\u00ed en Espa\u00f1a y B\u00e9lgica: Reflexiones y perspectivas.<\/p>\n<p><strong>Grupo de Investigaci\u00f3n:<\/strong> <a href=\"http:\/\/www.lasc.es\/\" target=\"_blank\">HUM-6<\/a>65<\/p>\n<p><strong>Fecha de lectura:<\/strong>\u00a009\/01\/2015<\/p>\n<p><strong>N\u00ba de referencia:\u00a0<\/strong>977<\/p>\n<p><strong>Director\/a:\u00a0<\/strong>Encarnaci\u00f3n Soriano Ayala<\/p>\n<p><strong>Calificaci\u00f3n:<\/strong>\u00a0Sobresaliente \u00abCum Laude\u00bb<\/p>\n<p><strong>Departamento:<\/strong>\u00a0Ciencias Humanas y Sociales<\/p>\n<p><strong>Facultad:<\/strong> Humanidades<\/p>\n<p><strong>Universidad:<\/strong> Almer\u00eda<\/p>\n<p><strong>Correo Electr\u00f3nico: <\/strong>dalouhrachida@hotmail.com<\/p>\n<p><a href=\"http:\/\/cms.ual.es\/UAL\/ht\/estudios\/doctorado\/tesis\/tesisdoctoral\/DOCTORADO8713?plan=8713&amp;anyo=2014-15&amp;exp_numord=24&amp;tes_codnum=1&amp;idioma=es\"><strong>Enlace a web<\/strong><\/a><\/p>\n","protected":false},"excerpt":{"rendered":"<p>Nombre de la tesis: Inmigraci\u00f3n Femenina marroqu\u00ed en Espa\u00f1a y B\u00e9lgica: Reflexiones y perspectivas. Grupo de Investigaci\u00f3n: HUM-665 Fecha de lectura:\u00a009\/01\/2015 N\u00ba de referencia:\u00a0977 Director\/a:\u00a0Encarnaci\u00f3n Soriano Ayala Calificaci\u00f3n:\u00a0Sobresaliente \u00abCum Laude\u00bb Departamento:\u00a0Ciencias Humanas y Sociales Facultad: Humanidades Universidad: Almer\u00eda Correo Electr\u00f3nico: dalouhrachida@hotmail.com Enlace a web<\/p>\n","protected":false},"author":2,"featured_media":25706,"parent":24425,"menu_order":0,"comment_status":"closed","ping_status":"closed","template":"","meta":{"footnotes":""},"class_list":["post-24387","page","type-page","status-publish","has-post-thumbnail","hentry"],"_links":{"self":[{"href":"https:\/\/cemyri.es\/es\/wp-json\/wp\/v2\/pages\/24387","targetHints":{"allow":["GET"]}}],"collection":[{"href":"https:\/\/cemyri.es\/es\/wp-json\/wp\/v2\/pages"}],"about":[{"href":"https:\/\/cemyri.es\/es\/wp-json\/wp\/v2\/types\/page"}],"author":[{"embeddable":true,"href":"https:\/\/cemyri.es\/es\/wp-json\/wp\/v2\/users\/2"}],"replies":[{"embeddable":true,"href":"https:\/\/cemyri.es\/es\/wp-json\/wp\/v2\/comments?post=24387"}],"version-history":[{"count":5,"href":"https:\/\/cemyri.es\/es\/wp-json\/wp\/v2\/pages\/24387\/revisions"}],"predecessor-version":[{"id":25710,"href":"https:\/\/cemyri.es\/es\/wp-json\/wp\/v2\/pages\/24387\/revisions\/25710"}],"up":[{"embeddable":true,"href":"https:\/\/cemyri.es\/es\/wp-json\/wp\/v2\/pages\/24425"}],"wp:featuredmedia":[{"embeddable":true,"href":"https:\/\/cemyri.es\/es\/wp-json\/wp\/v2\/media\/25706"}],"wp:attachment":[{"href":"https:\/\/cemyri.es\/es\/wp-json\/wp\/v2\/media?parent=24387"}],"curies":[{"name":"wp","href":"https:\/\/api.w.org\/{rel}","templated":true}]}}