{"id":24390,"date":"2015-12-21T15:03:13","date_gmt":"2015-12-21T13:03:13","guid":{"rendered":"http:\/\/www.cemyri.es\/?page_id=24390"},"modified":"2016-07-06T07:47:28","modified_gmt":"2016-07-06T07:47:28","slug":"soledad-gutierrez-pastor","status":"publish","type":"page","link":"https:\/\/cemyri.es\/es\/tesis-doctorales\/soledad-gutierrez-pastor\/","title":{"rendered":"Soledad Guti\u00e9rrez Pastor"},"content":{"rendered":"<p><strong>Nombre de la tesis:\u00a0<\/strong>Los microcr\u00e9ditos como herramienta de empoderamiento de la mujer. Estudio de caso de senegal<br \/>\n<img decoding=\"async\" class=\"alignright\" src=\"http:\/\/www.cemyri.es\/wp-content\/uploads\/Foto_soledad_gutierrez-244x3001-244x300.jpg\" \/><br \/>\n<strong>Grupo de Investigaci\u00f3n:<\/strong>\u00a0CEMyRI<\/p>\n<p><strong>Fecha de lectura:<\/strong>\u00a026\/09\/2014<\/p>\n<p><strong>N\u00ba de referencia: <\/strong>947<\/p>\n<p><strong>Director\/a:\u00a0<\/strong>Jos\u00e9 \u00c1ngel Aznar S\u00e1nchez y Juan Sebasti\u00e1n Fern\u00e1ndez Prados<\/p>\n<p><strong>Calificaci\u00f3n:<\/strong>\u00a0Sobresaliente \u00abCum Laude\u00bb, Menci\u00f3n Internacional Universite Gaston<\/p>\n<p><strong>Departamento:<\/strong>\u00a0Historia Geograf\u00eda e Historia del Arte<\/p>\n<p><strong>Facultad:<\/strong> Humanidades<\/p>\n<p><strong>Universidad:<\/strong> Almer\u00eda<\/p>\n<p><strong>Correo Electr\u00f3nico:<\/strong>\u00a0eloss80@hotmail.com<\/p>\n<p><a href=\"http:\/\/cms.ual.es\/UAL\/estudios\/doctorado\/tesis\/tesisdoctoral\/DOCTORADO8713?plan=8713&amp;anyo=2014-15&amp;exp_numord=25&amp;tes_codnum=1&amp;idioma=es\"><strong>Enlace a web<\/strong><\/a><\/p>\n","protected":false},"excerpt":{"rendered":"<p>Nombre de la tesis:\u00a0Los microcr\u00e9ditos como herramienta de empoderamiento de la mujer. Estudio de caso de senegal Grupo de Investigaci\u00f3n:\u00a0CEMyRI Fecha de lectura:\u00a026\/09\/2014 N\u00ba de referencia: 947 Director\/a:\u00a0Jos\u00e9 \u00c1ngel Aznar S\u00e1nchez y Juan Sebasti\u00e1n Fern\u00e1ndez Prados Calificaci\u00f3n:\u00a0Sobresaliente \u00abCum Laude\u00bb, Menci\u00f3n Internacional Universite Gaston Departamento:\u00a0Historia Geograf\u00eda e Historia del Arte Facultad: Humanidades Universidad: Almer\u00eda Correo Electr\u00f3nico:\u00a0eloss80@hotmail.com&#8230;<\/p>\n","protected":false},"author":2,"featured_media":25396,"parent":24425,"menu_order":0,"comment_status":"closed","ping_status":"closed","template":"","meta":{"footnotes":""},"class_list":["post-24390","page","type-page","status-publish","has-post-thumbnail","hentry"],"_links":{"self":[{"href":"https:\/\/cemyri.es\/es\/wp-json\/wp\/v2\/pages\/24390","targetHints":{"allow":["GET"]}}],"collection":[{"href":"https:\/\/cemyri.es\/es\/wp-json\/wp\/v2\/pages"}],"about":[{"href":"https:\/\/cemyri.es\/es\/wp-json\/wp\/v2\/types\/page"}],"author":[{"embeddable":true,"href":"https:\/\/cemyri.es\/es\/wp-json\/wp\/v2\/users\/2"}],"replies":[{"embeddable":true,"href":"https:\/\/cemyri.es\/es\/wp-json\/wp\/v2\/comments?post=24390"}],"version-history":[{"count":1,"href":"https:\/\/cemyri.es\/es\/wp-json\/wp\/v2\/pages\/24390\/revisions"}],"predecessor-version":[{"id":25262,"href":"https:\/\/cemyri.es\/es\/wp-json\/wp\/v2\/pages\/24390\/revisions\/25262"}],"up":[{"embeddable":true,"href":"https:\/\/cemyri.es\/es\/wp-json\/wp\/v2\/pages\/24425"}],"wp:featuredmedia":[{"embeddable":true,"href":"https:\/\/cemyri.es\/es\/wp-json\/wp\/v2\/media\/25396"}],"wp:attachment":[{"href":"https:\/\/cemyri.es\/es\/wp-json\/wp\/v2\/media?parent=24390"}],"curies":[{"name":"wp","href":"https:\/\/api.w.org\/{rel}","templated":true}]}}