{"id":24394,"date":"2015-12-14T11:59:22","date_gmt":"2015-12-14T09:59:22","guid":{"rendered":"http:\/\/www.cemyri.es\/?page_id=24394"},"modified":"2016-07-06T07:45:48","modified_gmt":"2016-07-06T07:45:48","slug":"naima-ejbari","status":"publish","type":"page","link":"https:\/\/cemyri.es\/es\/tesis-doctorales\/naima-ejbari\/","title":{"rendered":"Naima Ejbari El Bachir"},"content":{"rendered":"<p><strong>Nombre de la tesis:\u00a0<\/strong>El rol de la familia marroqu\u00ed en la educaci\u00f3n de los hijos. Antes y despu\u00e9s de la migraci\u00f3n<br \/>\n<img decoding=\"async\" class=\"alignright\" src=\"http:\/\/www.cemyri.es\/wp-content\/uploads\/Ejbari-Naima-210x300.jpg\" \/><br \/>\n<strong>Grupo de Investigaci\u00f3n:<\/strong>\u00a0CEMyRI<\/p>\n<p><strong>Fecha de lectura:<\/strong>\u00a011\/10\/2013<\/p>\n<p><strong>N\u00ba de referencia:\u00a0<\/strong>881<\/p>\n<p><strong>Director\/a:\u00a0<\/strong>Encarnaci\u00f3n Soriano Ayala<\/p>\n<p><strong>Calificaci\u00f3n:<\/strong>\u00a0Sobresaliente \u00abCum Laude\u00bb<\/p>\n<p><strong>Departamento:<\/strong>\u00a0 Geograf\u00eda, Historia\u00a0y Humanidades<\/p>\n<p><strong>Facultad:<\/strong> Humanidades<\/p>\n<p><strong>Universidad:<\/strong> Almer\u00eda<\/p>\n<p><strong>Correo Electr\u00f3nico:<\/strong>\u00a0naima-almeria@hotmail.fr<\/p>\n<p><a href=\"http:\/\/cms.ual.es\/UAL\/en\/estudios\/doctorado\/tesis\/tesisdoctoral\/DOCTORADO8713?plan=8206&amp;anyo=2013-14&amp;exp_numord=16&amp;tes_codnum=1\"><strong>Enlace a web<\/strong><\/a><\/p>\n","protected":false},"excerpt":{"rendered":"<p>Nombre de la tesis:\u00a0El rol de la familia marroqu\u00ed en la educaci\u00f3n de los hijos. Antes y despu\u00e9s de la migraci\u00f3n Grupo de Investigaci\u00f3n:\u00a0CEMyRI Fecha de lectura:\u00a011\/10\/2013 N\u00ba de referencia:\u00a0881 Director\/a:\u00a0Encarnaci\u00f3n Soriano Ayala Calificaci\u00f3n:\u00a0Sobresaliente \u00abCum Laude\u00bb Departamento:\u00a0 Geograf\u00eda, Historia\u00a0y Humanidades Facultad: Humanidades Universidad: Almer\u00eda Correo Electr\u00f3nico:\u00a0naima-almeria@hotmail.fr Enlace a web<\/p>\n","protected":false},"author":2,"featured_media":25397,"parent":24425,"menu_order":0,"comment_status":"closed","ping_status":"closed","template":"","meta":{"footnotes":""},"class_list":["post-24394","page","type-page","status-publish","has-post-thumbnail","hentry"],"_links":{"self":[{"href":"https:\/\/cemyri.es\/es\/wp-json\/wp\/v2\/pages\/24394","targetHints":{"allow":["GET"]}}],"collection":[{"href":"https:\/\/cemyri.es\/es\/wp-json\/wp\/v2\/pages"}],"about":[{"href":"https:\/\/cemyri.es\/es\/wp-json\/wp\/v2\/types\/page"}],"author":[{"embeddable":true,"href":"https:\/\/cemyri.es\/es\/wp-json\/wp\/v2\/users\/2"}],"replies":[{"embeddable":true,"href":"https:\/\/cemyri.es\/es\/wp-json\/wp\/v2\/comments?post=24394"}],"version-history":[{"count":1,"href":"https:\/\/cemyri.es\/es\/wp-json\/wp\/v2\/pages\/24394\/revisions"}],"predecessor-version":[{"id":25259,"href":"https:\/\/cemyri.es\/es\/wp-json\/wp\/v2\/pages\/24394\/revisions\/25259"}],"up":[{"embeddable":true,"href":"https:\/\/cemyri.es\/es\/wp-json\/wp\/v2\/pages\/24425"}],"wp:featuredmedia":[{"embeddable":true,"href":"https:\/\/cemyri.es\/es\/wp-json\/wp\/v2\/media\/25397"}],"wp:attachment":[{"href":"https:\/\/cemyri.es\/es\/wp-json\/wp\/v2\/media?parent=24394"}],"curies":[{"name":"wp","href":"https:\/\/api.w.org\/{rel}","templated":true}]}}