{"id":24400,"date":"2015-12-21T15:02:45","date_gmt":"2015-12-21T13:02:45","guid":{"rendered":"http:\/\/www.cemyri.es\/?page_id=24400"},"modified":"2025-09-10T11:38:52","modified_gmt":"2025-09-10T11:38:52","slug":"pablo-sayans-jimenez","status":"publish","type":"page","link":"https:\/\/cemyri.es\/es\/investigadores-adscritos-titulares\/pablo-sayans-jimenez\/","title":{"rendered":"Pablo Sayans Jim\u00e9nez"},"content":{"rendered":"<p><strong>Nombre de la tesis:\u00a0<\/strong>Hacia una nueva conceptualizaci\u00f3n y medici\u00f3n de las actitudes intergrupales basadas en dimensiones estereot\u00edpicas<br \/>\n<img decoding=\"async\" class=\"alignright\" src=\"http:\/\/www.cemyri.es\/wp-content\/uploads\/LOGO-11-300x284.jpg\" \/><br \/>\n<strong>Grupo de Investigaci\u00f3n:<\/strong>\u00a0HUM-743<\/p>\n<p><strong>Fecha de lectura:<\/strong>\u00a016\/01\/2015<\/p>\n<p><strong>N\u00ba de referencia:\u00a0<\/strong>982<\/p>\n<p><strong>Director\/a:\u00a0<\/strong>Antonio Jos\u00e9 Rojas Tejada y \u00a0Mar\u00eda Isabel Cuadrado Guirado<\/p>\n<p><strong>Calificaci\u00f3n:<\/strong>\u00a0Sobresaliente \u00abCum Laude\u00bb con\u00a0<strong>Menci\u00f3n internacional: <\/strong>ANNENBERG SCHOOL FOR COMMUNICATION, UNIVERSITY OF PENNSYLVANIA<\/p>\n<p><strong>Departamento:<\/strong>\u00a0 Geograf\u00eda, Historia\u00a0y Humanidades<\/p>\n<p><strong>Facultad:<\/strong> Humanidades<\/p>\n<p><strong>Universidad:<\/strong> Almer\u00eda<\/p>\n<p><strong>Correo Electr\u00f3nico:<\/strong> <span style=\"color: #000000;\"><a class=\"spamspan\" style=\"color: #000000;\" href=\"mailto:psj242@ual.es\">psj242@ual.es<\/a> <\/span><\/p>\n<p><a href=\"http:\/\/cms.ual.es\/UAL\/estudios\/doctorado\/tesis\/tesisdoctoral\/DOCTORADO8703?plan=8703&amp;anyo=2014-15&amp;exp_numord=21&amp;tes_codnum=1&amp;idioma=es\"><strong>Enlace a web<\/strong><\/a><\/p>\n","protected":false},"excerpt":{"rendered":"<p>Nombre de la tesis:\u00a0Hacia una nueva conceptualizaci\u00f3n y medici\u00f3n de las actitudes intergrupales basadas en dimensiones estereot\u00edpicas Grupo de Investigaci\u00f3n:\u00a0HUM-743 Fecha de lectura:\u00a016\/01\/2015 N\u00ba de referencia:\u00a0982 Director\/a:\u00a0Antonio Jos\u00e9 Rojas Tejada y \u00a0Mar\u00eda Isabel Cuadrado Guirado Calificaci\u00f3n:\u00a0Sobresaliente \u00abCum Laude\u00bb con\u00a0Menci\u00f3n internacional: ANNENBERG SCHOOL FOR COMMUNICATION, UNIVERSITY OF PENNSYLVANIA Departamento:\u00a0 Geograf\u00eda, Historia\u00a0y Humanidades Facultad: Humanidades Universidad: Almer\u00eda&#8230;<\/p>\n","protected":false},"author":2,"featured_media":25399,"parent":33,"menu_order":0,"comment_status":"closed","ping_status":"closed","template":"","meta":{"footnotes":""},"class_list":["post-24400","page","type-page","status-publish","has-post-thumbnail","hentry"],"_links":{"self":[{"href":"https:\/\/cemyri.es\/es\/wp-json\/wp\/v2\/pages\/24400","targetHints":{"allow":["GET"]}}],"collection":[{"href":"https:\/\/cemyri.es\/es\/wp-json\/wp\/v2\/pages"}],"about":[{"href":"https:\/\/cemyri.es\/es\/wp-json\/wp\/v2\/types\/page"}],"author":[{"embeddable":true,"href":"https:\/\/cemyri.es\/es\/wp-json\/wp\/v2\/users\/2"}],"replies":[{"embeddable":true,"href":"https:\/\/cemyri.es\/es\/wp-json\/wp\/v2\/comments?post=24400"}],"version-history":[{"count":1,"href":"https:\/\/cemyri.es\/es\/wp-json\/wp\/v2\/pages\/24400\/revisions"}],"predecessor-version":[{"id":25266,"href":"https:\/\/cemyri.es\/es\/wp-json\/wp\/v2\/pages\/24400\/revisions\/25266"}],"up":[{"embeddable":true,"href":"https:\/\/cemyri.es\/es\/wp-json\/wp\/v2\/pages\/33"}],"wp:featuredmedia":[{"embeddable":true,"href":"https:\/\/cemyri.es\/es\/wp-json\/wp\/v2\/media\/25399"}],"wp:attachment":[{"href":"https:\/\/cemyri.es\/es\/wp-json\/wp\/v2\/media?parent=24400"}],"curies":[{"name":"wp","href":"https:\/\/api.w.org\/{rel}","templated":true}]}}