{"id":24402,"date":"2015-12-21T15:02:13","date_gmt":"2015-12-21T13:02:13","guid":{"rendered":"http:\/\/www.cemyri.es\/?page_id=24402"},"modified":"2016-07-06T07:48:12","modified_gmt":"2016-07-06T07:48:12","slug":"lucia-lopez-rodriguez","status":"publish","type":"page","link":"https:\/\/cemyri.es\/es\/tesis-doctorales\/lucia-lopez-rodriguez\/","title":{"rendered":"Luc\u00eda L\u00f3pez Rodr\u00edguez"},"content":{"rendered":"<p><strong>Nombre de la tesis:\u00a0<\/strong>Modelo del contenido de los estereotipos y Bias Map: Relaci\u00f3n con el proceso de aculturaci\u00f3n desde la perspectiva de la mayor\u00eda<br \/>\n<img decoding=\"async\" class=\"alignright\" src=\"http:\/\/www.cemyri.es\/wp-content\/uploads\/photo.jpg\" \/><br \/>\n<strong>Grupo de Investigaci\u00f3n:<\/strong>\u00a0HUM-743<\/p>\n<p><strong>Fecha de lectura:\u00a0<\/strong>20\/09\/2013<\/p>\n<p><strong>N\u00ba de referencia:\u00a0<\/strong>870<\/p>\n<p><strong>Director\/a:\u00a0<\/strong>Mar\u00eda Soledad Navas Luque y Mar\u00eda Isabel Cuadrado Guirado<\/p>\n<p><strong>Calificaci\u00f3n:<\/strong>\u00a0Sobresaliente \u00abCum Laude\u00bb con\u00a0<strong>Menci\u00f3n internacional: <\/strong>UNIVERSITA DEGLI\u00a0STUDI DI MILANO-BICOCCA-ITALIA<\/p>\n<p><strong>Departamento:<\/strong>\u00a0\u00a0Psicolog\u00eda<\/p>\n<p><strong>Facultad:<\/strong> Humanidades<\/p>\n<p><strong>Universidad:<\/strong> Almer\u00eda<\/p>\n<p><strong>Correo Electr\u00f3nico:<\/strong> <a class=\"spamspan\" href=\"mailto:lrl621@ual.es\">lrl621@ual.es<\/a><\/p>\n<p><a href=\"http:\/\/cms.ual.es\/UAL\/es\/estudios\/doctorado\/tesis\/tesisdoctoral\/DOCTORADO8703?plan=8703&amp;anyo=2012-13&amp;exp_numord=2&amp;tes_codnum=1\"><strong>Enlace a web<\/strong><\/a><\/p>\n","protected":false},"excerpt":{"rendered":"<p>Nombre de la tesis:\u00a0Modelo del contenido de los estereotipos y Bias Map: Relaci\u00f3n con el proceso de aculturaci\u00f3n desde la perspectiva de la mayor\u00eda Grupo de Investigaci\u00f3n:\u00a0HUM-743 Fecha de lectura:\u00a020\/09\/2013 N\u00ba de referencia:\u00a0870 Director\/a:\u00a0Mar\u00eda Soledad Navas Luque y Mar\u00eda Isabel Cuadrado Guirado Calificaci\u00f3n:\u00a0Sobresaliente \u00abCum Laude\u00bb con\u00a0Menci\u00f3n internacional: UNIVERSITA DEGLI\u00a0STUDI DI MILANO-BICOCCA-ITALIA Departamento:\u00a0\u00a0Psicolog\u00eda Facultad: Humanidades Universidad:&#8230;<\/p>\n","protected":false},"author":2,"featured_media":25400,"parent":24425,"menu_order":0,"comment_status":"closed","ping_status":"closed","template":"","meta":{"footnotes":""},"class_list":["post-24402","page","type-page","status-publish","has-post-thumbnail","hentry"],"_links":{"self":[{"href":"https:\/\/cemyri.es\/es\/wp-json\/wp\/v2\/pages\/24402","targetHints":{"allow":["GET"]}}],"collection":[{"href":"https:\/\/cemyri.es\/es\/wp-json\/wp\/v2\/pages"}],"about":[{"href":"https:\/\/cemyri.es\/es\/wp-json\/wp\/v2\/types\/page"}],"author":[{"embeddable":true,"href":"https:\/\/cemyri.es\/es\/wp-json\/wp\/v2\/users\/2"}],"replies":[{"embeddable":true,"href":"https:\/\/cemyri.es\/es\/wp-json\/wp\/v2\/comments?post=24402"}],"version-history":[{"count":1,"href":"https:\/\/cemyri.es\/es\/wp-json\/wp\/v2\/pages\/24402\/revisions"}],"predecessor-version":[{"id":25264,"href":"https:\/\/cemyri.es\/es\/wp-json\/wp\/v2\/pages\/24402\/revisions\/25264"}],"up":[{"embeddable":true,"href":"https:\/\/cemyri.es\/es\/wp-json\/wp\/v2\/pages\/24425"}],"wp:featuredmedia":[{"embeddable":true,"href":"https:\/\/cemyri.es\/es\/wp-json\/wp\/v2\/media\/25400"}],"wp:attachment":[{"href":"https:\/\/cemyri.es\/es\/wp-json\/wp\/v2\/media?parent=24402"}],"curies":[{"name":"wp","href":"https:\/\/api.w.org\/{rel}","templated":true}]}}