{"id":24425,"date":"2015-12-21T14:55:07","date_gmt":"2015-12-21T12:55:07","guid":{"rendered":"http:\/\/www.cemyri.es\/?page_id=24425"},"modified":"2025-09-10T11:39:22","modified_gmt":"2025-09-10T11:39:22","slug":"tesis-doctorales","status":"publish","type":"page","link":"https:\/\/cemyri.es\/es\/tesis-doctorales\/","title":{"rendered":"Tesis doctorales"},"content":{"rendered":"\n<ul class=\"wp-block-list\">\n<li><a href=\"https:\/\/cemyri.es\/es\/tesis-doctorales\/estefania-acien-gonzalez\/\">Aci\u00e9n Gonz\u00e1lez, Estefan\u00eda<\/a><\/li>\n\n\n\n<li><a href=\"https:\/\/cemyri.es\/es\/tesis-doctorales\/alexandra-ainz-galende\/\">Ainz Galende, Alexandra<\/a><\/li>\n\n\n\n<li><a href=\"https:\/\/cemyri.es\/es\/tesis-doctorales\/angeles-arjona-garrido\/\">Arjona Garrido, \u00c1ngeles<\/a><\/li>\n\n\n\n<li><a href=\"https:\/\/cemyri.es\/es\/andrea-blanc-molina-2\/\">Blanc Molina, Andrea<\/a><\/li>\n\n\n\n<li>Caballero Cala, Ver\u00f3nica<\/li>\n\n\n\n<li><a href=\"https:\/\/cemyri.es\/es\/tesis-doctorales\/luisa-maria-cervantes-martinez\/\">Cervantes Mart\u00ednez, Luisa Mar\u00eda<\/a><\/li>\n\n\n\n<li><a href=\"https:\/\/cemyri.es\/es\/tesis-doctorales\/juan-carlos-checa-olmos\/\">Checa Olmos, Juan Carlos<\/a><\/li>\n\n\n\n<li><a href=\"https:\/\/cemyri.es\/es\/tesis-doctorales\/rachida-dalough\/\">Dalouh, Rachida<\/a><\/li>\n\n\n\n<li><a href=\"https:\/\/cemyri.es\/es\/tesis-doctorales\/naima-ejbari\/\">Ejbari El Bachir, Naima<\/a><\/li>\n\n\n\n<li><a href=\"https:\/\/cemyri.es\/es\/tesis-doctorales\/victoria-figueredo-canosa\/\">Figueredo Canosa, Victoria<\/a><\/li>\n\n\n\n<li><a href=\"https:\/\/cemyri.es\/es\/tesis-doctorales\/beatriz-gonzalez-martin\/\">Gonz\u00e1lez Mart\u00edn, Beatriz<\/a><\/li>\n\n\n\n<li><a href=\"https:\/\/cemyri.es\/es\/tesis-doctorales\/maria-isabel-gutierrez-izquierdo\/\">Guti\u00e9rrez Izquierdo, Mar\u00eda Isabel<\/a><\/li>\n\n\n\n<li><a href=\"https:\/\/cemyri.es\/es\/tesis-doctorales\/soledad-gutierrez-pastor\/\">Guti\u00e9rrez Pastor, Soledad<\/a><\/li>\n\n\n\n<li><a href=\"https:\/\/cemyri.es\/es\/tesis-doctorales\/daniela-herrera-rubalcaba\/\">Herrera Rubalcaba, Daniela<\/a><\/li>\n\n\n\n<li><a href=\"https:\/\/cemyri.es\/es\/tesis-doctorales\/pedro-luis-ibanez-allera\/\">Ib\u00e1\u00f1ez Allera, Pedro Luis<\/a><\/li>\n\n\n\n<li><a href=\"https:\/\/cemyri.es\/es\/tesis-doctorales\/lucia-lopez-rodriguez\/\">L\u00f3pez Rodr\u00edguez,&nbsp;Luc\u00eda<\/a><\/li>\n\n\n\n<li><a href=\"https:\/\/cemyri.es\/es\/tesis-doctorales\/francisco-majuelos-martinez\/\">Majuelos Mart\u00ednez, Francisco<\/a><\/li>\n\n\n\n<li><a href=\"https:\/\/cemyri.es\/es\/tesis-doctorales\/maria-isabel-oliver-reche\/\">Oliver Reche, Mar\u00eda Isabel<\/a><\/li>\n\n\n\n<li>Rodr\u00edguez Arrastia, Miguel Jes\u00fas<\/li>\n\n\n\n<li><a href=\"https:\/\/cemyri.es\/es\/tesis-doctorales\/valentin-a-santander-ramirez\/\">Santander Ram\u00edrez, Valent\u00edn\u00a0A.<\/a><\/li>\n<\/ul>\n","protected":false},"excerpt":{"rendered":"","protected":false},"author":3,"featured_media":0,"parent":0,"menu_order":0,"comment_status":"closed","ping_status":"closed","template":"","meta":{"footnotes":""},"class_list":["post-24425","page","type-page","status-publish","hentry"],"_links":{"self":[{"href":"https:\/\/cemyri.es\/es\/wp-json\/wp\/v2\/pages\/24425","targetHints":{"allow":["GET"]}}],"collection":[{"href":"https:\/\/cemyri.es\/es\/wp-json\/wp\/v2\/pages"}],"about":[{"href":"https:\/\/cemyri.es\/es\/wp-json\/wp\/v2\/types\/page"}],"author":[{"embeddable":true,"href":"https:\/\/cemyri.es\/es\/wp-json\/wp\/v2\/users\/3"}],"replies":[{"embeddable":true,"href":"https:\/\/cemyri.es\/es\/wp-json\/wp\/v2\/comments?post=24425"}],"version-history":[{"count":32,"href":"https:\/\/cemyri.es\/es\/wp-json\/wp\/v2\/pages\/24425\/revisions"}],"predecessor-version":[{"id":28204,"href":"https:\/\/cemyri.es\/es\/wp-json\/wp\/v2\/pages\/24425\/revisions\/28204"}],"wp:attachment":[{"href":"https:\/\/cemyri.es\/es\/wp-json\/wp\/v2\/media?parent=24425"}],"curies":[{"name":"wp","href":"https:\/\/api.w.org\/{rel}","templated":true}]}}