{"id":24581,"date":"2016-04-12T11:56:47","date_gmt":"2016-04-12T09:56:47","guid":{"rendered":"http:\/\/www.cemyri.es\/?page_id=24581"},"modified":"2023-07-25T18:27:10","modified_gmt":"2023-07-25T18:27:10","slug":"encarnacion-soriano-ayala","status":"publish","type":"page","link":"https:\/\/cemyri.es\/es\/investigadores-adscritos-titulares\/encarnacion-soriano-ayala\/","title":{"rendered":"Encarnaci\u00f3n Soriano Ayala"},"content":{"rendered":"<p><strong>Departamento:<\/strong>\u00a0Educaci\u00f3n<\/p>\n<p><strong>Facultad:<\/strong> Humanidades<\/p>\n<p><strong>Universidad:<\/strong> Almer\u00eda<\/p>\n<p><strong>L\u00edneas de Investigaci\u00f3n: <\/strong>M\u00e9todos de Investigaci\u00f3n y Diagn\u00f3stico educaci\u00f3n.<\/p>\n<p><strong>Grupo de Investigaci\u00f3n: <span style=\"color: #000000;\"><a style=\"color: #000000;\" href=\"http:\/\/www.lasc.es\/\" target=\"_blank\" rel=\"noopener\">HUM-6<\/a>65<\/span><\/strong><\/p>\n<p><strong>Status:<\/strong>\u00a0Investigadora Adscrita<\/p>\n<p><strong>Profesora Titular de la Universidad de Almer\u00eda<\/strong><\/p>\n<p><strong>\u00a0Correo Electr\u00f3nico:<\/strong> <a href=\"mailto: eacien@ual.es\">esoriano@ual.es<\/a><\/p>\n<p><strong>Tel\u00e9fono:<\/strong>\u00a0950015755<\/p>\n<p><strong>Direcci\u00f3n de contacto:<\/strong> CEMyRI, Edificio de Servicios T\u00e9cnicos, Seg. Planta, Desp. 02.12.0, Universidad de Almer\u00eda<\/p>\n","protected":false},"excerpt":{"rendered":"<p>Departamento:\u00a0Educaci\u00f3n Facultad: Humanidades Universidad: Almer\u00eda L\u00edneas de Investigaci\u00f3n: M\u00e9todos de Investigaci\u00f3n y Diagn\u00f3stico educaci\u00f3n. Grupo de Investigaci\u00f3n: HUM-665 Status:\u00a0Investigadora Adscrita Profesora Titular de la Universidad de Almer\u00eda \u00a0Correo Electr\u00f3nico: esoriano@ual.es Tel\u00e9fono:\u00a0950015755 Direcci\u00f3n de contacto: CEMyRI, Edificio de Servicios T\u00e9cnicos, Seg. Planta, Desp. 02.12.0, Universidad de Almer\u00eda<\/p>\n","protected":false},"author":2,"featured_media":25401,"parent":33,"menu_order":0,"comment_status":"closed","ping_status":"closed","template":"","meta":{"footnotes":""},"class_list":["post-24581","page","type-page","status-publish","has-post-thumbnail","hentry"],"_links":{"self":[{"href":"https:\/\/cemyri.es\/es\/wp-json\/wp\/v2\/pages\/24581","targetHints":{"allow":["GET"]}}],"collection":[{"href":"https:\/\/cemyri.es\/es\/wp-json\/wp\/v2\/pages"}],"about":[{"href":"https:\/\/cemyri.es\/es\/wp-json\/wp\/v2\/types\/page"}],"author":[{"embeddable":true,"href":"https:\/\/cemyri.es\/es\/wp-json\/wp\/v2\/users\/2"}],"replies":[{"embeddable":true,"href":"https:\/\/cemyri.es\/es\/wp-json\/wp\/v2\/comments?post=24581"}],"version-history":[{"count":4,"href":"https:\/\/cemyri.es\/es\/wp-json\/wp\/v2\/pages\/24581\/revisions"}],"predecessor-version":[{"id":27816,"href":"https:\/\/cemyri.es\/es\/wp-json\/wp\/v2\/pages\/24581\/revisions\/27816"}],"up":[{"embeddable":true,"href":"https:\/\/cemyri.es\/es\/wp-json\/wp\/v2\/pages\/33"}],"wp:featuredmedia":[{"embeddable":true,"href":"https:\/\/cemyri.es\/es\/wp-json\/wp\/v2\/media\/25401"}],"wp:attachment":[{"href":"https:\/\/cemyri.es\/es\/wp-json\/wp\/v2\/media?parent=24581"}],"curies":[{"name":"wp","href":"https:\/\/api.w.org\/{rel}","templated":true}]}}