{"id":24736,"date":"2016-06-30T08:53:24","date_gmt":"2016-06-30T08:53:24","guid":{"rendered":"https:\/\/cemyri.es\/es\/?page_id=24736"},"modified":"2023-07-25T18:44:25","modified_gmt":"2023-07-25T18:44:25","slug":"presentacion","status":"publish","type":"page","link":"https:\/\/cemyri.es\/es\/andalucia-integra\/presentacion\/","title":{"rendered":"Presentaci\u00f3n"},"content":{"rendered":"<p>&nbsp;<\/p>\n<p>El Centro de Estudio de las Migraciones y las Relaciones Interculturales de la Universidad de Almer\u00eda (CEMyRI) participa en el programa de Cooperaci\u00f3n Transfronteriza Espa\u00f1a-Fronteras Exteriores (POCTEFEX) a trav\u00e9s del proyecto <strong>ANDALUC\u00cdA INTEGRA<\/strong> (Integraci\u00f3n socio-laboral de inmigrantes procedentes de Marruecos) cofinanciado por el Fondo Europeo de Desarrollo Regional (FEDER). El proyecto es iniciativa de la <strong>Fundaci\u00f3n C\u00e1mara de Comercio, Industria y Navegaci\u00f3n de Sevilla<\/strong>, que act\u00faa como Jefe de Filas, y cuenta con dos socios europeos (Universidad de Almer\u00eda y Direcci\u00f3n General de Coordinaci\u00f3n de Pol\u00edticas Migratorias de la Consejer\u00eda de Justicia e Interior de la Junta de Andaluc\u00eda) y tres marroqu\u00edes (Universidad Abdelmalek Essa\u00e2di&nbsp;-T\u00e1nger-Tetu\u00e1n-,&nbsp;Red Chabaka&nbsp;-T\u00e1nger- y&nbsp;Association Marocaine d\u2019\u00c9tudes et de Recherche sur les Migrations&nbsp;\u2013Rabat-). El objetivo es \u201cContribuir a la integraci\u00f3n socio-laboral en Andaluc\u00eda de las personas inmigrantes de Marruecos y eliminar las barreras para su integraci\u00f3n, con el fin de que la integraci\u00f3n favorezca mutuamente al colectivo y a la sociedad receptora\u201d y, para conseguirlo, incluye seis actividades: 1)&nbsp;Estudios preliminares,&nbsp;2)&nbsp;Organizaci\u00f3n de actividades de formaci\u00f3n e integraci\u00f3n social, 3)&nbsp;Inserci\u00f3n laboral en empresas, 4)&nbsp;Evaluaci\u00f3n, calidad y durabilidad, 5)&nbsp;Gesti\u00f3n y coordinaci\u00f3n del proyecto&nbsp;y 6)&nbsp;Comunicaci\u00f3n.<\/p>\n<p>El CEMyRI es responsable de la <strong>Actividad 1<\/strong>, centrada en la investigaci\u00f3n y cuyo contenido se concreta en tres acciones: 1) Constituci\u00f3n del grupo de trabajo y definici\u00f3n de la metodolog\u00eda, 2) Visitas t\u00e9cnicas e intercambios de experiencias y 3) Informes y resultados preliminares. En cumplimiento de la tarea encomendada, trabajamos en el cierre de una ambiciosa investigaci\u00f3n que se titular\u00e1&nbsp;Estudio preliminar sobre la integraci\u00f3n socio-laboral de la poblaci\u00f3n marroqu\u00ed en Andaluc\u00eda.&nbsp;Este trabajo ha reunido a investigadores adscritos y colaboradores del CEMyRI y explora el estado de la integraci\u00f3n socio-laboral de este colectivo en nuestra comunidad en cuanto a:&nbsp;Empleo y mercado de trabajo;&nbsp;Educaci\u00f3n y segunda generaci\u00f3n;&nbsp;Salud;&nbsp;Espacios de sociabilidad, urbanos y residenciales;&nbsp;Actitudes y racismo;&nbsp;Religi\u00f3n y aspectos idiom\u00e1ticos y Apreciaciones de la realidad en origen.<\/p>\n<p>Esta investigaci\u00f3n multim\u00e9todo e interdisciplinar ha implicado la visita a centros de atenci\u00f3n a la poblaci\u00f3n inmigrada en Andaluc\u00eda, generando hasta 75 entrevistas en profundidad a agentes sociales (administraci\u00f3n p\u00fablica, sociedad civil, sindicatos, sector empresarial, informantes an\u00f3nimos marroqu\u00edes, etc.) e incluyendo la aplicaci\u00f3n de observaci\u00f3n participante, grupos de discusi\u00f3n y encuestas telef\u00f3nicas. Adem\u00e1s, se ha contactado en T\u00e1nger (Marruecos) con familiares de emigrados marroqu\u00edes en Andaluc\u00eda para conocer el grado de impacto de la crisis econ\u00f3mica en origen.<\/p>\n<p>&nbsp;<\/p>\n","protected":false},"excerpt":{"rendered":"<p>&nbsp; El Centro de Estudio de las Migraciones y las Relaciones Interculturales de la Universidad de Almer\u00eda (CEMyRI) participa en el programa de Cooperaci\u00f3n Transfronteriza Espa\u00f1a-Fronteras Exteriores (POCTEFEX) a trav\u00e9s del proyecto ANDALUC\u00cdA INTEGRA (Integraci\u00f3n socio-laboral de inmigrantes procedentes de Marruecos) cofinanciado por el Fondo Europeo de Desarrollo Regional (FEDER). El proyecto es iniciativa de&#8230;<\/p>\n","protected":false},"author":1,"featured_media":27838,"parent":24734,"menu_order":0,"comment_status":"closed","ping_status":"closed","template":"","meta":{"footnotes":""},"class_list":["post-24736","page","type-page","status-publish","has-post-thumbnail","hentry"],"_links":{"self":[{"href":"https:\/\/cemyri.es\/es\/wp-json\/wp\/v2\/pages\/24736","targetHints":{"allow":["GET"]}}],"collection":[{"href":"https:\/\/cemyri.es\/es\/wp-json\/wp\/v2\/pages"}],"about":[{"href":"https:\/\/cemyri.es\/es\/wp-json\/wp\/v2\/types\/page"}],"author":[{"embeddable":true,"href":"https:\/\/cemyri.es\/es\/wp-json\/wp\/v2\/users\/1"}],"replies":[{"embeddable":true,"href":"https:\/\/cemyri.es\/es\/wp-json\/wp\/v2\/comments?post=24736"}],"version-history":[{"count":6,"href":"https:\/\/cemyri.es\/es\/wp-json\/wp\/v2\/pages\/24736\/revisions"}],"predecessor-version":[{"id":27837,"href":"https:\/\/cemyri.es\/es\/wp-json\/wp\/v2\/pages\/24736\/revisions\/27837"}],"up":[{"embeddable":true,"href":"https:\/\/cemyri.es\/es\/wp-json\/wp\/v2\/pages\/24734"}],"wp:featuredmedia":[{"embeddable":true,"href":"https:\/\/cemyri.es\/es\/wp-json\/wp\/v2\/media\/27838"}],"wp:attachment":[{"href":"https:\/\/cemyri.es\/es\/wp-json\/wp\/v2\/media?parent=24736"}],"curies":[{"name":"wp","href":"https:\/\/api.w.org\/{rel}","templated":true}]}}