{"id":24768,"date":"2016-06-30T10:17:46","date_gmt":"2016-06-30T10:17:46","guid":{"rendered":"https:\/\/cemyri.es\/es\/?page_id=24768"},"modified":"2023-10-26T08:32:26","modified_gmt":"2023-10-26T08:32:26","slug":"realizados-en-2011","status":"publish","type":"page","link":"https:\/\/cemyri.es\/es\/realizados-en-2011\/","title":{"rendered":"Proyectos realizados en 2011 (ADDENDA)"},"content":{"rendered":"\n<div class=\"wp-block-columns is-layout-flex wp-container-core-columns-is-layout-9d6595d7 wp-block-columns-is-layout-flex\">\n<div class=\"wp-block-column is-layout-flow wp-block-column-is-layout-flow\" style=\"flex-basis:100%\"><\/div>\n<\/div>\n\n\n\n<ul class=\"wp-block-list\">\n<li>Salud e inmigraci\u00f3n<\/li>\n\n\n\n<li>Salud sexual y reproductiva de la mujer inmigrada (magreb\u00ed, subsahariana y rumana)<\/li>\n\n\n\n<li>Gesti\u00f3n del multiling\u00fcismo y la Importancia de la mujer en la adquisici\u00f3n de la lengua<\/li>\n\n\n\n<li>Violencia de G\u00e9nero en Poblaciones Aut\u00f3ctonas e Inmigradas en el \u00c1mbito Geogr\u00e1fico del Sureste Espa\u00f1ol (Almer\u00eda-Murcia). Un an\u00e1lisis comparativo (II parte)<\/li>\n\n\n\n<li>Aspectos fiscales de la inmigraci\u00f3n en Espa\u00f1a (II Parte)<\/li>\n\n\n\n<li>La integraci\u00f3n social de los inmigrados de segunda generaci\u00f3n en Andaluc\u00eda<\/li>\n<\/ul>\n","protected":false},"excerpt":{"rendered":"","protected":false},"author":1,"featured_media":0,"parent":0,"menu_order":0,"comment_status":"closed","ping_status":"closed","template":"","meta":{"footnotes":""},"class_list":["post-24768","page","type-page","status-publish","hentry"],"_links":{"self":[{"href":"https:\/\/cemyri.es\/es\/wp-json\/wp\/v2\/pages\/24768","targetHints":{"allow":["GET"]}}],"collection":[{"href":"https:\/\/cemyri.es\/es\/wp-json\/wp\/v2\/pages"}],"about":[{"href":"https:\/\/cemyri.es\/es\/wp-json\/wp\/v2\/types\/page"}],"author":[{"embeddable":true,"href":"https:\/\/cemyri.es\/es\/wp-json\/wp\/v2\/users\/1"}],"replies":[{"embeddable":true,"href":"https:\/\/cemyri.es\/es\/wp-json\/wp\/v2\/comments?post=24768"}],"version-history":[{"count":9,"href":"https:\/\/cemyri.es\/es\/wp-json\/wp\/v2\/pages\/24768\/revisions"}],"predecessor-version":[{"id":27982,"href":"https:\/\/cemyri.es\/es\/wp-json\/wp\/v2\/pages\/24768\/revisions\/27982"}],"wp:attachment":[{"href":"https:\/\/cemyri.es\/es\/wp-json\/wp\/v2\/media?parent=24768"}],"curies":[{"name":"wp","href":"https:\/\/api.w.org\/{rel}","templated":true}]}}