{"id":24771,"date":"2016-06-30T10:19:45","date_gmt":"2016-06-30T10:19:45","guid":{"rendered":"https:\/\/cemyri.es\/es\/?page_id=24771"},"modified":"2023-10-26T08:30:31","modified_gmt":"2023-10-26T08:30:31","slug":"realizados-en-2010","status":"publish","type":"page","link":"https:\/\/cemyri.es\/es\/realizados-en-2010\/","title":{"rendered":"Proyectos realizados en 2010 (ADDENDA)"},"content":{"rendered":"\n<div id=\"toggle-id-3-container\" class=\"toggle_wrap active_tc\">\n<div class=\"toggle_content invers-color\">\n<ul>\n<li>Estudio sobre la Presencia del Alumnado de Origen Extranjero en el Ciclo 0 a 3 a\u00f1os de Educaci\u00f3n Infantil<\/li>\n\n<li>La Integraci\u00f3n de los Inmigrados de Segunda Generaci\u00f3n en Andaluc\u00eda<\/li>\n\n<li>Violencia de G\u00e9nero en Poblaciones Aut\u00f3ctonas en el \u00c1mbito Geogr\u00e1fico del Sureste espa\u00f1ol (Almer\u00eda-Murcia). Un An\u00e1lisis Comparativo<\/li>\n\n<li>Aspectos Fiscales de la Inmigraci\u00f3n en Espa\u00f1a<\/li>\n\n<li>Gesti\u00f3n Integral del Multiling\u00fcismo en el Sureste Espa\u00f1ol<\/li>\n\n<li>Proyecto Odiseo I. Visibilizaci\u00f3n y An\u00e1lisis de las Necesidades Socio-Sanitarias de Personas Inmigrantes con Enfermedades poco Prevalentes<\/li>\n\n<li>Proyecto Inmigraci\u00f3n y Salud: Alimentaci\u00f3n y Salud Materno-Infantil<\/li>\n<\/ul>\n\n\n\n\n\n\n<\/div>\n<\/div>\n","protected":false},"excerpt":{"rendered":"<p>Estudio sobre la Presencia del Alumnado de Origen Extranjero en el Ciclo 0 a 3 a\u00f1os de Educaci\u00f3n Infantil La Integraci\u00f3n de los Inmigrados de Segunda Generaci\u00f3n en Andaluc\u00eda Violencia de G\u00e9nero en Poblaciones Aut\u00f3ctonas en el \u00c1mbito Geogr\u00e1fico del Sureste espa\u00f1ol (Almer\u00eda-Murcia). Un An\u00e1lisis Comparativo Aspectos Fiscales de la Inmigraci\u00f3n en Espa\u00f1a Gesti\u00f3n Integral&#8230;<\/p>\n","protected":false},"author":1,"featured_media":0,"parent":0,"menu_order":0,"comment_status":"closed","ping_status":"closed","template":"","meta":{"footnotes":""},"class_list":["post-24771","page","type-page","status-publish","hentry"],"_links":{"self":[{"href":"https:\/\/cemyri.es\/es\/wp-json\/wp\/v2\/pages\/24771","targetHints":{"allow":["GET"]}}],"collection":[{"href":"https:\/\/cemyri.es\/es\/wp-json\/wp\/v2\/pages"}],"about":[{"href":"https:\/\/cemyri.es\/es\/wp-json\/wp\/v2\/types\/page"}],"author":[{"embeddable":true,"href":"https:\/\/cemyri.es\/es\/wp-json\/wp\/v2\/users\/1"}],"replies":[{"embeddable":true,"href":"https:\/\/cemyri.es\/es\/wp-json\/wp\/v2\/comments?post=24771"}],"version-history":[{"count":7,"href":"https:\/\/cemyri.es\/es\/wp-json\/wp\/v2\/pages\/24771\/revisions"}],"predecessor-version":[{"id":27979,"href":"https:\/\/cemyri.es\/es\/wp-json\/wp\/v2\/pages\/24771\/revisions\/27979"}],"wp:attachment":[{"href":"https:\/\/cemyri.es\/es\/wp-json\/wp\/v2\/media?parent=24771"}],"curies":[{"name":"wp","href":"https:\/\/api.w.org\/{rel}","templated":true}]}}