{"id":24973,"date":"2016-07-05T06:51:42","date_gmt":"2016-07-05T06:51:42","guid":{"rendered":"https:\/\/cemyri.es\/es\/?page_id=24973"},"modified":"2017-07-24T14:30:43","modified_gmt":"2017-07-24T14:30:43","slug":"formacion","status":"publish","type":"page","link":"https:\/\/cemyri.es\/es\/servicios-a-entidades-publicas-estatales-autonomicas-provinciales-y-locales\/formacion\/","title":{"rendered":"Formaci\u00f3n"},"content":{"rendered":"<p>&#8211; M\u00e1ster en Estudios e Intervenci\u00f3n Social en Inmigraci\u00f3n, Desarrollo y Grupos Vulnerables<\/p>\n<p>&#8211; Doctorado en Estudios Migratorios, Desarrollo e Intervenci\u00f3n Social<\/p>\n<p>&#8211; Formaci\u00f3n a:<\/p>\n<ul>\n<li>Equipos directivos de entidades p\u00fablicas.<\/li>\n<li>Personal t\u00e9cnico<\/li>\n<li>Empleados de entidades p\u00fablicas<\/li>\n<li>Habilidades para la intervenci\u00f3n social:<\/li>\n<\/ul>\n<ol>\n<li style=\"list-style-type: none;\">\n<ul>\n<li>Competencias interculturales<\/li>\n<li>Mediaci\u00f3n intercultural<\/li>\n<li>Metodolog\u00eda de investigaci\u00f3n social y detecci\u00f3n de necesidades (an\u00e1lisis DAFO)<\/li>\n<li>Redacci\u00f3n de informes (de investigaci\u00f3n y t\u00e9cnicos)<\/li>\n<li>Formador de formadores en migraciones, interculturalidad y gesti\u00f3n de la diversidad<\/li>\n<\/ul>\n<\/li>\n<\/ol>\n<p>&#8211; Intervenci\u00f3n pedag\u00f3gica y socioeducativa:<\/p>\n<ul>\n<li>Igualdad de g\u00e9nero<\/li>\n<li>Diversidad<\/li>\n<li>Derechos Humanos<\/li>\n<li>Participaci\u00f3n social<\/li>\n<\/ul>\n","protected":false},"excerpt":{"rendered":"<p>&#8211; M\u00e1ster en Estudios e Intervenci\u00f3n Social en Inmigraci\u00f3n, Desarrollo y Grupos Vulnerables &#8211; Doctorado en Estudios Migratorios, Desarrollo e Intervenci\u00f3n Social &#8211; Formaci\u00f3n a: Equipos directivos de entidades p\u00fablicas. Personal t\u00e9cnico Empleados de entidades p\u00fablicas Habilidades para la intervenci\u00f3n social: Competencias interculturales Mediaci\u00f3n intercultural Metodolog\u00eda de investigaci\u00f3n social y detecci\u00f3n de necesidades (an\u00e1lisis DAFO)&#8230;<\/p>\n","protected":false},"author":1,"featured_media":25505,"parent":572,"menu_order":0,"comment_status":"closed","ping_status":"closed","template":"","meta":{"footnotes":""},"class_list":["post-24973","page","type-page","status-publish","has-post-thumbnail","hentry"],"_links":{"self":[{"href":"https:\/\/cemyri.es\/es\/wp-json\/wp\/v2\/pages\/24973","targetHints":{"allow":["GET"]}}],"collection":[{"href":"https:\/\/cemyri.es\/es\/wp-json\/wp\/v2\/pages"}],"about":[{"href":"https:\/\/cemyri.es\/es\/wp-json\/wp\/v2\/types\/page"}],"author":[{"embeddable":true,"href":"https:\/\/cemyri.es\/es\/wp-json\/wp\/v2\/users\/1"}],"replies":[{"embeddable":true,"href":"https:\/\/cemyri.es\/es\/wp-json\/wp\/v2\/comments?post=24973"}],"version-history":[{"count":2,"href":"https:\/\/cemyri.es\/es\/wp-json\/wp\/v2\/pages\/24973\/revisions"}],"predecessor-version":[{"id":26186,"href":"https:\/\/cemyri.es\/es\/wp-json\/wp\/v2\/pages\/24973\/revisions\/26186"}],"up":[{"embeddable":true,"href":"https:\/\/cemyri.es\/es\/wp-json\/wp\/v2\/pages\/572"}],"wp:featuredmedia":[{"embeddable":true,"href":"https:\/\/cemyri.es\/es\/wp-json\/wp\/v2\/media\/25505"}],"wp:attachment":[{"href":"https:\/\/cemyri.es\/es\/wp-json\/wp\/v2\/media?parent=24973"}],"curies":[{"name":"wp","href":"https:\/\/api.w.org\/{rel}","templated":true}]}}