{"id":24975,"date":"2016-07-05T06:54:24","date_gmt":"2016-07-05T06:54:24","guid":{"rendered":"https:\/\/cemyri.es\/es\/?page_id=24975"},"modified":"2016-07-05T06:54:24","modified_gmt":"2016-07-05T06:54:24","slug":"investigacion","status":"publish","type":"page","link":"https:\/\/cemyri.es\/es\/servicios-a-entidades-publicas-estatales-autonomicas-provinciales-y-locales\/investigacion\/","title":{"rendered":"Investigaci\u00f3n"},"content":{"rendered":"<p>&#8211; Herramientas y estudios cuantitativos:<\/p>\n<ul>\n<li>Encuestas presenciales<\/li>\n<li>Entrevistas telef\u00f3nicas<\/li>\n<li>Hall-test<\/li>\n<li>Creaci\u00f3n y depuraci\u00f3n de bases de datos<\/li>\n<li>An\u00e1lisis estad\u00edstico multivariante<\/li>\n<li>Data Mining<\/li>\n<\/ul>\n<p>&#8211; Herramientas y estudios cuantitativos:<\/p>\n<ul>\n<li>\u00a0Entrevistas en profundidad<\/li>\n<li>Focus group<\/li>\n<li>Entrevistas a expertos\/as<\/li>\n<li>Din\u00e1micas participativas (IAP)<\/li>\n<li>An\u00e1lisis de contenido y transcripci\u00f3n<\/li>\n<li>An\u00e1lisis de redes sociales<\/li>\n<\/ul>\n<p>&#8211; Estudio de evaluaci\u00f3n de necesidades<\/p>\n<p>&#8211; Estudios sobre implementaci\u00f3n de pol\u00edticas p\u00fablicas<\/p>\n<p>&#8211; Planificaci\u00f3n estrat\u00e9gica y dise\u00f1o de actuaciones<\/p>\n<p>&#8211; Evaluaci\u00f3n de servicios y recursos p\u00fablicos<\/p>\n<p>&#8211; Anal\u00edtica web. Mediciones de impacto de las entidades en la red<\/p>\n<p>&#8211; Detecci\u00f3n de necesidades. An\u00e1lisis DAFO<\/p>\n<p>&#8211; Cualquier \u00e1mbito geogr\u00e1fico (regional, nacional, transnacional, internacional)<\/p>\n<p>&#8211; Investigaci\u00f3n-acci\u00f3n-participativa<\/p>\n<p>&#8211; Demogr\u00e1ficas (medici\u00f3n de indicadores demogr\u00e1ficos para cualquier tipo de planificaci\u00f3n).<\/p>\n<p>&#8211; Sociol\u00f3gicas (metodolog\u00edas cualitativas y cualitativas y centrados en problemas sociales)<\/p>\n<p>&#8211; Antropol\u00f3gicas (etnogr\u00e1ficas)<\/p>\n","protected":false},"excerpt":{"rendered":"<p>&#8211; Herramientas y estudios cuantitativos: Encuestas presenciales Entrevistas telef\u00f3nicas Hall-test Creaci\u00f3n y depuraci\u00f3n de bases de datos An\u00e1lisis estad\u00edstico multivariante Data Mining &#8211; Herramientas y estudios cuantitativos: \u00a0Entrevistas en profundidad Focus group Entrevistas a expertos\/as Din\u00e1micas participativas (IAP) An\u00e1lisis de contenido y transcripci\u00f3n An\u00e1lisis de redes sociales &#8211; Estudio de evaluaci\u00f3n de necesidades &#8211; Estudios&#8230;<\/p>\n","protected":false},"author":1,"featured_media":25506,"parent":572,"menu_order":0,"comment_status":"closed","ping_status":"closed","template":"","meta":{"footnotes":""},"class_list":["post-24975","page","type-page","status-publish","has-post-thumbnail","hentry"],"_links":{"self":[{"href":"https:\/\/cemyri.es\/es\/wp-json\/wp\/v2\/pages\/24975","targetHints":{"allow":["GET"]}}],"collection":[{"href":"https:\/\/cemyri.es\/es\/wp-json\/wp\/v2\/pages"}],"about":[{"href":"https:\/\/cemyri.es\/es\/wp-json\/wp\/v2\/types\/page"}],"author":[{"embeddable":true,"href":"https:\/\/cemyri.es\/es\/wp-json\/wp\/v2\/users\/1"}],"replies":[{"embeddable":true,"href":"https:\/\/cemyri.es\/es\/wp-json\/wp\/v2\/comments?post=24975"}],"version-history":[{"count":1,"href":"https:\/\/cemyri.es\/es\/wp-json\/wp\/v2\/pages\/24975\/revisions"}],"predecessor-version":[{"id":24976,"href":"https:\/\/cemyri.es\/es\/wp-json\/wp\/v2\/pages\/24975\/revisions\/24976"}],"up":[{"embeddable":true,"href":"https:\/\/cemyri.es\/es\/wp-json\/wp\/v2\/pages\/572"}],"wp:featuredmedia":[{"embeddable":true,"href":"https:\/\/cemyri.es\/es\/wp-json\/wp\/v2\/media\/25506"}],"wp:attachment":[{"href":"https:\/\/cemyri.es\/es\/wp-json\/wp\/v2\/media?parent=24975"}],"curies":[{"name":"wp","href":"https:\/\/api.w.org\/{rel}","templated":true}]}}