{"id":24977,"date":"2016-07-05T06:55:27","date_gmt":"2016-07-05T06:55:27","guid":{"rendered":"https:\/\/cemyri.es\/es\/?page_id=24977"},"modified":"2016-07-11T08:56:25","modified_gmt":"2016-07-11T08:56:25","slug":"consultoria-y-asesoria","status":"publish","type":"page","link":"https:\/\/cemyri.es\/es\/servicios-a-entidades-publicas-estatales-autonomicas-provinciales-y-locales\/consultoria-y-asesoria\/","title":{"rendered":"Consultor\u00eda y asesor\u00eda"},"content":{"rendered":"<p>&#8211; B\u00fasqueda, tramitaci\u00f3n de subvenciones y apoyo t\u00e9cnico.<\/p>\n<p>&#8211; Consultor\u00eda de g\u00e9nero y asistencia t\u00e9cnica:<\/p>\n<ul>\n<li>Diagn\u00f3sticos de igualdad.<\/li>\n<li>Planes de igualdad de mujeres y hombres.<\/li>\n<li>Proyectos con enfoque de g\u00e9nero.<\/li>\n<li>Proyectos coeducativos.<\/li>\n<li>Incorporaci\u00f3n del enfoque de g\u00e9nero en proyectos y servicios.<\/li>\n<li>Sistemas de seguimiento y evaluaci\u00f3n con enfoque de g\u00e9nero.<\/li>\n<\/ul>\n<p>&#8211; Proyectos europeos:<\/p>\n<ul>\n<li>B\u00fasqueda de socios<\/li>\n<li>Informaci\u00f3n sobre convocatorias<\/li>\n<li>Ayuda en la elaboraci\u00f3n y presentaci\u00f3n de propuestas<\/li>\n<li>Gesti\u00f3n de la diversidad y la convivencia<\/li>\n<li>Mediaci\u00f3n intercultural<\/li>\n<\/ul>\n<p>&#8211; Intervenci\u00f3n social en inmigraci\u00f3n:<\/p>\n<ul>\n<li>Aspectos residenciales y vivienda.<\/li>\n<li>Econom\u00eda \u00e9tnica.<\/li>\n<li>Mercado de trabajo.<\/li>\n<li>Salud.<\/li>\n<li>Educaci\u00f3n y segunda generaci\u00f3n.<\/li>\n<li>Extranjer\u00eda.<\/li>\n<li>Discriminaci\u00f3n y derechos humanos.<\/li>\n<li>G\u00e9nero.<\/li>\n<\/ul>\n<p>&#8211; Planes de acogida e integraci\u00f3n social, gu\u00edas de recursos multiling\u00fces.<\/p>\n<p>&#8211; Elaboraci\u00f3n de planes municipales, provinciales y auton\u00f3micos.<\/p>\n","protected":false},"excerpt":{"rendered":"<p>&#8211; B\u00fasqueda, tramitaci\u00f3n de subvenciones y apoyo t\u00e9cnico. &#8211; Consultor\u00eda de g\u00e9nero y asistencia t\u00e9cnica: Diagn\u00f3sticos de igualdad. Planes de igualdad de mujeres y hombres. Proyectos con enfoque de g\u00e9nero. Proyectos coeducativos. Incorporaci\u00f3n del enfoque de g\u00e9nero en proyectos y servicios. Sistemas de seguimiento y evaluaci\u00f3n con enfoque de g\u00e9nero. &#8211; Proyectos europeos: B\u00fasqueda de&#8230;<\/p>\n","protected":false},"author":1,"featured_media":25507,"parent":572,"menu_order":0,"comment_status":"closed","ping_status":"closed","template":"","meta":{"footnotes":""},"class_list":["post-24977","page","type-page","status-publish","has-post-thumbnail","hentry"],"_links":{"self":[{"href":"https:\/\/cemyri.es\/es\/wp-json\/wp\/v2\/pages\/24977","targetHints":{"allow":["GET"]}}],"collection":[{"href":"https:\/\/cemyri.es\/es\/wp-json\/wp\/v2\/pages"}],"about":[{"href":"https:\/\/cemyri.es\/es\/wp-json\/wp\/v2\/types\/page"}],"author":[{"embeddable":true,"href":"https:\/\/cemyri.es\/es\/wp-json\/wp\/v2\/users\/1"}],"replies":[{"embeddable":true,"href":"https:\/\/cemyri.es\/es\/wp-json\/wp\/v2\/comments?post=24977"}],"version-history":[{"count":1,"href":"https:\/\/cemyri.es\/es\/wp-json\/wp\/v2\/pages\/24977\/revisions"}],"predecessor-version":[{"id":24978,"href":"https:\/\/cemyri.es\/es\/wp-json\/wp\/v2\/pages\/24977\/revisions\/24978"}],"up":[{"embeddable":true,"href":"https:\/\/cemyri.es\/es\/wp-json\/wp\/v2\/pages\/572"}],"wp:featuredmedia":[{"embeddable":true,"href":"https:\/\/cemyri.es\/es\/wp-json\/wp\/v2\/media\/25507"}],"wp:attachment":[{"href":"https:\/\/cemyri.es\/es\/wp-json\/wp\/v2\/media?parent=24977"}],"curies":[{"name":"wp","href":"https:\/\/api.w.org\/{rel}","templated":true}]}}