{"id":24985,"date":"2016-07-05T07:07:56","date_gmt":"2016-07-05T07:07:56","guid":{"rendered":"https:\/\/cemyri.es\/es\/?page_id=24985"},"modified":"2016-07-11T09:12:58","modified_gmt":"2016-07-11T09:12:58","slug":"apoyo-y-asesoria-a-la-planificacion","status":"publish","type":"page","link":"https:\/\/cemyri.es\/es\/servicios-cientificos-y-de-asesoramiento-a-entidades-del-tercer-sector\/apoyo-y-asesoria-a-la-planificacion\/","title":{"rendered":"Apoyo y asesor\u00eda a la planificaci\u00f3n"},"content":{"rendered":"<div id=\"tab-id-3-container\" class=\"tab_content active_tab_content\">\n<div class=\"tab_inner_content invers-color\">\n<p>\u2013 Elaboraci\u00f3n de planes, programas y proyectos<\/p>\n<p>\u2013 Asesor\u00eda estrat\u00e9gica en la ejecuci\u00f3n de planes, programas y proyectos<\/p>\n<ul>\n<li>Ejecuci\u00f3n de actividades y acciones<\/li>\n<li>Apoyo documental y organizativo en actividades y acciones<\/li>\n<li>Apoyo en comunicaci\u00f3n y difusi\u00f3n<\/li>\n<\/ul>\n<p>\u2013 Seguimiento y evaluaci\u00f3n de proyectos<\/p>\n<ul>\n<li>Elaboraci\u00f3n de herramientas de registro y seguimiento\n<ul>\n<li>en la intervenci\u00f3n social<\/li>\n<li>en la investigaci\u00f3n-acci\u00f3n-participativa<\/li>\n<\/ul>\n<\/li>\n<li>Evaluaci\u00f3n prospectiva (dise\u00f1o de planes de evaluaci\u00f3n)<\/li>\n<li>Evaluaci\u00f3n concurrente (seguimiento)<\/li>\n<li>Evaluaci\u00f3n retrospectiva (de resultados)<\/li>\n<\/ul>\n<\/div>\n<\/div>\n","protected":false},"excerpt":{"rendered":"<p>\u2013 Elaboraci\u00f3n de planes, programas y proyectos \u2013 Asesor\u00eda estrat\u00e9gica en la ejecuci\u00f3n de planes, programas y proyectos Ejecuci\u00f3n de actividades y acciones Apoyo documental y organizativo en actividades y acciones Apoyo en comunicaci\u00f3n y difusi\u00f3n \u2013 Seguimiento y evaluaci\u00f3n de proyectos Elaboraci\u00f3n de herramientas de registro y seguimiento en la intervenci\u00f3n social en la&#8230;<\/p>\n","protected":false},"author":1,"featured_media":25514,"parent":584,"menu_order":0,"comment_status":"closed","ping_status":"closed","template":"","meta":{"footnotes":""},"class_list":["post-24985","page","type-page","status-publish","has-post-thumbnail","hentry"],"_links":{"self":[{"href":"https:\/\/cemyri.es\/es\/wp-json\/wp\/v2\/pages\/24985","targetHints":{"allow":["GET"]}}],"collection":[{"href":"https:\/\/cemyri.es\/es\/wp-json\/wp\/v2\/pages"}],"about":[{"href":"https:\/\/cemyri.es\/es\/wp-json\/wp\/v2\/types\/page"}],"author":[{"embeddable":true,"href":"https:\/\/cemyri.es\/es\/wp-json\/wp\/v2\/users\/1"}],"replies":[{"embeddable":true,"href":"https:\/\/cemyri.es\/es\/wp-json\/wp\/v2\/comments?post=24985"}],"version-history":[{"count":1,"href":"https:\/\/cemyri.es\/es\/wp-json\/wp\/v2\/pages\/24985\/revisions"}],"predecessor-version":[{"id":24986,"href":"https:\/\/cemyri.es\/es\/wp-json\/wp\/v2\/pages\/24985\/revisions\/24986"}],"up":[{"embeddable":true,"href":"https:\/\/cemyri.es\/es\/wp-json\/wp\/v2\/pages\/584"}],"wp:featuredmedia":[{"embeddable":true,"href":"https:\/\/cemyri.es\/es\/wp-json\/wp\/v2\/media\/25514"}],"wp:attachment":[{"href":"https:\/\/cemyri.es\/es\/wp-json\/wp\/v2\/media?parent=24985"}],"curies":[{"name":"wp","href":"https:\/\/api.w.org\/{rel}","templated":true}]}}