{"id":25000,"date":"2016-07-05T07:53:48","date_gmt":"2016-07-05T07:53:48","guid":{"rendered":"https:\/\/cemyri.es\/es\/?page_id=25000"},"modified":"2016-07-05T07:53:48","modified_gmt":"2016-07-05T07:53:48","slug":"organizacion-de-eventos","status":"publish","type":"page","link":"https:\/\/cemyri.es\/es\/servicio-para-empresas-yo-autonomos\/organizacion-de-eventos\/","title":{"rendered":"Organizaci\u00f3n de eventos"},"content":{"rendered":"<div id=\"tab-id-4-container\" class=\"tab_content  active_tab_content\">\n<div class=\"tab_inner_content invers-color\">\n<p>B\u00fasqueda de ponentes, moderaci\u00f3n, secretar\u00eda t\u00e9cnica, difusi\u00f3n, gesti\u00f3n de inscripciones, etc.<\/p>\n<ul>\n<li>Jornadas.<\/li>\n<li>Congresos.<\/li>\n<li>Seminarios.<\/li>\n<li>Simposium.<\/li>\n<li>Talleres.<\/li>\n<li>Eventos culturales.<\/li>\n<\/ul>\n<\/div>\n<\/div>\n","protected":false},"excerpt":{"rendered":"<p>B\u00fasqueda de ponentes, moderaci\u00f3n, secretar\u00eda t\u00e9cnica, difusi\u00f3n, gesti\u00f3n de inscripciones, etc. Jornadas. Congresos. Seminarios. Simposium. Talleres. Eventos culturales.<\/p>\n","protected":false},"author":1,"featured_media":25512,"parent":591,"menu_order":0,"comment_status":"closed","ping_status":"closed","template":"","meta":{"footnotes":""},"class_list":["post-25000","page","type-page","status-publish","has-post-thumbnail","hentry"],"_links":{"self":[{"href":"https:\/\/cemyri.es\/es\/wp-json\/wp\/v2\/pages\/25000","targetHints":{"allow":["GET"]}}],"collection":[{"href":"https:\/\/cemyri.es\/es\/wp-json\/wp\/v2\/pages"}],"about":[{"href":"https:\/\/cemyri.es\/es\/wp-json\/wp\/v2\/types\/page"}],"author":[{"embeddable":true,"href":"https:\/\/cemyri.es\/es\/wp-json\/wp\/v2\/users\/1"}],"replies":[{"embeddable":true,"href":"https:\/\/cemyri.es\/es\/wp-json\/wp\/v2\/comments?post=25000"}],"version-history":[{"count":1,"href":"https:\/\/cemyri.es\/es\/wp-json\/wp\/v2\/pages\/25000\/revisions"}],"predecessor-version":[{"id":25001,"href":"https:\/\/cemyri.es\/es\/wp-json\/wp\/v2\/pages\/25000\/revisions\/25001"}],"up":[{"embeddable":true,"href":"https:\/\/cemyri.es\/es\/wp-json\/wp\/v2\/pages\/591"}],"wp:featuredmedia":[{"embeddable":true,"href":"https:\/\/cemyri.es\/es\/wp-json\/wp\/v2\/media\/25512"}],"wp:attachment":[{"href":"https:\/\/cemyri.es\/es\/wp-json\/wp\/v2\/media?parent=25000"}],"curies":[{"name":"wp","href":"https:\/\/api.w.org\/{rel}","templated":true}]}}