{"id":25570,"date":"2016-07-14T09:18:46","date_gmt":"2016-07-14T09:18:46","guid":{"rendered":"https:\/\/cemyri.es\/es\/?page_id=25570"},"modified":"2023-07-25T18:28:27","modified_gmt":"2023-07-25T18:28:27","slug":"francisco-arqueros-fernandez","status":"publish","type":"page","link":"https:\/\/cemyri.es\/es\/investigadores-visitantes\/francisco-arqueros-fernandez\/","title":{"rendered":"Francisco Arqueros Fern\u00e1ndez"},"content":{"rendered":"<p><strong><br \/>\nDoctorado:<\/strong>\u00a0Doctor en Antropolog\u00eda<\/p>\n<p><strong>Universidad:<\/strong> University of Maynooth<\/p>\n<p><strong>L\u00edneas de Investigaci\u00f3n:<\/strong>\u00a0Econom\u00eda pol\u00edtica y relaciones de poder en la industria irlandesa del champi\u00f1\u00f3n.<\/p>\n<p><strong>Grupo de Investigaci\u00f3n:<\/strong> <a href=\"http:\/\/www.lasc.es\/\" target=\"_blank\" rel=\"noopener\">HUM-472<\/a><\/p>\n<p><strong>Status:<\/strong>\u00a0Investigador Posdoctoral<\/p>\n<p><strong>Correo Electr\u00f3nico:<\/strong>\u00a0francisco.arqueros@nuim.ie<\/p>\n<p><strong>Per\u00edodo\u00a0de estancia en el CEMyRI: <\/strong>1\/10\/2014 al 1\/06\/2016<\/p>\n<p><a href=\"http:\/\/nuim.academia.edu\/FranciscoArqueros\"><strong>Curr\u00edculum<\/strong><\/a><\/p>\n","protected":false},"excerpt":{"rendered":"<p>Doctorado:\u00a0Doctor en Antropolog\u00eda Universidad: University of Maynooth L\u00edneas de Investigaci\u00f3n:\u00a0Econom\u00eda pol\u00edtica y relaciones de poder en la industria irlandesa del champi\u00f1\u00f3n. Grupo de Investigaci\u00f3n: HUM-472 Status:\u00a0Investigador Posdoctoral Correo Electr\u00f3nico:\u00a0francisco.arqueros@nuim.ie Per\u00edodo\u00a0de estancia en el CEMyRI: 1\/10\/2014 al 1\/06\/2016 Curr\u00edculum<\/p>\n","protected":false},"author":2,"featured_media":25571,"parent":24423,"menu_order":0,"comment_status":"closed","ping_status":"closed","template":"","meta":{"footnotes":""},"class_list":["post-25570","page","type-page","status-publish","has-post-thumbnail","hentry"],"_links":{"self":[{"href":"https:\/\/cemyri.es\/es\/wp-json\/wp\/v2\/pages\/25570","targetHints":{"allow":["GET"]}}],"collection":[{"href":"https:\/\/cemyri.es\/es\/wp-json\/wp\/v2\/pages"}],"about":[{"href":"https:\/\/cemyri.es\/es\/wp-json\/wp\/v2\/types\/page"}],"author":[{"embeddable":true,"href":"https:\/\/cemyri.es\/es\/wp-json\/wp\/v2\/users\/2"}],"replies":[{"embeddable":true,"href":"https:\/\/cemyri.es\/es\/wp-json\/wp\/v2\/comments?post=25570"}],"version-history":[{"count":3,"href":"https:\/\/cemyri.es\/es\/wp-json\/wp\/v2\/pages\/25570\/revisions"}],"predecessor-version":[{"id":27819,"href":"https:\/\/cemyri.es\/es\/wp-json\/wp\/v2\/pages\/25570\/revisions\/27819"}],"up":[{"embeddable":true,"href":"https:\/\/cemyri.es\/es\/wp-json\/wp\/v2\/pages\/24423"}],"wp:featuredmedia":[{"embeddable":true,"href":"https:\/\/cemyri.es\/es\/wp-json\/wp\/v2\/media\/25571"}],"wp:attachment":[{"href":"https:\/\/cemyri.es\/es\/wp-json\/wp\/v2\/media?parent=25570"}],"curies":[{"name":"wp","href":"https:\/\/api.w.org\/{rel}","templated":true}]}}