{"id":25702,"date":"2016-10-10T10:59:37","date_gmt":"2016-10-10T10:59:37","guid":{"rendered":"https:\/\/cemyri.es\/es\/?page_id=25702"},"modified":"2016-10-21T08:17:58","modified_gmt":"2016-10-21T08:17:58","slug":"luisa-maria-cervantes-martinez","status":"publish","type":"page","link":"https:\/\/cemyri.es\/es\/tesis-doctorales\/luisa-maria-cervantes-martinez\/","title":{"rendered":"Luisa Mar\u00eda Cervantes Mart\u00ednez"},"content":{"rendered":"<p><strong>Nombre de la tesis:<\/strong>\u00a0Las bibliotecas p\u00fablicas como lugares de contacto intergrupal: Implicaciones sobre las relaciones entre aut\u00f3ctonos y extranjeros<\/p>\n<p><strong>Grupo de Investigaci\u00f3n:<\/strong>\u00a0Estudios Psicosociales y metodol\u00f3gicos.<\/p>\n<p><strong>Fecha de lectura:<\/strong> 16\/09\/2016<\/p>\n<p><strong>N\u00ba de referencia:<\/strong> 1034<\/p>\n<p><strong>Director\/a:<\/strong>\u00a0Mar\u00eda Soledad Navas Luque y Mar\u00eda Isabel Cuadrado Guirado<\/p>\n<p><strong>Calificaci\u00f3n:<\/strong> Sobresaliente \u00abCum Laude\u00bb<\/p>\n<p><strong>Departamento:<\/strong>\u00a0Psicolog\u00eda<\/p>\n<p><strong>Facultad:<\/strong> Humanidades<\/p>\n<p><strong>Universidad:<\/strong> Almer\u00eda<\/p>\n<p><a href=\"http:\/\/cms.ual.es\/UAL\/estudios\/doctorado\/tesis\/tesisdoctoral\/DOCTORADO8907?plan=8907&amp;anyo=2015-16&amp;exp_numord=136&amp;tes_codnum=1&amp;idioma=es\"><strong>Enlace a web<\/strong><\/a><\/p>\n","protected":false},"excerpt":{"rendered":"<p>Nombre de la tesis:\u00a0Las bibliotecas p\u00fablicas como lugares de contacto intergrupal: Implicaciones sobre las relaciones entre aut\u00f3ctonos y extranjeros Grupo de Investigaci\u00f3n:\u00a0Estudios Psicosociales y metodol\u00f3gicos. Fecha de lectura: 16\/09\/2016 N\u00ba de referencia: 1034 Director\/a:\u00a0Mar\u00eda Soledad Navas Luque y Mar\u00eda Isabel Cuadrado Guirado Calificaci\u00f3n: Sobresaliente \u00abCum Laude\u00bb Departamento:\u00a0Psicolog\u00eda Facultad: Humanidades Universidad: Almer\u00eda Enlace a web<\/p>\n","protected":false},"author":2,"featured_media":0,"parent":24425,"menu_order":0,"comment_status":"closed","ping_status":"closed","template":"","meta":{"footnotes":""},"class_list":["post-25702","page","type-page","status-publish","hentry"],"_links":{"self":[{"href":"https:\/\/cemyri.es\/es\/wp-json\/wp\/v2\/pages\/25702","targetHints":{"allow":["GET"]}}],"collection":[{"href":"https:\/\/cemyri.es\/es\/wp-json\/wp\/v2\/pages"}],"about":[{"href":"https:\/\/cemyri.es\/es\/wp-json\/wp\/v2\/types\/page"}],"author":[{"embeddable":true,"href":"https:\/\/cemyri.es\/es\/wp-json\/wp\/v2\/users\/2"}],"replies":[{"embeddable":true,"href":"https:\/\/cemyri.es\/es\/wp-json\/wp\/v2\/comments?post=25702"}],"version-history":[{"count":5,"href":"https:\/\/cemyri.es\/es\/wp-json\/wp\/v2\/pages\/25702\/revisions"}],"predecessor-version":[{"id":25791,"href":"https:\/\/cemyri.es\/es\/wp-json\/wp\/v2\/pages\/25702\/revisions\/25791"}],"up":[{"embeddable":true,"href":"https:\/\/cemyri.es\/es\/wp-json\/wp\/v2\/pages\/24425"}],"wp:attachment":[{"href":"https:\/\/cemyri.es\/es\/wp-json\/wp\/v2\/media?parent=25702"}],"curies":[{"name":"wp","href":"https:\/\/api.w.org\/{rel}","templated":true}]}}