{"id":25712,"date":"2016-10-10T11:28:42","date_gmt":"2016-10-10T11:28:42","guid":{"rendered":"https:\/\/cemyri.es\/es\/?page_id=25712"},"modified":"2023-07-25T18:14:31","modified_gmt":"2023-07-25T18:14:31","slug":"ruth-lopez-sanchez","status":"publish","type":"page","link":"https:\/\/cemyri.es\/es\/colaboradores\/ruth-lopez-sanchez\/","title":{"rendered":"Ruth L\u00f3pez S\u00e1nchez"},"content":{"rendered":"<p><strong>Grado:<\/strong>\u00a0Trabajo Social (Universidad de Ja\u00e9n)<\/p>\n<p><strong>M\u00e1ster:<\/strong>\u00a0Estudios Migratorios, Desarrollo e Intervenci\u00f3n Social (Universidad de Almer\u00eda)<\/p>\n<p><strong>Causas voluntarias:<\/strong> C\u00e1ritas (Espa\u00f1a): Voluntariado con inmigrantes; Red Solidaria de J\u00f3venes (Entreculturas); Cruz Roja (Espa\u00f1a): Actividades de integraci\u00f3n laboral con inmigrantes.<\/p>\n<p><strong>Correo Electr\u00f3nico:<\/strong>\u00a0ruth91ls@hotmail.com<\/p>\n<p><strong>Direcci\u00f3n de contacto:<\/strong> CEMyRI, Edificio de Servicios T\u00e9cnicos, Seg. Planta, Desp. 02.12.0, Universidad de Almer\u00eda<\/p>\n<p><strong><a href=\"https:\/\/cemyri.es\/es\/wp-content\/uploads\/2016\/10\/CV-Europass-20160417-L\u00f3pezS\u00e1nchez-ES.pdf\">Curr\u00edculum<\/a><\/strong><\/p>\n","protected":false},"excerpt":{"rendered":"<p>Grado:\u00a0Trabajo Social (Universidad de Ja\u00e9n) M\u00e1ster:\u00a0Estudios Migratorios, Desarrollo e Intervenci\u00f3n Social (Universidad de Almer\u00eda) Causas voluntarias: C\u00e1ritas (Espa\u00f1a): Voluntariado con inmigrantes; Red Solidaria de J\u00f3venes (Entreculturas); Cruz Roja (Espa\u00f1a): Actividades de integraci\u00f3n laboral con inmigrantes. Correo Electr\u00f3nico:\u00a0ruth91ls@hotmail.com Direcci\u00f3n de contacto: CEMyRI, Edificio de Servicios T\u00e9cnicos, Seg. Planta, Desp. 02.12.0, Universidad de Almer\u00eda Curr\u00edculum<\/p>\n","protected":false},"author":2,"featured_media":25713,"parent":35,"menu_order":0,"comment_status":"closed","ping_status":"closed","template":"","meta":{"footnotes":""},"class_list":["post-25712","page","type-page","status-publish","has-post-thumbnail","hentry"],"_links":{"self":[{"href":"https:\/\/cemyri.es\/es\/wp-json\/wp\/v2\/pages\/25712","targetHints":{"allow":["GET"]}}],"collection":[{"href":"https:\/\/cemyri.es\/es\/wp-json\/wp\/v2\/pages"}],"about":[{"href":"https:\/\/cemyri.es\/es\/wp-json\/wp\/v2\/types\/page"}],"author":[{"embeddable":true,"href":"https:\/\/cemyri.es\/es\/wp-json\/wp\/v2\/users\/2"}],"replies":[{"embeddable":true,"href":"https:\/\/cemyri.es\/es\/wp-json\/wp\/v2\/comments?post=25712"}],"version-history":[{"count":6,"href":"https:\/\/cemyri.es\/es\/wp-json\/wp\/v2\/pages\/25712\/revisions"}],"predecessor-version":[{"id":27781,"href":"https:\/\/cemyri.es\/es\/wp-json\/wp\/v2\/pages\/25712\/revisions\/27781"}],"up":[{"embeddable":true,"href":"https:\/\/cemyri.es\/es\/wp-json\/wp\/v2\/pages\/35"}],"wp:featuredmedia":[{"embeddable":true,"href":"https:\/\/cemyri.es\/es\/wp-json\/wp\/v2\/media\/25713"}],"wp:attachment":[{"href":"https:\/\/cemyri.es\/es\/wp-json\/wp\/v2\/media?parent=25712"}],"curies":[{"name":"wp","href":"https:\/\/api.w.org\/{rel}","templated":true}]}}