{"id":25723,"date":"2016-10-10T11:42:09","date_gmt":"2016-10-10T11:42:09","guid":{"rendered":"https:\/\/cemyri.es\/es\/?page_id=25723"},"modified":"2016-10-10T11:42:09","modified_gmt":"2016-10-10T11:42:09","slug":"adriana-suiu","status":"publish","type":"page","link":"https:\/\/cemyri.es\/es\/colaboradores\/adriana-suiu\/","title":{"rendered":"Adriana Suiu"},"content":{"rendered":"<p><strong>Grado:<\/strong>\u00a0Geograf\u00eda del Turismo y Conservaci\u00f3n y Restauraci\u00f3n de Arquitectura (Universidad Dimitri Cantemir-Ruman\u00eda).<\/p>\n<p><strong>M\u00e1ster:<\/strong>\u00a0Organizaci\u00f3n y Desarrollo regional durable en Turismo\u00a0(Universidad Dimitri Cantemir-Ruman\u00eda).<\/p>\n<p><strong>Universidad:<\/strong>\u00a0Universitat Jaume I- Castell\u00f3n de la Plana.<\/p>\n<p><strong>L\u00edneas de Investigaci\u00f3n:<\/strong>\u00a0Romanian\u00b4s migration in Spain-<\/p>\n<p><strong>Grupo de Investigaci\u00f3n:<\/strong>\u00a0Investigadora invitada por la\u00a0Universidad Aut\u00f3noma de Barcelona.<\/p>\n<p><strong>Status:<\/strong> Personal colaborador<\/p>\n<p><strong>\u00a0Correo Electr\u00f3nico:<\/strong>\u00a0ssuiuadriana@gmail.com<\/p>\n<p><strong>Direcci\u00f3n de contacto:<\/strong> CEMyRI, Edificio de Servicios T\u00e9cnicos, Seg. Planta, Desp. 02.12.0, Universidad de Almer\u00eda<\/p>\n<p><strong>C<a href=\"https:\/\/cemyri.es\/es\/wp-content\/uploads\/2016\/10\/Curr\u00edculum.pdf\">urr\u00edculum<\/a><\/strong><\/p>\n","protected":false},"excerpt":{"rendered":"<p>Grado:\u00a0Geograf\u00eda del Turismo y Conservaci\u00f3n y Restauraci\u00f3n de Arquitectura (Universidad Dimitri Cantemir-Ruman\u00eda). M\u00e1ster:\u00a0Organizaci\u00f3n y Desarrollo regional durable en Turismo\u00a0(Universidad Dimitri Cantemir-Ruman\u00eda). Universidad:\u00a0Universitat Jaume I- Castell\u00f3n de la Plana. L\u00edneas de Investigaci\u00f3n:\u00a0Romanian\u00b4s migration in Spain- Grupo de Investigaci\u00f3n:\u00a0Investigadora invitada por la\u00a0Universidad Aut\u00f3noma de Barcelona. Status: Personal colaborador \u00a0Correo Electr\u00f3nico:\u00a0ssuiuadriana@gmail.com Direcci\u00f3n de contacto: CEMyRI, Edificio de Servicios&#8230;<\/p>\n","protected":false},"author":2,"featured_media":0,"parent":35,"menu_order":0,"comment_status":"closed","ping_status":"closed","template":"","meta":{"footnotes":""},"class_list":["post-25723","page","type-page","status-publish","hentry"],"_links":{"self":[{"href":"https:\/\/cemyri.es\/es\/wp-json\/wp\/v2\/pages\/25723","targetHints":{"allow":["GET"]}}],"collection":[{"href":"https:\/\/cemyri.es\/es\/wp-json\/wp\/v2\/pages"}],"about":[{"href":"https:\/\/cemyri.es\/es\/wp-json\/wp\/v2\/types\/page"}],"author":[{"embeddable":true,"href":"https:\/\/cemyri.es\/es\/wp-json\/wp\/v2\/users\/2"}],"replies":[{"embeddable":true,"href":"https:\/\/cemyri.es\/es\/wp-json\/wp\/v2\/comments?post=25723"}],"version-history":[{"count":1,"href":"https:\/\/cemyri.es\/es\/wp-json\/wp\/v2\/pages\/25723\/revisions"}],"predecessor-version":[{"id":25725,"href":"https:\/\/cemyri.es\/es\/wp-json\/wp\/v2\/pages\/25723\/revisions\/25725"}],"up":[{"embeddable":true,"href":"https:\/\/cemyri.es\/es\/wp-json\/wp\/v2\/pages\/35"}],"wp:attachment":[{"href":"https:\/\/cemyri.es\/es\/wp-json\/wp\/v2\/media?parent=25723"}],"curies":[{"name":"wp","href":"https:\/\/api.w.org\/{rel}","templated":true}]}}