{"id":25739,"date":"2016-10-13T08:22:24","date_gmt":"2016-10-13T08:22:24","guid":{"rendered":"https:\/\/cemyri.es\/es\/?page_id=25739"},"modified":"2023-07-25T18:29:58","modified_gmt":"2023-07-25T18:29:58","slug":"25739-2","status":"publish","type":"page","link":"https:\/\/cemyri.es\/es\/investigadores-visitantes\/25739-2\/","title":{"rendered":"Dra. Gisele Kleidermacher"},"content":{"rendered":"<p><strong>Departamento:<\/strong>\u00a0Dpto. de Sociolog\u00eda<\/p>\n<p><strong>Universidad:<\/strong>\u00a0Universidad de Buenos Aires (Argentina)<\/p>\n<p><strong>L\u00edneas de Investigaci\u00f3n:\u00a0<\/strong>An\u00e1lisis de las representaciones sociales producidas por migrantes senegaleses presentes en la Ciudad de Buenos Aires<span class=\"wrap\">.<\/span><\/p>\n<p><strong>Grupo de Investigaci\u00f3n:<\/strong>\u00a0CONICET (Consejo Nacional de Investigaciones Cient\u00edficas y T\u00e9cnicas)<\/p>\n<p><strong>Status:<\/strong>\u00a0Becaria Posdoctoral del CONICET\u00a0(Consejo Nacional de Investigaciones Cient\u00edficas y T\u00e9cnicas)<\/p>\n<p><strong>Per\u00edodo\u00a0de estancia en el CEMyRI:<\/strong> Del 01\/07\/2017\u00a0al 30\/07\/2017<\/p>\n<p><strong>Correo Electr\u00f3nico:\u00a0<\/strong><a href=\"mailto:kleidermacher@gmail.com\">kleidermacher@gmail.com<\/a><\/p>\n<p><a href=\"https:\/\/cemyri.es\/es\/wp-content\/uploads\/2016\/10\/Curr\u00edculum-1.pdf\">curriculum<\/a><\/p>\n","protected":false},"excerpt":{"rendered":"<p>Departamento:\u00a0Dpto. de Sociolog\u00eda Universidad:\u00a0Universidad de Buenos Aires (Argentina) L\u00edneas de Investigaci\u00f3n:\u00a0An\u00e1lisis de las representaciones sociales producidas por migrantes senegaleses presentes en la Ciudad de Buenos Aires. Grupo de Investigaci\u00f3n:\u00a0CONICET (Consejo Nacional de Investigaciones Cient\u00edficas y T\u00e9cnicas) Status:\u00a0Becaria Posdoctoral del CONICET\u00a0(Consejo Nacional de Investigaciones Cient\u00edficas y T\u00e9cnicas) Per\u00edodo\u00a0de estancia en el CEMyRI: Del 01\/07\/2017\u00a0al 30\/07\/2017 Correo&#8230;<\/p>\n","protected":false},"author":2,"featured_media":25740,"parent":24423,"menu_order":0,"comment_status":"closed","ping_status":"closed","template":"","meta":{"footnotes":""},"class_list":["post-25739","page","type-page","status-publish","has-post-thumbnail","hentry"],"_links":{"self":[{"href":"https:\/\/cemyri.es\/es\/wp-json\/wp\/v2\/pages\/25739","targetHints":{"allow":["GET"]}}],"collection":[{"href":"https:\/\/cemyri.es\/es\/wp-json\/wp\/v2\/pages"}],"about":[{"href":"https:\/\/cemyri.es\/es\/wp-json\/wp\/v2\/types\/page"}],"author":[{"embeddable":true,"href":"https:\/\/cemyri.es\/es\/wp-json\/wp\/v2\/users\/2"}],"replies":[{"embeddable":true,"href":"https:\/\/cemyri.es\/es\/wp-json\/wp\/v2\/comments?post=25739"}],"version-history":[{"count":5,"href":"https:\/\/cemyri.es\/es\/wp-json\/wp\/v2\/pages\/25739\/revisions"}],"predecessor-version":[{"id":27824,"href":"https:\/\/cemyri.es\/es\/wp-json\/wp\/v2\/pages\/25739\/revisions\/27824"}],"up":[{"embeddable":true,"href":"https:\/\/cemyri.es\/es\/wp-json\/wp\/v2\/pages\/24423"}],"wp:featuredmedia":[{"embeddable":true,"href":"https:\/\/cemyri.es\/es\/wp-json\/wp\/v2\/media\/25740"}],"wp:attachment":[{"href":"https:\/\/cemyri.es\/es\/wp-json\/wp\/v2\/media?parent=25739"}],"curies":[{"name":"wp","href":"https:\/\/api.w.org\/{rel}","templated":true}]}}