{"id":25750,"date":"2016-10-13T08:54:21","date_gmt":"2016-10-13T08:54:21","guid":{"rendered":"https:\/\/cemyri.es\/es\/?page_id=25750"},"modified":"2019-01-14T08:34:43","modified_gmt":"2019-01-14T08:34:43","slug":"patricia-amate-nunez","status":"publish","type":"page","link":"https:\/\/cemyri.es\/es\/colaboradores\/patricia-amate-nunez\/","title":{"rendered":"Patricia Amate N\u00fa\u00f1ez"},"content":{"rendered":"<p><strong>Departamento:<\/strong>\u00a0Filolog\u00eda Hisp\u00e1nica<\/p>\n<p><strong>Facultad:<\/strong>\u00a0Lengua y Literatura<\/p>\n<p><strong>Universidad:<\/strong> Normal de Yunnan (Kunming, China)<\/p>\n<p><strong>Grupo de Investigaci\u00f3n:\u00a0<\/strong>&#8211;<\/p>\n<p><strong>Status:<\/strong> Personal colaborador<\/p>\n<p><strong>Correo Electr\u00f3nico:<\/strong> <a href=\"mailto:ibukivskarin@hotmail.com\" target=\"_blank\" rel=\"noopener\">ibukivskarin@hotmail.com<\/a><\/p>\n<p><strong>Direcci\u00f3n de contacto:<\/strong> CEMyRI, Edificio de Servicios T\u00e9cnicos, Seg. Planta, Desp. 02.12.0, Universidad de Almer\u00eda<\/p>\n<p><a href=\"http:\/\/www.linkedin.com\/in\/patricia-amate-25826a91\"><strong>Curriculum<\/strong><\/a><\/p>\n","protected":false},"excerpt":{"rendered":"<p>Departamento:\u00a0Filolog\u00eda Hisp\u00e1nica Facultad:\u00a0Lengua y Literatura Universidad: Normal de Yunnan (Kunming, China) Grupo de Investigaci\u00f3n:\u00a0&#8211; Status: Personal colaborador Correo Electr\u00f3nico: ibukivskarin@hotmail.com Direcci\u00f3n de contacto: CEMyRI, Edificio de Servicios T\u00e9cnicos, Seg. Planta, Desp. 02.12.0, Universidad de Almer\u00eda Curriculum<\/p>\n","protected":false},"author":2,"featured_media":0,"parent":35,"menu_order":0,"comment_status":"closed","ping_status":"closed","template":"","meta":{"footnotes":""},"class_list":["post-25750","page","type-page","status-publish","hentry"],"_links":{"self":[{"href":"https:\/\/cemyri.es\/es\/wp-json\/wp\/v2\/pages\/25750","targetHints":{"allow":["GET"]}}],"collection":[{"href":"https:\/\/cemyri.es\/es\/wp-json\/wp\/v2\/pages"}],"about":[{"href":"https:\/\/cemyri.es\/es\/wp-json\/wp\/v2\/types\/page"}],"author":[{"embeddable":true,"href":"https:\/\/cemyri.es\/es\/wp-json\/wp\/v2\/users\/2"}],"replies":[{"embeddable":true,"href":"https:\/\/cemyri.es\/es\/wp-json\/wp\/v2\/comments?post=25750"}],"version-history":[{"count":4,"href":"https:\/\/cemyri.es\/es\/wp-json\/wp\/v2\/pages\/25750\/revisions"}],"predecessor-version":[{"id":26467,"href":"https:\/\/cemyri.es\/es\/wp-json\/wp\/v2\/pages\/25750\/revisions\/26467"}],"up":[{"embeddable":true,"href":"https:\/\/cemyri.es\/es\/wp-json\/wp\/v2\/pages\/35"}],"wp:attachment":[{"href":"https:\/\/cemyri.es\/es\/wp-json\/wp\/v2\/media?parent=25750"}],"curies":[{"name":"wp","href":"https:\/\/api.w.org\/{rel}","templated":true}]}}