{"id":25774,"date":"2016-10-18T08:32:22","date_gmt":"2016-10-18T08:32:22","guid":{"rendered":"https:\/\/cemyri.es\/es\/?page_id=25774"},"modified":"2017-07-21T11:33:30","modified_gmt":"2017-07-21T11:33:30","slug":"25774-2","status":"publish","type":"page","link":"https:\/\/cemyri.es\/es\/colaboradores\/25774-2\/","title":{"rendered":"Dominique Jolivet"},"content":{"rendered":"<p><strong>Grado:<\/strong> M\u00e1ster en Estudios Migratorios, Desarrollo e intervenci\u00f3n social.<\/p>\n<p><strong>Universidad:<\/strong>\u00a0University of\u00a0Oxford<\/p>\n<p><strong>L\u00edneas de Investigaci\u00f3n:<\/strong>\u00a0Migraci\u00f3n, desarrollo.<\/p>\n<p><strong>Grupo de Investigaci\u00f3n:\u00a0<\/strong>International Migration Institute, Oxford Department of International Development.<\/p>\n<p><strong>Status:<\/strong> Personal colaborador<\/p>\n<p><strong>T\u00e9cnico de investigaci\u00f3n<\/strong><\/p>\n<p><strong>Correo Electr\u00f3nico:<\/strong> <a href=\"mailto:dominique.jolivet@gmail.com\" target=\"_blank\">dominique.<wbr \/>jolivet@<\/a><a href=\"http:\/\/qeh.ox.ac.uk\/\" target=\"_blank\" data-saferedirecturl=\"https:\/\/www.google.com\/url?hl=es&amp;q=http:\/\/qeh.ox.ac.uk&amp;source=gmail&amp;ust=1476862994094000&amp;usg=AFQjCNGZwdCj54_VWnF2TtPUkm7vV8imKg\">qeh.ox.ac.uk<\/a><\/p>\n<p>C<a href=\"https:\/\/cemyri.es\/es\/wp-content\/uploads\/2016\/10\/Curr\u00edculum-3.pdf\">urriculum<\/a><\/p>\n","protected":false},"excerpt":{"rendered":"<p>Grado: M\u00e1ster en Estudios Migratorios, Desarrollo e intervenci\u00f3n social. Universidad:\u00a0University of\u00a0Oxford L\u00edneas de Investigaci\u00f3n:\u00a0Migraci\u00f3n, desarrollo. Grupo de Investigaci\u00f3n:\u00a0International Migration Institute, Oxford Department of International Development. Status: Personal colaborador T\u00e9cnico de investigaci\u00f3n Correo Electr\u00f3nico: dominique.jolivet@qeh.ox.ac.uk Curriculum<\/p>\n","protected":false},"author":2,"featured_media":0,"parent":35,"menu_order":0,"comment_status":"closed","ping_status":"closed","template":"","meta":{"footnotes":""},"class_list":["post-25774","page","type-page","status-publish","hentry"],"_links":{"self":[{"href":"https:\/\/cemyri.es\/es\/wp-json\/wp\/v2\/pages\/25774","targetHints":{"allow":["GET"]}}],"collection":[{"href":"https:\/\/cemyri.es\/es\/wp-json\/wp\/v2\/pages"}],"about":[{"href":"https:\/\/cemyri.es\/es\/wp-json\/wp\/v2\/types\/page"}],"author":[{"embeddable":true,"href":"https:\/\/cemyri.es\/es\/wp-json\/wp\/v2\/users\/2"}],"replies":[{"embeddable":true,"href":"https:\/\/cemyri.es\/es\/wp-json\/wp\/v2\/comments?post=25774"}],"version-history":[{"count":2,"href":"https:\/\/cemyri.es\/es\/wp-json\/wp\/v2\/pages\/25774\/revisions"}],"predecessor-version":[{"id":26068,"href":"https:\/\/cemyri.es\/es\/wp-json\/wp\/v2\/pages\/25774\/revisions\/26068"}],"up":[{"embeddable":true,"href":"https:\/\/cemyri.es\/es\/wp-json\/wp\/v2\/pages\/35"}],"wp:attachment":[{"href":"https:\/\/cemyri.es\/es\/wp-json\/wp\/v2\/media?parent=25774"}],"curies":[{"name":"wp","href":"https:\/\/api.w.org\/{rel}","templated":true}]}}