{"id":25797,"date":"2016-10-24T12:14:10","date_gmt":"2016-10-24T12:14:10","guid":{"rendered":"https:\/\/cemyri.es\/es\/?page_id=25797"},"modified":"2022-12-02T11:55:19","modified_gmt":"2022-12-02T11:55:19","slug":"beatriz-gonzalez-martin","status":"publish","type":"page","link":"https:\/\/cemyri.es\/es\/doctores-colaboradores\/beatriz-gonzalez-martin\/","title":{"rendered":"Beatriz Gonz\u00e1lez Mart\u00edn"},"content":{"rendered":"<p><strong>Departamento:<\/strong> Geograf\u00eda, Historia y Humanidades<\/p>\n<p><strong>Facultad:<\/strong> Humanidades<\/p>\n<p><strong>Universidad:<\/strong> Almer\u00eda<\/p>\n<p><strong>L\u00edneas de Investigaci\u00f3n:<\/strong>\u00a0Inmigraci\u00f3n y Mercado de trabajo<\/p>\n<p><strong>Grupo de investigaci\u00f3n:<\/strong> Paralelo 37\u00ba, An\u00e1lisis sociodemogr\u00e1ficos y territoriales<\/p>\n<p><strong>Status:<\/strong> Doctor Colaborador<\/p>\n<p><strong>Correo Electr\u00f3nico: <a href=\"mailto:bgm620@ual.es\">bgm620@ual.es<\/a><\/strong><\/p>\n","protected":false},"excerpt":{"rendered":"<p>Departamento: Geograf\u00eda, Historia y Humanidades Facultad: Humanidades Universidad: Almer\u00eda L\u00edneas de Investigaci\u00f3n:\u00a0Inmigraci\u00f3n y Mercado de trabajo Grupo de investigaci\u00f3n: Paralelo 37\u00ba, An\u00e1lisis sociodemogr\u00e1ficos y territoriales Status: Doctor Colaborador Correo Electr\u00f3nico: bgm620@ual.es<\/p>\n","protected":false},"author":2,"featured_media":0,"parent":34,"menu_order":0,"comment_status":"closed","ping_status":"closed","template":"","meta":{"footnotes":""},"class_list":["post-25797","page","type-page","status-publish","hentry"],"_links":{"self":[{"href":"https:\/\/cemyri.es\/es\/wp-json\/wp\/v2\/pages\/25797","targetHints":{"allow":["GET"]}}],"collection":[{"href":"https:\/\/cemyri.es\/es\/wp-json\/wp\/v2\/pages"}],"about":[{"href":"https:\/\/cemyri.es\/es\/wp-json\/wp\/v2\/types\/page"}],"author":[{"embeddable":true,"href":"https:\/\/cemyri.es\/es\/wp-json\/wp\/v2\/users\/2"}],"replies":[{"embeddable":true,"href":"https:\/\/cemyri.es\/es\/wp-json\/wp\/v2\/comments?post=25797"}],"version-history":[{"count":2,"href":"https:\/\/cemyri.es\/es\/wp-json\/wp\/v2\/pages\/25797\/revisions"}],"predecessor-version":[{"id":27559,"href":"https:\/\/cemyri.es\/es\/wp-json\/wp\/v2\/pages\/25797\/revisions\/27559"}],"up":[{"embeddable":true,"href":"https:\/\/cemyri.es\/es\/wp-json\/wp\/v2\/pages\/34"}],"wp:attachment":[{"href":"https:\/\/cemyri.es\/es\/wp-json\/wp\/v2\/media?parent=25797"}],"curies":[{"name":"wp","href":"https:\/\/api.w.org\/{rel}","templated":true}]}}