{"id":25802,"date":"2016-10-24T12:33:07","date_gmt":"2016-10-24T12:33:07","guid":{"rendered":"https:\/\/cemyri.es\/es\/?page_id=25802"},"modified":"2017-07-24T09:34:35","modified_gmt":"2017-07-24T09:34:35","slug":"rachida-dalouh","status":"publish","type":"page","link":"https:\/\/cemyri.es\/es\/doctores-colaboradores\/rachida-dalouh\/","title":{"rendered":"Rachida Dalouh"},"content":{"rendered":"<p><strong>Departamento:<\/strong>\u00a0Educaci\u00f3n<\/p>\n<p><strong>Facultad:<\/strong>\u00a0Humanidades<\/p>\n<p><strong>Universidad:<\/strong> Almer\u00eda<\/p>\n<p><strong>L\u00edneas de Investigaci\u00f3n:<\/strong>\u00a0Inmigraci\u00f3n y\u00a0Educaci\u00f3n Intercultural<\/p>\n<p><strong>Grupo de investigaci\u00f3n:<\/strong> Investigaci\u00f3n y evaluaci\u00f3n en educaci\u00f3n intercultural<\/p>\n<p><strong>Status:<\/strong> Doctor Colaborador<\/p>\n<p><strong>Correo Electr\u00f3nico:<\/strong>\u00a0dalouhrachida@hotmail.com<\/p>\n","protected":false},"excerpt":{"rendered":"<p>Departamento:\u00a0Educaci\u00f3n Facultad:\u00a0Humanidades Universidad: Almer\u00eda L\u00edneas de Investigaci\u00f3n:\u00a0Inmigraci\u00f3n y\u00a0Educaci\u00f3n Intercultural Grupo de investigaci\u00f3n: Investigaci\u00f3n y evaluaci\u00f3n en educaci\u00f3n intercultural Status: Doctor Colaborador Correo Electr\u00f3nico:\u00a0dalouhrachida@hotmail.com<\/p>\n","protected":false},"author":2,"featured_media":0,"parent":34,"menu_order":0,"comment_status":"closed","ping_status":"closed","template":"","meta":{"footnotes":""},"class_list":["post-25802","page","type-page","status-publish","hentry"],"_links":{"self":[{"href":"https:\/\/cemyri.es\/es\/wp-json\/wp\/v2\/pages\/25802","targetHints":{"allow":["GET"]}}],"collection":[{"href":"https:\/\/cemyri.es\/es\/wp-json\/wp\/v2\/pages"}],"about":[{"href":"https:\/\/cemyri.es\/es\/wp-json\/wp\/v2\/types\/page"}],"author":[{"embeddable":true,"href":"https:\/\/cemyri.es\/es\/wp-json\/wp\/v2\/users\/2"}],"replies":[{"embeddable":true,"href":"https:\/\/cemyri.es\/es\/wp-json\/wp\/v2\/comments?post=25802"}],"version-history":[{"count":1,"href":"https:\/\/cemyri.es\/es\/wp-json\/wp\/v2\/pages\/25802\/revisions"}],"predecessor-version":[{"id":25803,"href":"https:\/\/cemyri.es\/es\/wp-json\/wp\/v2\/pages\/25802\/revisions\/25803"}],"up":[{"embeddable":true,"href":"https:\/\/cemyri.es\/es\/wp-json\/wp\/v2\/pages\/34"}],"wp:attachment":[{"href":"https:\/\/cemyri.es\/es\/wp-json\/wp\/v2\/media?parent=25802"}],"curies":[{"name":"wp","href":"https:\/\/api.w.org\/{rel}","templated":true}]}}