{"id":26036,"date":"2017-07-21T11:11:15","date_gmt":"2017-07-21T11:11:15","guid":{"rendered":"https:\/\/cemyri.es\/es\/?page_id=26036"},"modified":"2017-07-21T11:11:15","modified_gmt":"2017-07-21T11:11:15","slug":"barbara-badanta-romero","status":"publish","type":"page","link":"https:\/\/cemyri.es\/es\/colaboradores\/barbara-badanta-romero\/","title":{"rendered":"B\u00e1rbara Badanta Romero"},"content":{"rendered":"<p><strong>Profesor\/a:\u00a0<\/strong>Grado en Enfermer\u00eda<\/p>\n<p><strong>Departamento:<\/strong>\u00a0Enfermer\u00eda.<\/p>\n<p><strong>Facultad:<\/strong> Facultad de Enfermer\u00eda, Fisioterapia y Podolog\u00eda.<\/p>\n<p><strong>Universidad:<\/strong>\u00a0Universidad de Sevilla.<\/p>\n<p><strong>L\u00edneas de Investigaci\u00f3n:<\/strong> Enfermer\u00eda Transcultural.<\/p>\n<p><strong>Status:<\/strong>\u00a0Personal Colaborador<\/p>\n<p><strong>Correo Electr\u00f3nico:<\/strong>\u00a0 bbadanta@us.es<\/p>\n<p><strong><a href=\"http:\/\/orcid.org\/0000-0001-6981-8378\">Curr\u00edculum<\/a><\/strong><\/p>\n","protected":false},"excerpt":{"rendered":"<p>Profesor\/a:\u00a0Grado en Enfermer\u00eda Departamento:\u00a0Enfermer\u00eda. Facultad: Facultad de Enfermer\u00eda, Fisioterapia y Podolog\u00eda. Universidad:\u00a0Universidad de Sevilla. L\u00edneas de Investigaci\u00f3n: Enfermer\u00eda Transcultural. Status:\u00a0Personal Colaborador Correo Electr\u00f3nico:\u00a0 bbadanta@us.es Curr\u00edculum<\/p>\n","protected":false},"author":2,"featured_media":0,"parent":35,"menu_order":0,"comment_status":"closed","ping_status":"closed","template":"","meta":{"footnotes":""},"class_list":["post-26036","page","type-page","status-publish","hentry"],"_links":{"self":[{"href":"https:\/\/cemyri.es\/es\/wp-json\/wp\/v2\/pages\/26036","targetHints":{"allow":["GET"]}}],"collection":[{"href":"https:\/\/cemyri.es\/es\/wp-json\/wp\/v2\/pages"}],"about":[{"href":"https:\/\/cemyri.es\/es\/wp-json\/wp\/v2\/types\/page"}],"author":[{"embeddable":true,"href":"https:\/\/cemyri.es\/es\/wp-json\/wp\/v2\/users\/2"}],"replies":[{"embeddable":true,"href":"https:\/\/cemyri.es\/es\/wp-json\/wp\/v2\/comments?post=26036"}],"version-history":[{"count":1,"href":"https:\/\/cemyri.es\/es\/wp-json\/wp\/v2\/pages\/26036\/revisions"}],"predecessor-version":[{"id":26037,"href":"https:\/\/cemyri.es\/es\/wp-json\/wp\/v2\/pages\/26036\/revisions\/26037"}],"up":[{"embeddable":true,"href":"https:\/\/cemyri.es\/es\/wp-json\/wp\/v2\/pages\/35"}],"wp:attachment":[{"href":"https:\/\/cemyri.es\/es\/wp-json\/wp\/v2\/media?parent=26036"}],"curies":[{"name":"wp","href":"https:\/\/api.w.org\/{rel}","templated":true}]}}