{"id":26044,"date":"2017-07-21T11:16:54","date_gmt":"2017-07-21T11:16:54","guid":{"rendered":"https:\/\/cemyri.es\/es\/?page_id=26044"},"modified":"2017-07-21T11:16:54","modified_gmt":"2017-07-21T11:16:54","slug":"veronica-caballero-cala","status":"publish","type":"page","link":"https:\/\/cemyri.es\/es\/colaboradores\/veronica-caballero-cala\/","title":{"rendered":"Ver\u00f3nica Caballero Cala"},"content":{"rendered":"<p><strong>Profesor\/a, Doctor\/a, alumno\/a, otros:<\/strong>\u00a0Doctoranda &#8211; Becaria de Investigaci\u00f3n (FPI)<\/p>\n<p><strong>Departamento:<\/strong>\u00a0Educaci\u00f3n<\/p>\n<p><strong>Facultad:<\/strong>\u00a0Educaci\u00f3n<\/p>\n<p><strong>Universidad:<\/strong>Universidad de\u00a0Almer\u00eda<\/p>\n<p><strong>Linea(s) de investigaci\u00f3n:<\/strong>\u00a0Salud Transcultural, M\u00e9todos de investigaci\u00f3n en educaci\u00f3n para la salud, Educaci\u00f3n intercultural.<\/p>\n<p><strong>Miembro del grupo de investigaci\u00f3n:<\/strong>\u00a0HUM-665<\/p>\n<p><strong>Correo electr\u00f3nico:<\/strong>\u00a0vcc284@ual.es<\/p>\n<p><a href=\"https:\/\/www.researchgate.net\/profile\/Veronica_Cala2\/publications?pubType=book\"><strong>Curr\u00edculum<\/strong><\/a><\/p>\n","protected":false},"excerpt":{"rendered":"<p>Profesor\/a, Doctor\/a, alumno\/a, otros:\u00a0Doctoranda &#8211; Becaria de Investigaci\u00f3n (FPI) Departamento:\u00a0Educaci\u00f3n Facultad:\u00a0Educaci\u00f3n Universidad:Universidad de\u00a0Almer\u00eda Linea(s) de investigaci\u00f3n:\u00a0Salud Transcultural, M\u00e9todos de investigaci\u00f3n en educaci\u00f3n para la salud, Educaci\u00f3n intercultural. Miembro del grupo de investigaci\u00f3n:\u00a0HUM-665 Correo electr\u00f3nico:\u00a0vcc284@ual.es Curr\u00edculum<\/p>\n","protected":false},"author":2,"featured_media":0,"parent":35,"menu_order":0,"comment_status":"closed","ping_status":"closed","template":"","meta":{"footnotes":""},"class_list":["post-26044","page","type-page","status-publish","hentry"],"_links":{"self":[{"href":"https:\/\/cemyri.es\/es\/wp-json\/wp\/v2\/pages\/26044","targetHints":{"allow":["GET"]}}],"collection":[{"href":"https:\/\/cemyri.es\/es\/wp-json\/wp\/v2\/pages"}],"about":[{"href":"https:\/\/cemyri.es\/es\/wp-json\/wp\/v2\/types\/page"}],"author":[{"embeddable":true,"href":"https:\/\/cemyri.es\/es\/wp-json\/wp\/v2\/users\/2"}],"replies":[{"embeddable":true,"href":"https:\/\/cemyri.es\/es\/wp-json\/wp\/v2\/comments?post=26044"}],"version-history":[{"count":1,"href":"https:\/\/cemyri.es\/es\/wp-json\/wp\/v2\/pages\/26044\/revisions"}],"predecessor-version":[{"id":26045,"href":"https:\/\/cemyri.es\/es\/wp-json\/wp\/v2\/pages\/26044\/revisions\/26045"}],"up":[{"embeddable":true,"href":"https:\/\/cemyri.es\/es\/wp-json\/wp\/v2\/pages\/35"}],"wp:attachment":[{"href":"https:\/\/cemyri.es\/es\/wp-json\/wp\/v2\/media?parent=26044"}],"curies":[{"name":"wp","href":"https:\/\/api.w.org\/{rel}","templated":true}]}}