{"id":26051,"date":"2017-07-21T11:20:53","date_gmt":"2017-07-21T11:20:53","guid":{"rendered":"https:\/\/cemyri.es\/es\/?page_id=26051"},"modified":"2017-07-21T11:21:02","modified_gmt":"2017-07-21T11:21:02","slug":"rocio-de-diego-cordero","status":"publish","type":"page","link":"https:\/\/cemyri.es\/es\/colaboradores\/rocio-de-diego-cordero\/","title":{"rendered":"Roc\u00edo de Diego Cordero"},"content":{"rendered":"<p><strong>Profesor\/a:<\/strong> Grado en Enfermer\u00eda<\/p>\n<p><strong>Departamento:<\/strong> Enfermer\u00eda.<\/p>\n<p><strong>Facultad:<\/strong>\u00a0Enfermer\u00eda, fisioterapia y podolog\u00eda<\/p>\n<p><strong>Universidad:<\/strong>Universidad de Sevilla<\/p>\n<p><strong>Linea(s) de investigaci\u00f3n:<\/strong>\u00a0Enfermer\u00eda transcultural.<\/p>\n<p><strong>Miembro del grupo de investigaci\u00f3n:<\/strong>\u00a0SEJ495: Pensamiento Cr\u00edtico, Comunicaci\u00f3n y Derechos Humanos.<\/p>\n<p><strong>Correo electr\u00f3nico:<\/strong>\u00a0<a href=\"mailto:rdediego2@us.es\" target=\"_blank\">rdediego2@us.es<\/a><\/p>\n<p><a href=\"http:\/\/orcid.org\/0000-0002-3453-003X\"><strong>Curr\u00edculum<\/strong><\/a><\/p>\n","protected":false},"excerpt":{"rendered":"<p>Profesor\/a: Grado en Enfermer\u00eda Departamento: Enfermer\u00eda. Facultad:\u00a0Enfermer\u00eda, fisioterapia y podolog\u00eda Universidad:Universidad de Sevilla Linea(s) de investigaci\u00f3n:\u00a0Enfermer\u00eda transcultural. Miembro del grupo de investigaci\u00f3n:\u00a0SEJ495: Pensamiento Cr\u00edtico, Comunicaci\u00f3n y Derechos Humanos. Correo electr\u00f3nico:\u00a0rdediego2@us.es Curr\u00edculum<\/p>\n","protected":false},"author":2,"featured_media":0,"parent":35,"menu_order":0,"comment_status":"closed","ping_status":"closed","template":"","meta":{"footnotes":""},"class_list":["post-26051","page","type-page","status-publish","hentry"],"_links":{"self":[{"href":"https:\/\/cemyri.es\/es\/wp-json\/wp\/v2\/pages\/26051","targetHints":{"allow":["GET"]}}],"collection":[{"href":"https:\/\/cemyri.es\/es\/wp-json\/wp\/v2\/pages"}],"about":[{"href":"https:\/\/cemyri.es\/es\/wp-json\/wp\/v2\/types\/page"}],"author":[{"embeddable":true,"href":"https:\/\/cemyri.es\/es\/wp-json\/wp\/v2\/users\/2"}],"replies":[{"embeddable":true,"href":"https:\/\/cemyri.es\/es\/wp-json\/wp\/v2\/comments?post=26051"}],"version-history":[{"count":1,"href":"https:\/\/cemyri.es\/es\/wp-json\/wp\/v2\/pages\/26051\/revisions"}],"predecessor-version":[{"id":26052,"href":"https:\/\/cemyri.es\/es\/wp-json\/wp\/v2\/pages\/26051\/revisions\/26052"}],"up":[{"embeddable":true,"href":"https:\/\/cemyri.es\/es\/wp-json\/wp\/v2\/pages\/35"}],"wp:attachment":[{"href":"https:\/\/cemyri.es\/es\/wp-json\/wp\/v2\/media?parent=26051"}],"curies":[{"name":"wp","href":"https:\/\/api.w.org\/{rel}","templated":true}]}}