{"id":26098,"date":"2017-07-21T11:51:44","date_gmt":"2017-07-21T11:51:44","guid":{"rendered":"https:\/\/cemyri.es\/es\/?page_id=26098"},"modified":"2017-07-21T11:51:44","modified_gmt":"2017-07-21T11:51:44","slug":"kayamba-tshitshi-ndouba","status":"publish","type":"page","link":"https:\/\/cemyri.es\/es\/colaboradores\/kayamba-tshitshi-ndouba\/","title":{"rendered":"Kayamba Tshitshi Ndouba"},"content":{"rendered":"<p><strong>Profesor\/a, Doctor\/a, alumno\/a, otros:<\/strong>\u00a0Doctor en Derecho (\u00e1rea de conocimiento: derecho constitucional).<\/p>\n<p><strong>Departamento:<\/strong>\u00a0&#8211;<\/p>\n<p><strong>Facultad:<\/strong>\u00a0&#8211;<\/p>\n<p><strong>Universidad:<\/strong>Universidad Internacional de la Rioja<\/p>\n<p><strong>Linea(s) de investigaci\u00f3n:<\/strong>\u00a0Pol\u00edticas migratorias, teor\u00edas, modelos y procesos de integraci\u00f3n de los inmigrantes, perspectiva comparada.<\/p>\n<p><strong>Miembro del grupo de investigaci\u00f3n:<\/strong>\u00a0&#8211;<\/p>\n<p><strong>Correo electr\u00f3nico:<\/strong>\u00a0kayambat@gmail.com<\/p>\n<p><a href=\"https:\/\/www.researchgate.net\/profile\/Kayamba_Tshitshi_Ndouba\"><strong>Curr\u00ed<\/strong><strong>culum<\/strong><\/a><\/p>\n","protected":false},"excerpt":{"rendered":"<p>Profesor\/a, Doctor\/a, alumno\/a, otros:\u00a0Doctor en Derecho (\u00e1rea de conocimiento: derecho constitucional). Departamento:\u00a0&#8211; Facultad:\u00a0&#8211; Universidad:Universidad Internacional de la Rioja Linea(s) de investigaci\u00f3n:\u00a0Pol\u00edticas migratorias, teor\u00edas, modelos y procesos de integraci\u00f3n de los inmigrantes, perspectiva comparada. Miembro del grupo de investigaci\u00f3n:\u00a0&#8211; Correo electr\u00f3nico:\u00a0kayambat@gmail.com Curr\u00edculum<\/p>\n","protected":false},"author":2,"featured_media":0,"parent":35,"menu_order":0,"comment_status":"closed","ping_status":"closed","template":"","meta":{"footnotes":""},"class_list":["post-26098","page","type-page","status-publish","hentry"],"_links":{"self":[{"href":"https:\/\/cemyri.es\/es\/wp-json\/wp\/v2\/pages\/26098","targetHints":{"allow":["GET"]}}],"collection":[{"href":"https:\/\/cemyri.es\/es\/wp-json\/wp\/v2\/pages"}],"about":[{"href":"https:\/\/cemyri.es\/es\/wp-json\/wp\/v2\/types\/page"}],"author":[{"embeddable":true,"href":"https:\/\/cemyri.es\/es\/wp-json\/wp\/v2\/users\/2"}],"replies":[{"embeddable":true,"href":"https:\/\/cemyri.es\/es\/wp-json\/wp\/v2\/comments?post=26098"}],"version-history":[{"count":1,"href":"https:\/\/cemyri.es\/es\/wp-json\/wp\/v2\/pages\/26098\/revisions"}],"predecessor-version":[{"id":26099,"href":"https:\/\/cemyri.es\/es\/wp-json\/wp\/v2\/pages\/26098\/revisions\/26099"}],"up":[{"embeddable":true,"href":"https:\/\/cemyri.es\/es\/wp-json\/wp\/v2\/pages\/35"}],"wp:attachment":[{"href":"https:\/\/cemyri.es\/es\/wp-json\/wp\/v2\/media?parent=26098"}],"curies":[{"name":"wp","href":"https:\/\/api.w.org\/{rel}","templated":true}]}}