{"id":26110,"date":"2017-07-24T09:32:11","date_gmt":"2017-07-24T09:32:11","guid":{"rendered":"https:\/\/cemyri.es\/es\/?page_id=26110"},"modified":"2017-07-24T09:32:11","modified_gmt":"2017-07-24T09:32:11","slug":"luisa-cervantes-martinez","status":"publish","type":"page","link":"https:\/\/cemyri.es\/es\/doctores-colaboradores\/luisa-cervantes-martinez\/","title":{"rendered":"Luisa Cervantes Mart\u00ednez"},"content":{"rendered":"<p><strong>Profesor\/a, Doctor\/a, alumno\/a, otros:<\/strong> Doctorado en Ciencias Humanas y Sociales (RD99\/11)<\/p>\n<p><strong>Departamento:<\/strong>\u00a0&#8211;<\/p>\n<p><strong>Facultad:<\/strong>\u00a0&#8211;<\/p>\n<p><strong>Universidad:<\/strong>Universidad de\u00a0Almer\u00eda<\/p>\n<p><strong>Linea(s) de investigaci\u00f3n:<\/strong> Contacto intergrupal; Prejuicio; aculturaci\u00f3n; Integraci\u00f3n social de inmigrantes; Bibliotecas p\u00fablicas.<\/p>\n<p><strong>Miembro del grupo de investigaci\u00f3n:<\/strong> Estudios psicosociales y metodol\u00f3gicos.<\/p>\n<p><strong>Correo electr\u00f3nico:<\/strong> lcmartin@ual.es<\/p>\n<p><a href=\"https:\/\/www.researchgate.net\/profile\/Luisa_Cervantes3\"><strong>Curr\u00edculum<\/strong><\/a><\/p>\n","protected":false},"excerpt":{"rendered":"<p>Profesor\/a, Doctor\/a, alumno\/a, otros: Doctorado en Ciencias Humanas y Sociales (RD99\/11) Departamento:\u00a0&#8211; Facultad:\u00a0&#8211; Universidad:Universidad de\u00a0Almer\u00eda Linea(s) de investigaci\u00f3n: Contacto intergrupal; Prejuicio; aculturaci\u00f3n; Integraci\u00f3n social de inmigrantes; Bibliotecas p\u00fablicas. Miembro del grupo de investigaci\u00f3n: Estudios psicosociales y metodol\u00f3gicos. Correo electr\u00f3nico: lcmartin@ual.es Curr\u00edculum<\/p>\n","protected":false},"author":2,"featured_media":0,"parent":34,"menu_order":0,"comment_status":"closed","ping_status":"closed","template":"","meta":{"footnotes":""},"class_list":["post-26110","page","type-page","status-publish","hentry"],"_links":{"self":[{"href":"https:\/\/cemyri.es\/es\/wp-json\/wp\/v2\/pages\/26110","targetHints":{"allow":["GET"]}}],"collection":[{"href":"https:\/\/cemyri.es\/es\/wp-json\/wp\/v2\/pages"}],"about":[{"href":"https:\/\/cemyri.es\/es\/wp-json\/wp\/v2\/types\/page"}],"author":[{"embeddable":true,"href":"https:\/\/cemyri.es\/es\/wp-json\/wp\/v2\/users\/2"}],"replies":[{"embeddable":true,"href":"https:\/\/cemyri.es\/es\/wp-json\/wp\/v2\/comments?post=26110"}],"version-history":[{"count":1,"href":"https:\/\/cemyri.es\/es\/wp-json\/wp\/v2\/pages\/26110\/revisions"}],"predecessor-version":[{"id":26111,"href":"https:\/\/cemyri.es\/es\/wp-json\/wp\/v2\/pages\/26110\/revisions\/26111"}],"up":[{"embeddable":true,"href":"https:\/\/cemyri.es\/es\/wp-json\/wp\/v2\/pages\/34"}],"wp:attachment":[{"href":"https:\/\/cemyri.es\/es\/wp-json\/wp\/v2\/media?parent=26110"}],"curies":[{"name":"wp","href":"https:\/\/api.w.org\/{rel}","templated":true}]}}