{"id":26124,"date":"2017-07-24T09:48:11","date_gmt":"2017-07-24T09:48:11","guid":{"rendered":"https:\/\/cemyri.es\/es\/?page_id=26124"},"modified":"2017-07-24T09:48:11","modified_gmt":"2017-07-24T09:48:11","slug":"daniela-padua-arcos","status":"publish","type":"page","link":"https:\/\/cemyri.es\/es\/doctores-colaboradores\/daniela-padua-arcos\/","title":{"rendered":"Daniela Padua Arcos"},"content":{"rendered":"<p><strong>Departamento:<\/strong>\u00a0Did\u00e1ctica y Organizaci\u00f3n Escolar<\/p>\n<p><strong>Facultad:<\/strong>\u00a0Humanidades y Ciencias de la Educaci\u00f3n<\/p>\n<p><strong>Universidad:<\/strong> Almer\u00eda<\/p>\n<p><strong>L\u00edneas de Investigaci\u00f3n:<\/strong> Educaci\u00f3n<\/p>\n<p><strong>Grupo de Investigaci\u00f3n:\u00a0<\/strong><a href=\"http:\/\/www.hum619.uma.es\/index.htm\">HUM619\u00a0<\/a><\/p>\n<p><strong>Status:<\/strong> Investigadora adscrita<\/p>\n<p><strong>\u00a0Correo Electr\u00f3nico:<\/strong> <a href=\"mailto:dpadua@ual.es\">dpadua@ual.es<\/a><a href=\"mailto: eacien@ual.es\"><br \/>\n<\/a><\/p>\n<p><strong>Tel\u00e9fono:<\/strong>\u00a0950 015 369<\/p>\n<p><strong>Direcci\u00f3n de contacto:<\/strong> CEMyRI, Edificio de Servicios T\u00e9cnicos, Seg. Planta, Desp. 02.12.0, Universidad de Almer\u00eda<\/p>\n<p><a href=\"http:\/\/www.hum619.uma.es\/nely.htm\">Curr\u00edculum<\/a><\/p>\n","protected":false},"excerpt":{"rendered":"<p>Departamento:\u00a0Did\u00e1ctica y Organizaci\u00f3n Escolar Facultad:\u00a0Humanidades y Ciencias de la Educaci\u00f3n Universidad: Almer\u00eda L\u00edneas de Investigaci\u00f3n: Educaci\u00f3n Grupo de Investigaci\u00f3n:\u00a0HUM619\u00a0 Status: Investigadora adscrita \u00a0Correo Electr\u00f3nico: dpadua@ual.es Tel\u00e9fono:\u00a0950 015 369 Direcci\u00f3n de contacto: CEMyRI, Edificio de Servicios T\u00e9cnicos, Seg. Planta, Desp. 02.12.0, Universidad de Almer\u00eda Curr\u00edculum<\/p>\n","protected":false},"author":2,"featured_media":0,"parent":34,"menu_order":0,"comment_status":"closed","ping_status":"closed","template":"","meta":{"footnotes":""},"class_list":["post-26124","page","type-page","status-publish","hentry"],"_links":{"self":[{"href":"https:\/\/cemyri.es\/es\/wp-json\/wp\/v2\/pages\/26124","targetHints":{"allow":["GET"]}}],"collection":[{"href":"https:\/\/cemyri.es\/es\/wp-json\/wp\/v2\/pages"}],"about":[{"href":"https:\/\/cemyri.es\/es\/wp-json\/wp\/v2\/types\/page"}],"author":[{"embeddable":true,"href":"https:\/\/cemyri.es\/es\/wp-json\/wp\/v2\/users\/2"}],"replies":[{"embeddable":true,"href":"https:\/\/cemyri.es\/es\/wp-json\/wp\/v2\/comments?post=26124"}],"version-history":[{"count":1,"href":"https:\/\/cemyri.es\/es\/wp-json\/wp\/v2\/pages\/26124\/revisions"}],"predecessor-version":[{"id":26125,"href":"https:\/\/cemyri.es\/es\/wp-json\/wp\/v2\/pages\/26124\/revisions\/26125"}],"up":[{"embeddable":true,"href":"https:\/\/cemyri.es\/es\/wp-json\/wp\/v2\/pages\/34"}],"wp:attachment":[{"href":"https:\/\/cemyri.es\/es\/wp-json\/wp\/v2\/media?parent=26124"}],"curies":[{"name":"wp","href":"https:\/\/api.w.org\/{rel}","templated":true}]}}