{"id":26127,"date":"2017-07-24T09:51:58","date_gmt":"2017-07-24T09:51:58","guid":{"rendered":"https:\/\/cemyri.es\/es\/?page_id=26127"},"modified":"2017-07-24T09:51:58","modified_gmt":"2017-07-24T09:51:58","slug":"alexandra-ma-rios-marin","status":"publish","type":"page","link":"https:\/\/cemyri.es\/es\/doctores-colaboradores\/alexandra-ma-rios-marin\/","title":{"rendered":"Alexandra M\u00aa R\u00edos Mar\u00edn"},"content":{"rendered":"<p><strong>Departamento:<\/strong>\u00a0Geograf\u00eda,\u00a0Historia y\u00a0Humanidades.<\/p>\n<p><strong>Facultad:<\/strong> Humanidades<\/p>\n<p><strong>Universidad:<\/strong> Almer\u00eda<\/p>\n<p><strong>L\u00edneas de Investigaci\u00f3n:<\/strong>\u00a0Migraciones, G\u00e9nero, Salud, Salud mental, Desigualdades sociales y Trabajo sexual.<\/p>\n<p><strong>Grupo de investigaci\u00f3n:<\/strong>\u00a0Estudios Psicosociales y metodol\u00f3gicos (HUM 743)<\/p>\n<p><strong>Status:<\/strong>\u00a0Personal Colaborador<\/p>\n<p><strong>Correo Electr\u00f3nico:<\/strong>\u00a0alexriosmar@yahoo.es<\/p>\n<p><strong>Curr\u00edculum<\/strong><\/p>\n","protected":false},"excerpt":{"rendered":"<p>Departamento:\u00a0Geograf\u00eda,\u00a0Historia y\u00a0Humanidades. Facultad: Humanidades Universidad: Almer\u00eda L\u00edneas de Investigaci\u00f3n:\u00a0Migraciones, G\u00e9nero, Salud, Salud mental, Desigualdades sociales y Trabajo sexual. Grupo de investigaci\u00f3n:\u00a0Estudios Psicosociales y metodol\u00f3gicos (HUM 743) Status:\u00a0Personal Colaborador Correo Electr\u00f3nico:\u00a0alexriosmar@yahoo.es Curr\u00edculum<\/p>\n","protected":false},"author":2,"featured_media":0,"parent":34,"menu_order":0,"comment_status":"closed","ping_status":"closed","template":"","meta":{"footnotes":""},"class_list":["post-26127","page","type-page","status-publish","hentry"],"_links":{"self":[{"href":"https:\/\/cemyri.es\/es\/wp-json\/wp\/v2\/pages\/26127","targetHints":{"allow":["GET"]}}],"collection":[{"href":"https:\/\/cemyri.es\/es\/wp-json\/wp\/v2\/pages"}],"about":[{"href":"https:\/\/cemyri.es\/es\/wp-json\/wp\/v2\/types\/page"}],"author":[{"embeddable":true,"href":"https:\/\/cemyri.es\/es\/wp-json\/wp\/v2\/users\/2"}],"replies":[{"embeddable":true,"href":"https:\/\/cemyri.es\/es\/wp-json\/wp\/v2\/comments?post=26127"}],"version-history":[{"count":1,"href":"https:\/\/cemyri.es\/es\/wp-json\/wp\/v2\/pages\/26127\/revisions"}],"predecessor-version":[{"id":26128,"href":"https:\/\/cemyri.es\/es\/wp-json\/wp\/v2\/pages\/26127\/revisions\/26128"}],"up":[{"embeddable":true,"href":"https:\/\/cemyri.es\/es\/wp-json\/wp\/v2\/pages\/34"}],"wp:attachment":[{"href":"https:\/\/cemyri.es\/es\/wp-json\/wp\/v2\/media?parent=26127"}],"curies":[{"name":"wp","href":"https:\/\/api.w.org\/{rel}","templated":true}]}}