{"id":26144,"date":"2017-07-24T10:07:28","date_gmt":"2017-07-24T10:07:28","guid":{"rendered":"https:\/\/cemyri.es\/es\/?page_id=26144"},"modified":"2023-07-25T18:25:40","modified_gmt":"2023-07-25T18:25:40","slug":"luis-ortiz-jimenez","status":"publish","type":"page","link":"https:\/\/cemyri.es\/es\/investigadores-adscritos-titulares\/luis-ortiz-jimenez\/","title":{"rendered":"Luis Ortiz Jim\u00e9nez"},"content":{"rendered":"<p><strong>Departamento:<\/strong> Educaci\u00f3n<\/p>\n<p><strong>\u00c1rea:<\/strong>\u00a0Did\u00e1ctica y Organizaci\u00f3n Escolar<\/p>\n<p><strong>Universidad:<\/strong> Almer\u00eda<\/p>\n<p><strong>L\u00edneas de Investigaci\u00f3n:<\/strong>\u00a0Inclusi\u00f3n y estrategias de aprendizaje<\/p>\n<p><strong>Grupo de Investigaci\u00f3n:<\/strong> <a href=\"http:\/\/cvirtual.ual.es\/webual\/jsp\/investigacion\/nuevo\/pInicio.jsp?id_grupo=HUM782\">HUM782<\/a><a href=\"http:\/\/www.lasc.es\/\" target=\"_blank\" rel=\"noopener\"><br \/>\n<\/a><\/p>\n<p><strong>Status:<\/strong> Doctor investigador colaborador<\/p>\n<p><strong>\u00a0Correo Electr\u00f3nico:<\/strong>\u00a0lortizj@ual.es<\/p>\n<p><strong>Tel\u00e9fono:<\/strong>\u00a0950 014 069<\/p>\n<p><strong>Direcci\u00f3n de contacto:<\/strong> CEMyRI, Edificio de Servicios T\u00e9cnicos, Seg. Planta, Desp. 02.12.0, Universidad de Almer\u00eda<\/p>\n<p><a href=\"http:\/\/issuu.com\/cemyri\/docs\/cv_luis_ortiz\">Curr\u00edculum<\/a><\/p>\n","protected":false},"excerpt":{"rendered":"<p>Departamento: Educaci\u00f3n \u00c1rea:\u00a0Did\u00e1ctica y Organizaci\u00f3n Escolar Universidad: Almer\u00eda L\u00edneas de Investigaci\u00f3n:\u00a0Inclusi\u00f3n y estrategias de aprendizaje Grupo de Investigaci\u00f3n: HUM782 Status: Doctor investigador colaborador \u00a0Correo Electr\u00f3nico:\u00a0lortizj@ual.es Tel\u00e9fono:\u00a0950 014 069 Direcci\u00f3n de contacto: CEMyRI, Edificio de Servicios T\u00e9cnicos, Seg. Planta, Desp. 02.12.0, Universidad de Almer\u00eda Curr\u00edculum<\/p>\n","protected":false},"author":2,"featured_media":25356,"parent":33,"menu_order":0,"comment_status":"closed","ping_status":"closed","template":"","meta":{"footnotes":""},"class_list":["post-26144","page","type-page","status-publish","has-post-thumbnail","hentry"],"_links":{"self":[{"href":"https:\/\/cemyri.es\/es\/wp-json\/wp\/v2\/pages\/26144","targetHints":{"allow":["GET"]}}],"collection":[{"href":"https:\/\/cemyri.es\/es\/wp-json\/wp\/v2\/pages"}],"about":[{"href":"https:\/\/cemyri.es\/es\/wp-json\/wp\/v2\/types\/page"}],"author":[{"embeddable":true,"href":"https:\/\/cemyri.es\/es\/wp-json\/wp\/v2\/users\/2"}],"replies":[{"embeddable":true,"href":"https:\/\/cemyri.es\/es\/wp-json\/wp\/v2\/comments?post=26144"}],"version-history":[{"count":2,"href":"https:\/\/cemyri.es\/es\/wp-json\/wp\/v2\/pages\/26144\/revisions"}],"predecessor-version":[{"id":27812,"href":"https:\/\/cemyri.es\/es\/wp-json\/wp\/v2\/pages\/26144\/revisions\/27812"}],"up":[{"embeddable":true,"href":"https:\/\/cemyri.es\/es\/wp-json\/wp\/v2\/pages\/33"}],"wp:featuredmedia":[{"embeddable":true,"href":"https:\/\/cemyri.es\/es\/wp-json\/wp\/v2\/media\/25356"}],"wp:attachment":[{"href":"https:\/\/cemyri.es\/es\/wp-json\/wp\/v2\/media?parent=26144"}],"curies":[{"name":"wp","href":"https:\/\/api.w.org\/{rel}","templated":true}]}}