{"id":26159,"date":"2017-07-24T10:32:20","date_gmt":"2017-07-24T10:32:20","guid":{"rendered":"https:\/\/cemyri.es\/es\/?page_id=26159"},"modified":"2023-07-25T18:31:44","modified_gmt":"2023-07-25T18:31:44","slug":"dra-sharon-weinblum-2","status":"publish","type":"page","link":"https:\/\/cemyri.es\/es\/investigadores-visitantes\/dra-sharon-weinblum-2\/","title":{"rendered":"Dra. Sharon Weinblum"},"content":{"rendered":"<p><strong>Departamento:<\/strong>\u00a0Dpto. de Ciencias Pol\u00edticas<\/p>\n<p><strong>Universidad:<\/strong>\u00a0Universit\u00e9 libre de Bruxelles<\/p>\n<p><strong>L\u00edneas de Investigaci\u00f3n:<\/strong>\u00a0Border and migration management in the South of Spain<\/p>\n<p><strong>Grupo de Investigaci\u00f3n:<\/strong> Centre d&#8217;\u00e9tude de la vie politique (CEVIPOL)<\/p>\n<p><strong>Status:<\/strong>\u00a0FNRS Postdoctoral fellow; Associate Fellow<\/p>\n<p><strong>Per\u00edodo\u00a0de estancia en el CEMyRI:<\/strong> Del 23\/11\/2015 al 31\/12\/2015<\/p>\n<p><strong>Correo Electr\u00f3nico:<\/strong>\u00a0sharon.weinblum@gmail.com<\/p>\n<p><strong><a href=\"http:\/\/ulb.academia.edu\/SharonWeinblum\">Curr\u00edculum.\u00a0<\/a><\/strong><\/p>\n","protected":false},"excerpt":{"rendered":"<p>Departamento:\u00a0Dpto. de Ciencias Pol\u00edticas Universidad:\u00a0Universit\u00e9 libre de Bruxelles L\u00edneas de Investigaci\u00f3n:\u00a0Border and migration management in the South of Spain Grupo de Investigaci\u00f3n: Centre d&#8217;\u00e9tude de la vie politique (CEVIPOL) Status:\u00a0FNRS Postdoctoral fellow; Associate Fellow Per\u00edodo\u00a0de estancia en el CEMyRI: Del 23\/11\/2015 al 31\/12\/2015 Correo Electr\u00f3nico:\u00a0sharon.weinblum@gmail.com Curr\u00edculum.\u00a0<\/p>\n","protected":false},"author":2,"featured_media":25391,"parent":24423,"menu_order":0,"comment_status":"closed","ping_status":"closed","template":"","meta":{"footnotes":""},"class_list":["post-26159","page","type-page","status-publish","has-post-thumbnail","hentry"],"_links":{"self":[{"href":"https:\/\/cemyri.es\/es\/wp-json\/wp\/v2\/pages\/26159","targetHints":{"allow":["GET"]}}],"collection":[{"href":"https:\/\/cemyri.es\/es\/wp-json\/wp\/v2\/pages"}],"about":[{"href":"https:\/\/cemyri.es\/es\/wp-json\/wp\/v2\/types\/page"}],"author":[{"embeddable":true,"href":"https:\/\/cemyri.es\/es\/wp-json\/wp\/v2\/users\/2"}],"replies":[{"embeddable":true,"href":"https:\/\/cemyri.es\/es\/wp-json\/wp\/v2\/comments?post=26159"}],"version-history":[{"count":2,"href":"https:\/\/cemyri.es\/es\/wp-json\/wp\/v2\/pages\/26159\/revisions"}],"predecessor-version":[{"id":27829,"href":"https:\/\/cemyri.es\/es\/wp-json\/wp\/v2\/pages\/26159\/revisions\/27829"}],"up":[{"embeddable":true,"href":"https:\/\/cemyri.es\/es\/wp-json\/wp\/v2\/pages\/24423"}],"wp:featuredmedia":[{"embeddable":true,"href":"https:\/\/cemyri.es\/es\/wp-json\/wp\/v2\/media\/25391"}],"wp:attachment":[{"href":"https:\/\/cemyri.es\/es\/wp-json\/wp\/v2\/media?parent=26159"}],"curies":[{"name":"wp","href":"https:\/\/api.w.org\/{rel}","templated":true}]}}