{"id":26164,"date":"2017-07-24T10:42:14","date_gmt":"2017-07-24T10:42:14","guid":{"rendered":"https:\/\/cemyri.es\/es\/?page_id=26164"},"modified":"2017-07-24T10:42:14","modified_gmt":"2017-07-24T10:42:14","slug":"juan-carlos-checa-olmos","status":"publish","type":"page","link":"https:\/\/cemyri.es\/es\/tesis-doctorales\/juan-carlos-checa-olmos\/","title":{"rendered":"Juan Carlos Checa Olmos"},"content":{"rendered":"<p><strong>Nombre de la tesis: <\/strong>LA DIFERENCIACI\u00d3N RESIDENCIAL DE LOS INMIGRADOS EN ALMER\u00cdA. EL CASO DE ROQUETAS DE MAR<\/p>\n<p><strong>Grupo de Investigaci\u00f3n:<\/strong>\u00a0SEJ-419<\/p>\n<p><strong>Fecha de lectura:<\/strong>\u00a002\/7\/2004<\/p>\n<p><strong>N\u00ba de referencia:<\/strong>\u00a0&#8211;<\/p>\n<p><strong>Director\/a: <\/strong>GONZALO HERRANZ DE RAFAEL<\/p>\n<p><strong>Calificaci\u00f3n:<\/strong>\u00a0Sobresaliente \u00abCum Laude\u00bb<\/p>\n<p><strong>Departamento:<\/strong> Historia, geograf\u00eda e historia del arte<\/p>\n<p><strong>Facultad:<\/strong> Humanidades<\/p>\n<p><strong>Universidad:<\/strong> Almer\u00eda<\/p>\n<p><strong>Correo Electr\u00f3nico:\u00a0<\/strong>jcheca@ual.es<\/p>\n<p><a href=\"https:\/\/www.educacion.gob.es\/teseo\/mostrarSeleccion.do\"><strong>Enlace a web<\/strong><\/a><\/p>\n","protected":false},"excerpt":{"rendered":"<p>Nombre de la tesis: LA DIFERENCIACI\u00d3N RESIDENCIAL DE LOS INMIGRADOS EN ALMER\u00cdA. EL CASO DE ROQUETAS DE MAR Grupo de Investigaci\u00f3n:\u00a0SEJ-419 Fecha de lectura:\u00a002\/7\/2004 N\u00ba de referencia:\u00a0&#8211; Director\/a: GONZALO HERRANZ DE RAFAEL Calificaci\u00f3n:\u00a0Sobresaliente \u00abCum Laude\u00bb Departamento: Historia, geograf\u00eda e historia del arte Facultad: Humanidades Universidad: Almer\u00eda Correo Electr\u00f3nico:\u00a0jcheca@ual.es Enlace a web<\/p>\n","protected":false},"author":2,"featured_media":0,"parent":24425,"menu_order":0,"comment_status":"closed","ping_status":"closed","template":"","meta":{"footnotes":""},"class_list":["post-26164","page","type-page","status-publish","hentry"],"_links":{"self":[{"href":"https:\/\/cemyri.es\/es\/wp-json\/wp\/v2\/pages\/26164","targetHints":{"allow":["GET"]}}],"collection":[{"href":"https:\/\/cemyri.es\/es\/wp-json\/wp\/v2\/pages"}],"about":[{"href":"https:\/\/cemyri.es\/es\/wp-json\/wp\/v2\/types\/page"}],"author":[{"embeddable":true,"href":"https:\/\/cemyri.es\/es\/wp-json\/wp\/v2\/users\/2"}],"replies":[{"embeddable":true,"href":"https:\/\/cemyri.es\/es\/wp-json\/wp\/v2\/comments?post=26164"}],"version-history":[{"count":1,"href":"https:\/\/cemyri.es\/es\/wp-json\/wp\/v2\/pages\/26164\/revisions"}],"predecessor-version":[{"id":26165,"href":"https:\/\/cemyri.es\/es\/wp-json\/wp\/v2\/pages\/26164\/revisions\/26165"}],"up":[{"embeddable":true,"href":"https:\/\/cemyri.es\/es\/wp-json\/wp\/v2\/pages\/24425"}],"wp:attachment":[{"href":"https:\/\/cemyri.es\/es\/wp-json\/wp\/v2\/media?parent=26164"}],"curies":[{"name":"wp","href":"https:\/\/api.w.org\/{rel}","templated":true}]}}