{"id":26167,"date":"2017-07-24T10:45:37","date_gmt":"2017-07-24T10:45:37","guid":{"rendered":"https:\/\/cemyri.es\/es\/?page_id=26167"},"modified":"2017-07-24T10:46:28","modified_gmt":"2017-07-24T10:46:28","slug":"maria-isabel-gutierrez-izquierdo","status":"publish","type":"page","link":"https:\/\/cemyri.es\/es\/tesis-doctorales\/maria-isabel-gutierrez-izquierdo\/","title":{"rendered":"Mar\u00eda Isabel Guti\u00e9rrez Izquierdo"},"content":{"rendered":"<p><strong>Nombre de la tesis:\u00a0<\/strong>ALIMENTACI\u00d3N DE LOS INMIGRANTES MARROQU\u00cdES\u00a0EN ALMER\u00cdA: ASPECTOS NUTRICIONALES, CULTURALES Y TRADICIONES CULINARIAS.<\/p>\n<p><strong>Grupo de Investigaci\u00f3n:<\/strong>\u00a0HUM-472<\/p>\n<p><strong>Fecha de lectura:<\/strong>\u00a03\/10\/2006<\/p>\n<p><strong>N\u00ba de referencia:<\/strong>\u00a0&#8211;<\/p>\n<p><strong>Director\/a: <\/strong>Francisco Checa Olmos y<strong>\u00a0<\/strong>Mar\u00eda Luisa Fern\u00e1ndez Soto.<\/p>\n<p><strong>Calificaci\u00f3n:<\/strong>\u00a0Sobresaliente \u00abCum Laude\u00bb<\/p>\n<p><strong>Departamento:<\/strong>\u00a0Ciencias Humanas y Sociales<\/p>\n<p><strong>Facultad:<\/strong> Humanidades<\/p>\n<p><strong>Universidad:<\/strong> Almer\u00eda<\/p>\n<p><strong>Correo Electr\u00f3nico: <\/strong>igizqui@ual.es<\/p>\n<p><strong>Enlace a web<\/strong><\/p>\n","protected":false},"excerpt":{"rendered":"<p>Nombre de la tesis:\u00a0ALIMENTACI\u00d3N DE LOS INMIGRANTES MARROQU\u00cdES\u00a0EN ALMER\u00cdA: ASPECTOS NUTRICIONALES, CULTURALES Y TRADICIONES CULINARIAS. Grupo de Investigaci\u00f3n:\u00a0HUM-472 Fecha de lectura:\u00a03\/10\/2006 N\u00ba de referencia:\u00a0&#8211; Director\/a: Francisco Checa Olmos y\u00a0Mar\u00eda Luisa Fern\u00e1ndez Soto. Calificaci\u00f3n:\u00a0Sobresaliente \u00abCum Laude\u00bb Departamento:\u00a0Ciencias Humanas y Sociales Facultad: Humanidades Universidad: Almer\u00eda Correo Electr\u00f3nico: igizqui@ual.es Enlace a web<\/p>\n","protected":false},"author":2,"featured_media":0,"parent":24425,"menu_order":0,"comment_status":"closed","ping_status":"closed","template":"","meta":{"footnotes":""},"class_list":["post-26167","page","type-page","status-publish","hentry"],"_links":{"self":[{"href":"https:\/\/cemyri.es\/es\/wp-json\/wp\/v2\/pages\/26167","targetHints":{"allow":["GET"]}}],"collection":[{"href":"https:\/\/cemyri.es\/es\/wp-json\/wp\/v2\/pages"}],"about":[{"href":"https:\/\/cemyri.es\/es\/wp-json\/wp\/v2\/types\/page"}],"author":[{"embeddable":true,"href":"https:\/\/cemyri.es\/es\/wp-json\/wp\/v2\/users\/2"}],"replies":[{"embeddable":true,"href":"https:\/\/cemyri.es\/es\/wp-json\/wp\/v2\/comments?post=26167"}],"version-history":[{"count":1,"href":"https:\/\/cemyri.es\/es\/wp-json\/wp\/v2\/pages\/26167\/revisions"}],"predecessor-version":[{"id":26168,"href":"https:\/\/cemyri.es\/es\/wp-json\/wp\/v2\/pages\/26167\/revisions\/26168"}],"up":[{"embeddable":true,"href":"https:\/\/cemyri.es\/es\/wp-json\/wp\/v2\/pages\/24425"}],"wp:attachment":[{"href":"https:\/\/cemyri.es\/es\/wp-json\/wp\/v2\/media?parent=26167"}],"curies":[{"name":"wp","href":"https:\/\/api.w.org\/{rel}","templated":true}]}}