{"id":26169,"date":"2017-07-24T10:47:13","date_gmt":"2017-07-24T10:47:13","guid":{"rendered":"https:\/\/cemyri.es\/es\/?page_id=26169"},"modified":"2017-07-24T10:47:13","modified_gmt":"2017-07-24T10:47:13","slug":"pedro-luis-ibanez-allera","status":"publish","type":"page","link":"https:\/\/cemyri.es\/es\/tesis-doctorales\/pedro-luis-ibanez-allera\/","title":{"rendered":"Pedro Luis Ib\u00e1\u00f1ez Allera"},"content":{"rendered":"<p><strong>Nombre de la tesis:\u00a0<\/strong>ASPECTOS SOCIOESTRUCTURALES DE LOS ITINERARIOS TERAP\u00c9UTICOS DE LA LOCURA DE LOS INMIGRANTES SENEGALESES EN ALMER\u00cdA.<\/p>\n<p><strong>Grupo de Investigaci\u00f3n:<\/strong>\u00a0&#8211;<\/p>\n<p><strong>Fecha de lectura:<\/strong> 15\/07\/2016<\/p>\n<p><strong>N\u00ba de referencia:<\/strong>\u00a0&#8211;<\/p>\n<p><strong>Director\/a: <\/strong>\u00a0Francisco Checa Olmos<\/p>\n<p><strong>Calificaci\u00f3n:<\/strong>\u00a0Sobresaliente \u00abCum Laude\u00bb<\/p>\n<p><strong>Departamento:<\/strong>\u00a0Geograf\u00eda Historia y Humanidades<\/p>\n<p><strong>Facultad:<\/strong> Humanidades<\/p>\n<p><strong>Universidad:<\/strong> Almer\u00eda<\/p>\n<p><strong>Correo Electr\u00f3nico: &#8211;<\/strong><\/p>\n<p><a href=\"https:\/\/www.educacion.gob.es\/teseo\/mostrarSeleccion.do\"><strong>Enlace a web<\/strong><\/a><\/p>\n","protected":false},"excerpt":{"rendered":"<p>Nombre de la tesis:\u00a0ASPECTOS SOCIOESTRUCTURALES DE LOS ITINERARIOS TERAP\u00c9UTICOS DE LA LOCURA DE LOS INMIGRANTES SENEGALESES EN ALMER\u00cdA. Grupo de Investigaci\u00f3n:\u00a0&#8211; Fecha de lectura: 15\/07\/2016 N\u00ba de referencia:\u00a0&#8211; Director\/a: \u00a0Francisco Checa Olmos Calificaci\u00f3n:\u00a0Sobresaliente \u00abCum Laude\u00bb Departamento:\u00a0Geograf\u00eda Historia y Humanidades Facultad: Humanidades Universidad: Almer\u00eda Correo Electr\u00f3nico: &#8211; Enlace a web<\/p>\n","protected":false},"author":2,"featured_media":0,"parent":24425,"menu_order":0,"comment_status":"closed","ping_status":"closed","template":"","meta":{"footnotes":""},"class_list":["post-26169","page","type-page","status-publish","hentry"],"_links":{"self":[{"href":"https:\/\/cemyri.es\/es\/wp-json\/wp\/v2\/pages\/26169","targetHints":{"allow":["GET"]}}],"collection":[{"href":"https:\/\/cemyri.es\/es\/wp-json\/wp\/v2\/pages"}],"about":[{"href":"https:\/\/cemyri.es\/es\/wp-json\/wp\/v2\/types\/page"}],"author":[{"embeddable":true,"href":"https:\/\/cemyri.es\/es\/wp-json\/wp\/v2\/users\/2"}],"replies":[{"embeddable":true,"href":"https:\/\/cemyri.es\/es\/wp-json\/wp\/v2\/comments?post=26169"}],"version-history":[{"count":1,"href":"https:\/\/cemyri.es\/es\/wp-json\/wp\/v2\/pages\/26169\/revisions"}],"predecessor-version":[{"id":26170,"href":"https:\/\/cemyri.es\/es\/wp-json\/wp\/v2\/pages\/26169\/revisions\/26170"}],"up":[{"embeddable":true,"href":"https:\/\/cemyri.es\/es\/wp-json\/wp\/v2\/pages\/24425"}],"wp:attachment":[{"href":"https:\/\/cemyri.es\/es\/wp-json\/wp\/v2\/media?parent=26169"}],"curies":[{"name":"wp","href":"https:\/\/api.w.org\/{rel}","templated":true}]}}