{"id":26171,"date":"2017-07-24T10:48:49","date_gmt":"2017-07-24T10:48:49","guid":{"rendered":"https:\/\/cemyri.es\/es\/?page_id=26171"},"modified":"2017-07-24T10:48:49","modified_gmt":"2017-07-24T10:48:49","slug":"maria-isabel-oliver-reche","status":"publish","type":"page","link":"https:\/\/cemyri.es\/es\/tesis-doctorales\/maria-isabel-oliver-reche\/","title":{"rendered":"Mar\u00eda Isabel Oliver Reche"},"content":{"rendered":"<p><strong>Nombre de la tesis:\u00a0<\/strong>CALIDAD DE LA ATENCI\u00d3N SANITARIA DURANTE EL EMBARAZO Y PARTO EN MUJERES INMIGRADAS EN LA PROVINCIA DE ALMER\u00cdA.<\/p>\n<p><strong>Grupo de Investigaci\u00f3n:<\/strong>\u00a0HUM-472<\/p>\n<p><strong>Fecha de lectura:<\/strong>\u00a014\/12\/2009<\/p>\n<p><strong>N\u00ba de referencia: <\/strong>634<\/p>\n<p><strong>Director\/a: <\/strong>\u00a0Francisco Checa Olmos y Gabriel Fiol Ruiz<\/p>\n<p><strong>Calificaci\u00f3n:<\/strong>\u00a0Sobresaliente \u00abCum Laude\u00bb<\/p>\n<p><strong>Departamento:<\/strong>\u00a0Ciencias Humanas y Sociales<\/p>\n<p><strong>Facultad:<\/strong> Humanidades<\/p>\n<p><strong>Universidad:<\/strong> Almer\u00eda<\/p>\n<p><strong>Correo Electr\u00f3nico: &#8211;<\/strong><\/p>\n<p><a href=\"http:\/\/cms.ual.es\/UAL\/estudios\/doctorado\/tesis\/tesisdoctoral\/DOCTORADO8713?plan=8603&amp;anyo=2009-10&amp;exp_numord=5&amp;tes_codnum=1&amp;idioma=es\"><strong>Enlace a web<\/strong><\/a><\/p>\n","protected":false},"excerpt":{"rendered":"<p>Nombre de la tesis:\u00a0CALIDAD DE LA ATENCI\u00d3N SANITARIA DURANTE EL EMBARAZO Y PARTO EN MUJERES INMIGRADAS EN LA PROVINCIA DE ALMER\u00cdA. Grupo de Investigaci\u00f3n:\u00a0HUM-472 Fecha de lectura:\u00a014\/12\/2009 N\u00ba de referencia: 634 Director\/a: \u00a0Francisco Checa Olmos y Gabriel Fiol Ruiz Calificaci\u00f3n:\u00a0Sobresaliente \u00abCum Laude\u00bb Departamento:\u00a0Ciencias Humanas y Sociales Facultad: Humanidades Universidad: Almer\u00eda Correo Electr\u00f3nico: &#8211; Enlace a&#8230;<\/p>\n","protected":false},"author":2,"featured_media":0,"parent":24425,"menu_order":0,"comment_status":"closed","ping_status":"closed","template":"","meta":{"footnotes":""},"class_list":["post-26171","page","type-page","status-publish","hentry"],"_links":{"self":[{"href":"https:\/\/cemyri.es\/es\/wp-json\/wp\/v2\/pages\/26171","targetHints":{"allow":["GET"]}}],"collection":[{"href":"https:\/\/cemyri.es\/es\/wp-json\/wp\/v2\/pages"}],"about":[{"href":"https:\/\/cemyri.es\/es\/wp-json\/wp\/v2\/types\/page"}],"author":[{"embeddable":true,"href":"https:\/\/cemyri.es\/es\/wp-json\/wp\/v2\/users\/2"}],"replies":[{"embeddable":true,"href":"https:\/\/cemyri.es\/es\/wp-json\/wp\/v2\/comments?post=26171"}],"version-history":[{"count":1,"href":"https:\/\/cemyri.es\/es\/wp-json\/wp\/v2\/pages\/26171\/revisions"}],"predecessor-version":[{"id":26172,"href":"https:\/\/cemyri.es\/es\/wp-json\/wp\/v2\/pages\/26171\/revisions\/26172"}],"up":[{"embeddable":true,"href":"https:\/\/cemyri.es\/es\/wp-json\/wp\/v2\/pages\/24425"}],"wp:attachment":[{"href":"https:\/\/cemyri.es\/es\/wp-json\/wp\/v2\/media?parent=26171"}],"curies":[{"name":"wp","href":"https:\/\/api.w.org\/{rel}","templated":true}]}}