{"id":26173,"date":"2017-07-24T10:49:47","date_gmt":"2017-07-24T10:49:47","guid":{"rendered":"https:\/\/cemyri.es\/es\/?page_id=26173"},"modified":"2017-07-24T10:50:04","modified_gmt":"2017-07-24T10:50:04","slug":"valentin-a-santander-ramirez","status":"publish","type":"page","link":"https:\/\/cemyri.es\/es\/tesis-doctorales\/valentin-a-santander-ramirez\/","title":{"rendered":"Valent\u00edn A. Santander Ram\u00edrez"},"content":{"rendered":"<p><strong>Nombre de la tesis:\u00a0<\/strong>LA DIMENSI\u00d3N AFECTIVA DE LA COMPETENCIA COMUNICATIVA INTERCULTURAL EN ESTUDIANTES Y PROFESORES UNIVERSITARIOS EN CHILE.<\/p>\n<p><strong>Grupo de Investigaci\u00f3n:<\/strong>\u00a0&#8211;<\/p>\n<p><strong>Fecha de lectura:<\/strong>\u00a004\/04\/2016<\/p>\n<p><strong>N\u00ba de referencia:\u00a0<\/strong>1086<\/p>\n<p><strong>Director\/a: <\/strong>\u00a0Francisco Checa Olmos y \u00a0Susan Sanhueza Henr\u00edquez<\/p>\n<p><strong>Calificaci\u00f3n:<\/strong>\u00a0Sobresaliente \u00abCum Laude\u00bb<\/p>\n<p><strong>Departamento:<\/strong>\u00a0Geograf\u00eda, Historia y Humanidades<\/p>\n<p><strong>Facultad:<\/strong> Humanidades<\/p>\n<p><strong>Universidad:<\/strong> Almer\u00eda<\/p>\n<p><strong>Correo Electr\u00f3nico:\u00a0<\/strong>vsantand@ucm.cl<\/p>\n<p><a href=\"http:\/\/cms.ual.es\/UAL\/estudios\/doctorado\/tesis\/tesisdoctoral\/DOCTORADO8907?plan=8907&amp;anyo=2015-16&amp;exp_numord=147&amp;tes_codnum=1&amp;idioma=es\"><strong>Enlace a web<\/strong><\/a><\/p>\n","protected":false},"excerpt":{"rendered":"<p>Nombre de la tesis:\u00a0LA DIMENSI\u00d3N AFECTIVA DE LA COMPETENCIA COMUNICATIVA INTERCULTURAL EN ESTUDIANTES Y PROFESORES UNIVERSITARIOS EN CHILE. Grupo de Investigaci\u00f3n:\u00a0&#8211; Fecha de lectura:\u00a004\/04\/2016 N\u00ba de referencia:\u00a01086 Director\/a: \u00a0Francisco Checa Olmos y \u00a0Susan Sanhueza Henr\u00edquez Calificaci\u00f3n:\u00a0Sobresaliente \u00abCum Laude\u00bb Departamento:\u00a0Geograf\u00eda, Historia y Humanidades Facultad: Humanidades Universidad: Almer\u00eda Correo Electr\u00f3nico:\u00a0vsantand@ucm.cl Enlace a web<\/p>\n","protected":false},"author":2,"featured_media":0,"parent":24425,"menu_order":0,"comment_status":"closed","ping_status":"closed","template":"","meta":{"footnotes":""},"class_list":["post-26173","page","type-page","status-publish","hentry"],"_links":{"self":[{"href":"https:\/\/cemyri.es\/es\/wp-json\/wp\/v2\/pages\/26173","targetHints":{"allow":["GET"]}}],"collection":[{"href":"https:\/\/cemyri.es\/es\/wp-json\/wp\/v2\/pages"}],"about":[{"href":"https:\/\/cemyri.es\/es\/wp-json\/wp\/v2\/types\/page"}],"author":[{"embeddable":true,"href":"https:\/\/cemyri.es\/es\/wp-json\/wp\/v2\/users\/2"}],"replies":[{"embeddable":true,"href":"https:\/\/cemyri.es\/es\/wp-json\/wp\/v2\/comments?post=26173"}],"version-history":[{"count":1,"href":"https:\/\/cemyri.es\/es\/wp-json\/wp\/v2\/pages\/26173\/revisions"}],"predecessor-version":[{"id":26174,"href":"https:\/\/cemyri.es\/es\/wp-json\/wp\/v2\/pages\/26173\/revisions\/26174"}],"up":[{"embeddable":true,"href":"https:\/\/cemyri.es\/es\/wp-json\/wp\/v2\/pages\/24425"}],"wp:attachment":[{"href":"https:\/\/cemyri.es\/es\/wp-json\/wp\/v2\/media?parent=26173"}],"curies":[{"name":"wp","href":"https:\/\/api.w.org\/{rel}","templated":true}]}}