{"id":26193,"date":"2017-07-24T15:22:51","date_gmt":"2017-07-24T15:22:51","guid":{"rendered":"https:\/\/cemyri.es\/es\/?page_id=26193"},"modified":"2017-07-24T15:28:44","modified_gmt":"2017-07-24T15:28:44","slug":"nueva","status":"publish","type":"page","link":"https:\/\/cemyri.es\/es\/nueva\/","title":{"rendered":"Servicios a entidades p\u00fablicas"},"content":{"rendered":"<blockquote class=\"wp-embedded-content\" data-secret=\"Sf26IwFcNc\"><p><a href=\"https:\/\/cemyri.es\/es\/servicios-a-entidades-publicas-estatales-autonomicas-provinciales-y-locales\/formacion\/\">Formaci\u00f3n<\/a><\/p><\/blockquote>\n<p><iframe loading=\"lazy\" class=\"wp-embedded-content\" sandbox=\"allow-scripts\" security=\"restricted\" style=\"position: absolute; clip: rect(1px, 1px, 1px, 1px);\" title=\"\u00abFormaci\u00f3n\u00bb \u2014 CEMyRI\" src=\"https:\/\/cemyri.es\/es\/servicios-a-entidades-publicas-estatales-autonomicas-provinciales-y-locales\/formacion\/embed\/#?secret=nfIvc7x0zY#?secret=Sf26IwFcNc\" data-secret=\"Sf26IwFcNc\" width=\"600\" height=\"338\" frameborder=\"0\" marginwidth=\"0\" marginheight=\"0\" scrolling=\"no\"><\/iframe><\/p>\n<blockquote class=\"wp-embedded-content\" data-secret=\"3BIWo25WtK\"><p><a href=\"https:\/\/cemyri.es\/es\/servicios-a-entidades-publicas-estatales-autonomicas-provinciales-y-locales\/investigacion\/\">Investigaci\u00f3n<\/a><\/p><\/blockquote>\n<p><iframe loading=\"lazy\" class=\"wp-embedded-content\" sandbox=\"allow-scripts\" security=\"restricted\" style=\"position: absolute; clip: rect(1px, 1px, 1px, 1px);\" title=\"\u00abInvestigaci\u00f3n\u00bb \u2014 CEMyRI\" src=\"https:\/\/cemyri.es\/es\/servicios-a-entidades-publicas-estatales-autonomicas-provinciales-y-locales\/investigacion\/embed\/#?secret=OBID31DfeH#?secret=3BIWo25WtK\" data-secret=\"3BIWo25WtK\" width=\"600\" height=\"338\" frameborder=\"0\" marginwidth=\"0\" marginheight=\"0\" scrolling=\"no\"><\/iframe><\/p>\n<blockquote class=\"wp-embedded-content\" data-secret=\"sHAxJiZclZ\"><p><a href=\"https:\/\/cemyri.es\/es\/servicios-a-entidades-publicas-estatales-autonomicas-provinciales-y-locales\/consultoria-y-asesoria\/\">Consultor\u00eda y asesor\u00eda<\/a><\/p><\/blockquote>\n<p><iframe loading=\"lazy\" class=\"wp-embedded-content\" sandbox=\"allow-scripts\" security=\"restricted\" style=\"position: absolute; clip: rect(1px, 1px, 1px, 1px);\" title=\"\u00abConsultor\u00eda y asesor\u00eda\u00bb \u2014 CEMyRI\" src=\"https:\/\/cemyri.es\/es\/servicios-a-entidades-publicas-estatales-autonomicas-provinciales-y-locales\/consultoria-y-asesoria\/embed\/#?secret=xOtZeczLrL#?secret=sHAxJiZclZ\" data-secret=\"sHAxJiZclZ\" width=\"600\" height=\"338\" frameborder=\"0\" marginwidth=\"0\" marginheight=\"0\" scrolling=\"no\"><\/iframe><\/p>\n","protected":false},"excerpt":{"rendered":"<p>Formaci\u00f3n Investigaci\u00f3n Consultor\u00eda y asesor\u00eda<\/p>\n","protected":false},"author":2,"featured_media":0,"parent":0,"menu_order":0,"comment_status":"closed","ping_status":"closed","template":"","meta":{"footnotes":""},"class_list":["post-26193","page","type-page","status-publish","hentry"],"_links":{"self":[{"href":"https:\/\/cemyri.es\/es\/wp-json\/wp\/v2\/pages\/26193","targetHints":{"allow":["GET"]}}],"collection":[{"href":"https:\/\/cemyri.es\/es\/wp-json\/wp\/v2\/pages"}],"about":[{"href":"https:\/\/cemyri.es\/es\/wp-json\/wp\/v2\/types\/page"}],"author":[{"embeddable":true,"href":"https:\/\/cemyri.es\/es\/wp-json\/wp\/v2\/users\/2"}],"replies":[{"embeddable":true,"href":"https:\/\/cemyri.es\/es\/wp-json\/wp\/v2\/comments?post=26193"}],"version-history":[{"count":4,"href":"https:\/\/cemyri.es\/es\/wp-json\/wp\/v2\/pages\/26193\/revisions"}],"predecessor-version":[{"id":26199,"href":"https:\/\/cemyri.es\/es\/wp-json\/wp\/v2\/pages\/26193\/revisions\/26199"}],"wp:attachment":[{"href":"https:\/\/cemyri.es\/es\/wp-json\/wp\/v2\/media?parent=26193"}],"curies":[{"name":"wp","href":"https:\/\/api.w.org\/{rel}","templated":true}]}}