{"id":26233,"date":"2017-11-17T10:03:58","date_gmt":"2017-11-17T10:03:58","guid":{"rendered":"https:\/\/cemyri.es\/es\/?page_id=26233"},"modified":"2017-11-17T10:04:27","modified_gmt":"2017-11-17T10:04:27","slug":"26233-2","status":"publish","type":"page","link":"https:\/\/cemyri.es\/es\/26233-2\/","title":{"rendered":"Iba\u00f1ez Allera, Pedro Luis"},"content":{"rendered":"<hr \/>\n<p><strong>Doctorado: <\/strong>Doctorado en Ciencias Humanas y Sociales (RD99\/11)<\/p>\n<p><strong>T\u00edtulo: <\/strong>Aspectos socioestructurales de los itinerarios terap\u00e9uticos de la locura de los inmigrantes senegales de Almer\u00eda.<\/p>\n<p><strong>Universidad:<\/strong> Almer\u00eda<\/p>\n<p><strong>L\u00edneas de Investigaci\u00f3n:\u00a0<\/strong><\/p>\n<p><strong>Grupo de Investigaci\u00f3n:\u00a0<\/strong><\/p>\n<p><strong> Correo Electr\u00f3nico:\u00a0<\/strong><\/p>\n<p><strong>Curr\u00edculum<\/strong><\/p>\n","protected":false},"excerpt":{"rendered":"<p>Doctorado: Doctorado en Ciencias Humanas y Sociales (RD99\/11) T\u00edtulo: Aspectos socioestructurales de los itinerarios terap\u00e9uticos de la locura de los inmigrantes senegales de Almer\u00eda. Universidad: Almer\u00eda L\u00edneas de Investigaci\u00f3n:\u00a0 Grupo de Investigaci\u00f3n:\u00a0 Correo Electr\u00f3nico:\u00a0 Curr\u00edculum<\/p>\n","protected":false},"author":2,"featured_media":0,"parent":0,"menu_order":0,"comment_status":"closed","ping_status":"closed","template":"","meta":{"footnotes":""},"class_list":["post-26233","page","type-page","status-publish","hentry"],"_links":{"self":[{"href":"https:\/\/cemyri.es\/es\/wp-json\/wp\/v2\/pages\/26233","targetHints":{"allow":["GET"]}}],"collection":[{"href":"https:\/\/cemyri.es\/es\/wp-json\/wp\/v2\/pages"}],"about":[{"href":"https:\/\/cemyri.es\/es\/wp-json\/wp\/v2\/types\/page"}],"author":[{"embeddable":true,"href":"https:\/\/cemyri.es\/es\/wp-json\/wp\/v2\/users\/2"}],"replies":[{"embeddable":true,"href":"https:\/\/cemyri.es\/es\/wp-json\/wp\/v2\/comments?post=26233"}],"version-history":[{"count":2,"href":"https:\/\/cemyri.es\/es\/wp-json\/wp\/v2\/pages\/26233\/revisions"}],"predecessor-version":[{"id":26235,"href":"https:\/\/cemyri.es\/es\/wp-json\/wp\/v2\/pages\/26233\/revisions\/26235"}],"wp:attachment":[{"href":"https:\/\/cemyri.es\/es\/wp-json\/wp\/v2\/media?parent=26233"}],"curies":[{"name":"wp","href":"https:\/\/api.w.org\/{rel}","templated":true}]}}